{"id":11877,"date":"2020-09-12T10:41:33","date_gmt":"2020-09-12T08:41:33","guid":{"rendered":"https:\/\/www.anjaberan.de\/?post_type=product&#038;p=11877"},"modified":"2023-01-29T18:52:29","modified_gmt":"2023-01-29T17:52:29","slug":"bookazin-reitkultur-11","status":"publish","type":"product","link":"https:\/\/www.anjaberan.de\/en\/produkt\/bookazin-reitkultur-11","title":{"rendered":"Bookazin ReitKultur 11"},"content":{"rendered":"<h2>Das Bookazin der klassischen Reitweisen<\/h2>\n<h1>ReitKultur Nr. 11 \u2013 Sind Seiteng\u00e4nge Segen oder Schwungkiller?<\/h1>\n<h3>Aus dem Inhalt<\/h3>\n<p class=\"ff-haboro-norm-bold\">06 Pl\u00e4doyer<\/p>\n<p>Warum Seiteng\u00e4nge pr\u00e4zise Kunst sind<\/p>\n<p>.\u2026und nichts, was das Pferd von sich aus spielerisch in der Natur zeigt, beschreibt Colonel Christian Carde, ehemaliger \u00c9cuyer en Chef in der franz\u00f6sischen Elite-Reitschule, dem Cadre Noir in Saumur. Doch er pl\u00e4diert auch daf\u00fcr, diese Kunst zu lernen und mit Respekt anzuwenden.<\/p>\n<p class=\"ff-haboro-norm-bold\">16 10 FAQs<\/p>\n<p>\u2026zu echten Seiteng\u00e4ngen statt eitler Show<\/p>\n<p>Was haben Stellung und Schwung mit Seiteng\u00e4ngen zu tun? Ziemlich viel, wenn man sich an die klassische Reitvorschrift h\u00e4lt, sein Pferd korrekt ausbildet und Seiteng\u00e4nge nicht nur zum Selbstzweck reitet. Gert Schwabl von Gordon und Bianca Rieskamp.<\/p>\n<p class=\"ff-haboro-norm-bold\">20 Mein Weg, meine Meister<\/p>\n<p>Eine Schatzkiste voller Seiteng\u00e4nge<\/p>\n<p>Aus ihrer Bibliothek sch\u00f6pft die Klassikausbilderin und Sitzexpertin Sibylle Wiemer teils kontroverses Meisterwissen, gleicht es t\u00e4glich mit der Praxis ab und f\u00fcllt so seit vier Jahr-zehnten ihre Schatzkiste wertvoller Aha-Erlebnisse. Speziell bei den Seiteng\u00e4ngen l\u00e4sst sie uns an der Evolution ihrer pers\u00f6nlichen Erfahrungen im Lernen und Lehren teilhaben<\/p>\n<p class=\"ff-haboro-norm-bold\">28 Klassik im B\u00fccherschrank<\/p>\n<p>Der Ausbilder, der das Aspirin erfand<\/p>\n<p>Kein anderer Spruch wurde so ber\u00fchmt wie das Bild vom Schulterherein als Aspirin der Reitkunst, das alles heilt. Vielleicht trug es auch zur Ber\u00fchmtheit seines Urhebers bei, Reitmeister Nuno Oliveira. Warum verord-net er Pferden Schulterherein &amp; Co.?<\/p>\n<p class=\"ff-haboro-norm-bold\">34 Analyse<\/p>\n<p>Seiteng\u00e4nge sind Schl\u00fcssel und Geschenk<\/p>\n<p>.\u2026um ein Pferd klassisch auszubilden: Sie gymnastizieren den K\u00f6rper und machen es dem Pferd m\u00f6glich, den Anweisungen des Reiters zu folgen. Doch sie werden heute oft verkannt, kritisiert Anja Beran \u2013 weil sie teils falsch angewandt werden und weil viele nichts \u00fcber ihre umfassende, sogar physiotherapeutische Wirkung wissen.<\/p>\n<p class=\"ff-haboro-norm-bold\">44 Biografie<\/p>\n<p>Fr\u00e4ulein Elkes Gesp\u00fcr f\u00fcr Spagate<\/p>\n<p>Bei Egon von Neindorff lernt Elke Potucek-Puscha elf Jahre lang, schlauer zu sein als das Pferd \u2013 der Reitmeister schweigt und sat-telt die passenden Herausforderungen f\u00fcr sie. Selbst Corona setzt der Klassiktrainerin kei-ne Grenzen: Ein Roboter filmt ihre Sch\u00fcler beim Reitunterricht aus dem Homeoffice.<\/p>\n<p class=\"ff-haboro-norm-bold\">56 Weitblick<\/p>\n<p>3 moderne Mythen und 3 Klassiker \u2013 \u00fcber Chancen, Risiken, Anwendung der Seiteng\u00e4nge<\/p>\n<p>Soziale Medien wie Facebook sind ein Tummelplatz f\u00fcr Fehlannahmen \u00fcber das Reiten. Dagmar Ciolek stellte fest, dass sich um die Seiteng\u00e4nge diverse Irrt\u00fcmer zu wahren Mythen verselbstst\u00e4ndigt haben. Sie setzt bew\u00e4hrtes Wissen von Steinbrecht, Seunig und Podhajsky dagegen.<\/p>\n<p class=\"ff-haboro-norm-bold\">62 ReitKultur trifft Therapie<\/p>\n<p>So stabilisieren wir Pferde gegen die Schwerkraft<\/p>\n<p>F\u00fcr gesunde Pferde sind Seiteng\u00e4nge eine koordinative H\u00f6chstleistung, bei der sich der K\u00f6rper an die Herausforderung anpasst. Beim schw\u00e4cheren Pferd besteht Gefahr, dass es die hohe Belastung nicht kompensieren kann, sondern erm\u00fcdet und blockiert. Der Bewegungsexperte Stefan Stammer warnt deshalb vor \u00dcberforderung.<\/p>\n<p class=\"ff-haboro-norm-bold\">70 Reit-Praxis<\/p>\n<p>Seiteng\u00e4nge, der Sitz und ein St\u00fcck Butter<\/p>\n<p>Ohne Schulterherein, Kruppeherein und ihre Konterlektionen kein gerades, versammeltes und gesundes Reitpferd. Andrea Lipp baut Seiteng\u00e4nge deshalb getreu der Wiener Lehre gleich nach der Remontenschule ein. Ihr Appell: Reitet Seiteng\u00e4nge nicht in Ehrfurcht verkrampft, denn dank innerer Bilder sind sie leichter, als ihr denkt!<\/p>\n<p class=\"ff-haboro-norm-bold\">78 Meister-Klasse<\/p>\n<p>Als Schulterherein noch Winckel hie\u00df<\/p>\n<p>Die barocken Meister nutzten in der Reitbahn die Seiteng\u00e4nge \u2013 angefangen bei einer Lektion namens Canton oder Winckel, die als Arkanum, als Geheimmittel verschrieben wurde. Doch der Alchimist, der sie erfand, hie\u00df nicht Gu\u00e9rini\u00e8re, sondern Giovanni Battista Conte di Galiberto.<\/p>\n<p class=\"ff-haboro-norm-bold\">84 Alte Meister, forsche Geiste<\/p>\n<p>Beh\u00e4nde vom Nahkampf zur Reitkunst<\/p>\n<p>Als Reiten noch kein Freizeitvergn\u00fcgen war, z\u00e4hlten Seiteng\u00e4nge zu den Man\u00f6vern des Kampfes, machten Pferde geschickt und wendig. Reitmeister seit dem Duke of Newcastle griffen diesen Einsatzzweck auf, verfeinerten ihn \u2013 und heute l\u00e4sst die Akademische Reitkunst ihn aufleben. Julika Tabertshofer geht auf Spurensuche.<\/p>\n<p class=\"ff-haboro-norm-bold\">92 Die gro\u00dfen Klassik-Coaches<\/p>\n<p>Was w\u00fcrden alte Meister sagen, wenn\u2026<\/p>\n<p>\u2026sie modernen Reitern in die Seiteng\u00e4nge helfen m\u00fcssten? Anna Eichinger hat recherchiert, dass diese erhabenen Lektionen \u2013 unter Bewahrung der Schubkraft \u2013 zum p\u00e4dagogischen Meisterkonzept geh\u00f6rten wie Ruhe und Besonnenheit, die Ausbildung des Vorw\u00e4rts und die Verbesserung der Tragkraft.<\/p>\n<p class=\"ff-haboro-norm-bold\">98 Kolumne \u201eBerans Kultur-Botschaft\u201c<\/p>\n<p>Nachhaltig reiten im Seitengang<\/p>\n<p>Wenn Traversalen auf Turnierpl\u00e4tzen heu-te mit Schwebephasen statt echter Versamm-lung daherkommen, schrillen bei Anja Beran die Alarmglocken. Sie fordert: Taucht in den gymnastischen Wert der Lektionen ein, statt euch von spektakul\u00e4rem Kreuzen und schnellem Profit blenden zu lassen.<\/p>\n","protected":false},"excerpt":{"rendered":"<p>Bookazin ReitKultur Nr. 11 \u2013 Sind Seiteng\u00e4nge Segen oder Schwungkiller?<\/p>\n","protected":false},"featured_media":11663,"comment_status":"open","ping_status":"closed","template":"","meta":{"_acf_changed":false},"product_cat":[73],"product_tag":[309,98,97,113,100,96,627,618],"class_list":{"0":"post-11877","1":"product","2":"type-product","3":"status-publish","4":"has-post-thumbnail","6":"product_cat-anja-beran-buecher","7":"product_tag-anja-beran","8":"product_tag-dressur","9":"product_tag-klassische-dressur","10":"product_tag-pferdeausbildung","11":"product_tag-reitkunst","12":"product_tag-reitlehre","13":"product_tag-seitengaenge","14":"product_tag-weiterbildung","16":"first","17":"outofstock","18":"taxable","19":"shipping-taxable","20":"purchasable","21":"product-type-simple"},"acf":[],"yoast_head":"<!-- This site is optimized with the Yoast SEO plugin v27.6 - https:\/\/yoast.com\/product\/yoast-seo-wordpress\/ -->\n<title>Bookazin ReitKultur 11 - Anja Beran<\/title>\n<meta name=\"robots\" content=\"index, follow, max-snippet:-1, max-image-preview:large, max-video-preview:-1\" \/>\n<link rel=\"canonical\" href=\"https:\/\/www.anjaberan.de\/produkt\/bookazin-reitkultur-11\" \/>\n<meta property=\"og:locale\" content=\"en_US\" \/>\n<meta property=\"og:type\" content=\"article\" \/>\n<meta property=\"og:title\" content=\"Bookazin ReitKultur 11 - Anja Beran\" \/>\n<meta property=\"og:description\" content=\"Bookazin ReitKultur Nr. 11 \u2013 Sind Seiteng\u00e4nge Segen oder Schwungkiller?\" \/>\n<meta property=\"og:url\" content=\"https:\/\/www.anjaberan.de\/produkt\/bookazin-reitkultur-11\" \/>\n<meta property=\"og:site_name\" content=\"Anja Beran\" \/>\n<meta property=\"article:modified_time\" content=\"2023-01-29T17:52:29+00:00\" \/>\n<meta property=\"og:image\" content=\"https:\/\/www.anjaberan.de\/wp-content\/uploads\/2018\/01\/beran-reitkultur-seitengaenge-11-1.jpg\" \/>\n\t<meta property=\"og:image:width\" content=\"850\" \/>\n\t<meta property=\"og:image:height\" content=\"1067\" \/>\n\t<meta property=\"og:image:type\" content=\"image\/jpeg\" \/>\n<meta name=\"twitter:card\" content=\"summary_large_image\" \/>\n<meta name=\"twitter:label1\" content=\"Est. reading time\" \/>\n\t<meta name=\"twitter:data1\" content=\"4 minutes\" \/>\n<script type=\"application\/ld+json\" class=\"yoast-schema-graph\">{\"@context\":\"https:\\\/\\\/schema.org\",\"@graph\":[{\"@type\":\"WebPage\",\"@id\":\"https:\\\/\\\/www.anjaberan.de\\\/produkt\\\/bookazin-reitkultur-11\",\"url\":\"https:\\\/\\\/www.anjaberan.de\\\/produkt\\\/bookazin-reitkultur-11\",\"name\":\"Bookazin ReitKultur 11 - Anja Beran\",\"isPartOf\":{\"@id\":\"https:\\\/\\\/www.anjaberan.de\\\/#website\"},\"primaryImageOfPage\":{\"@id\":\"https:\\\/\\\/www.anjaberan.de\\\/produkt\\\/bookazin-reitkultur-11#primaryimage\"},\"image\":{\"@id\":\"https:\\\/\\\/www.anjaberan.de\\\/produkt\\\/bookazin-reitkultur-11#primaryimage\"},\"thumbnailUrl\":\"https:\\\/\\\/www.anjaberan.de\\\/wp-content\\\/uploads\\\/2018\\\/01\\\/beran-reitkultur-seitengaenge-11-1.jpg\",\"datePublished\":\"2020-09-12T08:41:33+00:00\",\"dateModified\":\"2023-01-29T17:52:29+00:00\",\"breadcrumb\":{\"@id\":\"https:\\\/\\\/www.anjaberan.de\\\/produkt\\\/bookazin-reitkultur-11#breadcrumb\"},\"inLanguage\":\"en-US\",\"potentialAction\":[{\"@type\":\"ReadAction\",\"target\":[\"https:\\\/\\\/www.anjaberan.de\\\/produkt\\\/bookazin-reitkultur-11\"]}]},{\"@type\":\"ImageObject\",\"inLanguage\":\"en-US\",\"@id\":\"https:\\\/\\\/www.anjaberan.de\\\/produkt\\\/bookazin-reitkultur-11#primaryimage\",\"url\":\"https:\\\/\\\/www.anjaberan.de\\\/wp-content\\\/uploads\\\/2018\\\/01\\\/beran-reitkultur-seitengaenge-11-1.jpg\",\"contentUrl\":\"https:\\\/\\\/www.anjaberan.de\\\/wp-content\\\/uploads\\\/2018\\\/01\\\/beran-reitkultur-seitengaenge-11-1.jpg\",\"width\":850,\"height\":1067},{\"@type\":\"BreadcrumbList\",\"@id\":\"https:\\\/\\\/www.anjaberan.de\\\/produkt\\\/bookazin-reitkultur-11#breadcrumb\",\"itemListElement\":[{\"@type\":\"ListItem\",\"position\":1,\"name\":\"Startseite\",\"item\":\"https:\\\/\\\/www.anjaberan.de\\\/en\"},{\"@type\":\"ListItem\",\"position\":2,\"name\":\"Shop\",\"item\":\"https:\\\/\\\/www.anjaberan.de\\\/en\\\/shop\"},{\"@type\":\"ListItem\",\"position\":3,\"name\":\"Bookazin ReitKultur 11\"}]},{\"@type\":\"WebSite\",\"@id\":\"https:\\\/\\\/www.anjaberan.de\\\/#website\",\"url\":\"https:\\\/\\\/www.anjaberan.de\\\/\",\"name\":\"Anja Beran\",\"description\":\"\",\"potentialAction\":[{\"@type\":\"SearchAction\",\"target\":{\"@type\":\"EntryPoint\",\"urlTemplate\":\"https:\\\/\\\/www.anjaberan.de\\\/?s={search_term_string}\"},\"query-input\":{\"@type\":\"PropertyValueSpecification\",\"valueRequired\":true,\"valueName\":\"search_term_string\"}}],\"inLanguage\":\"en-US\"}]}<\/script>\n<!-- \/ Yoast SEO plugin. -->","yoast_head_json":{"title":"Bookazin ReitKultur 11 - Anja Beran","robots":{"index":"index","follow":"follow","max-snippet":"max-snippet:-1","max-image-preview":"max-image-preview:large","max-video-preview":"max-video-preview:-1"},"canonical":"https:\/\/www.anjaberan.de\/produkt\/bookazin-reitkultur-11","og_locale":"en_US","og_type":"article","og_title":"Bookazin ReitKultur 11 - Anja Beran","og_description":"Bookazin ReitKultur Nr. 11 \u2013 Sind Seiteng\u00e4nge Segen oder Schwungkiller?","og_url":"https:\/\/www.anjaberan.de\/produkt\/bookazin-reitkultur-11","og_site_name":"Anja Beran","article_modified_time":"2023-01-29T17:52:29+00:00","og_image":[{"width":850,"height":1067,"url":"https:\/\/www.anjaberan.de\/wp-content\/uploads\/2018\/01\/beran-reitkultur-seitengaenge-11-1.jpg","type":"image\/jpeg"}],"twitter_card":"summary_large_image","twitter_misc":{"Est. reading time":"4 minutes"},"schema":{"@context":"https:\/\/schema.org","@graph":[{"@type":"WebPage","@id":"https:\/\/www.anjaberan.de\/produkt\/bookazin-reitkultur-11","url":"https:\/\/www.anjaberan.de\/produkt\/bookazin-reitkultur-11","name":"Bookazin ReitKultur 11 - Anja Beran","isPartOf":{"@id":"https:\/\/www.anjaberan.de\/#website"},"primaryImageOfPage":{"@id":"https:\/\/www.anjaberan.de\/produkt\/bookazin-reitkultur-11#primaryimage"},"image":{"@id":"https:\/\/www.anjaberan.de\/produkt\/bookazin-reitkultur-11#primaryimage"},"thumbnailUrl":"https:\/\/www.anjaberan.de\/wp-content\/uploads\/2018\/01\/beran-reitkultur-seitengaenge-11-1.jpg","datePublished":"2020-09-12T08:41:33+00:00","dateModified":"2023-01-29T17:52:29+00:00","breadcrumb":{"@id":"https:\/\/www.anjaberan.de\/produkt\/bookazin-reitkultur-11#breadcrumb"},"inLanguage":"en-US","potentialAction":[{"@type":"ReadAction","target":["https:\/\/www.anjaberan.de\/produkt\/bookazin-reitkultur-11"]}]},{"@type":"ImageObject","inLanguage":"en-US","@id":"https:\/\/www.anjaberan.de\/produkt\/bookazin-reitkultur-11#primaryimage","url":"https:\/\/www.anjaberan.de\/wp-content\/uploads\/2018\/01\/beran-reitkultur-seitengaenge-11-1.jpg","contentUrl":"https:\/\/www.anjaberan.de\/wp-content\/uploads\/2018\/01\/beran-reitkultur-seitengaenge-11-1.jpg","width":850,"height":1067},{"@type":"BreadcrumbList","@id":"https:\/\/www.anjaberan.de\/produkt\/bookazin-reitkultur-11#breadcrumb","itemListElement":[{"@type":"ListItem","position":1,"name":"Startseite","item":"https:\/\/www.anjaberan.de\/en"},{"@type":"ListItem","position":2,"name":"Shop","item":"https:\/\/www.anjaberan.de\/en\/shop"},{"@type":"ListItem","position":3,"name":"Bookazin ReitKultur 11"}]},{"@type":"WebSite","@id":"https:\/\/www.anjaberan.de\/#website","url":"https:\/\/www.anjaberan.de\/","name":"Anja Beran","description":"","potentialAction":[{"@type":"SearchAction","target":{"@type":"EntryPoint","urlTemplate":"https:\/\/www.anjaberan.de\/?s={search_term_string}"},"query-input":{"@type":"PropertyValueSpecification","valueRequired":true,"valueName":"search_term_string"}}],"inLanguage":"en-US"}]}},"_links":{"self":[{"href":"https:\/\/www.anjaberan.de\/en\/wp-json\/wp\/v2\/product\/11877","targetHints":{"allow":["GET"]}}],"collection":[{"href":"https:\/\/www.anjaberan.de\/en\/wp-json\/wp\/v2\/product"}],"about":[{"href":"https:\/\/www.anjaberan.de\/en\/wp-json\/wp\/v2\/types\/product"}],"replies":[{"embeddable":true,"href":"https:\/\/www.anjaberan.de\/en\/wp-json\/wp\/v2\/comments?post=11877"}],"wp:featuredmedia":[{"embeddable":true,"href":"https:\/\/www.anjaberan.de\/en\/wp-json\/wp\/v2\/media\/11663"}],"wp:attachment":[{"href":"https:\/\/www.anjaberan.de\/en\/wp-json\/wp\/v2\/media?parent=11877"}],"wp:term":[{"taxonomy":"product_cat","embeddable":true,"href":"https:\/\/www.anjaberan.de\/en\/wp-json\/wp\/v2\/product_cat?post=11877"},{"taxonomy":"product_tag","embeddable":true,"href":"https:\/\/www.anjaberan.de\/en\/wp-json\/wp\/v2\/product_tag?post=11877"}],"curies":[{"name":"wp","href":"https:\/\/api.w.org\/{rel}","templated":true}]}}