{"id":11880,"date":"2020-09-12T10:47:55","date_gmt":"2020-09-12T08:47:55","guid":{"rendered":"https:\/\/www.anjaberan.de\/?post_type=product&#038;p=11880"},"modified":"2023-01-29T18:52:21","modified_gmt":"2023-01-29T17:52:21","slug":"bookazin-reitkultur-08","status":"publish","type":"product","link":"https:\/\/www.anjaberan.de\/en\/produkt\/bookazin-reitkultur-08","title":{"rendered":"Bookazin ReitKultur 08"},"content":{"rendered":"<h2>Das Bookazin der klassischen Reitweisen<\/h2>\n<h1>ReitKultur Nr. 08 \u2013 Besser Reiten durch Vorbilder<\/h1>\n<h3>Aus dem Inhalt<\/h3>\n<p class=\"ff-haboro-norm-bold\">8 ReitKultur live<\/p>\n<p>An die S\u00e4bel, auf die Pferde!<\/p>\n<p>Rossfechten reloaded: Die alte Reitkunst lebt im th\u00fcringischen Lauchr\u00f6den weiter. Ritter Arne Koets hat dort ein Zentrum f\u00fcr historische Reiterei aufgebaut und eifert mit seinen Mitstreitern gro\u00dfen Meistern nach. Claudia Nachtwey traf das Fechtervolk.<\/p>\n<p><span class=\"ff-haboro-norm-bold\">14 Pl\u00e4doyer<\/span><\/p>\n<p>Von Scharlatanen und wahren Vorbildern<\/p>\n<p>Vorbilder gab es in der Reiterei zu allen Zeiten \u2013 fragw\u00fcrdige und strahlende. Manche pr\u00e4gten den Reitstil vieler Generationen. Dorothee Baumann-Pellny pl\u00e4diert dabei f\u00fcr eine gute Balance zwischen Verg\u00f6tterung, Zweifel und Realit\u00e4tssinn.<\/p>\n<p><span class=\"ff-haboro-norm-bold\">20 Biographie<\/span><\/p>\n<p>Lernen von Legenden und Lebendigem<\/p>\n<p>H\u00e4ngt sie h\u00f6her! An die Wand mit ihnen! Bei Vorzeigeausbilder Marius Schneider h\u00e4ngen die Meistervorbilder an der Wand, direkt neben modernen Videokameras. So verliert er sie nie aus den Augen \u2013 und kann sie t\u00e4glich mit seinem eigenen Bild<\/p>\n<p><span class=\"ff-haboro-norm-bold\">28 10 FAQs<\/span><\/p>\n<p>\u2026zu den Vorbildern fr\u00fcher und heute<\/p>\n<p>Fr\u00fcher war mehr Lametta, sagte Loriot so sch\u00f6n vergangenheitsselig. Hat der gro\u00dfe deutsche Komiker auch recht, wenn es um reiterliche Vorbilder geht? Bianca Rieskamp und ihr Lehrer Gert Schwabl von Gordon gehen dieser Frage auf den<\/p>\n<p><span class=\"ff-haboro-norm-bold\">32 Klassik im B\u00fccherschrank<\/span><\/p>\n<p>600 Jahre Reit- und Stallmeister: Wer lernte von wem?<\/p>\n<p>Auf der Suche nach Vorbildern streifen wir Werke von Xenophon, Gu\u00e9rini\u00e8re, H\u00fcners-dorf, von Oettingen, Pluvinel und Baucher. Wer hat wen ausgebildet und inspiriert? Und wie gehen wir heute mit unseren Vorbildern um, fragt sich Sibylle Wiemer<\/p>\n<p><span class=\"ff-haboro-norm-bold\">38 Weitblick<\/span><\/p>\n<p>In gro\u00dfen Fu\u00dfstapfen<\/p>\n<p>Fl\u00fcster-Gurus und Wichtigtuer, Rollkur- und Schlaufz\u00fcgelreiter: Wie findet man in diesem Dickicht seinen Weg zum Vorreiter und bewahrt die klassischen Ideale? Ingrid Klimke, Richard Hinrichs und Kurd Albrecht von Ziegner geben Antworten.<\/p>\n<p><span class=\"ff-haboro-norm-bold\">48 Interview<\/span><\/p>\n<p>\u201eHolt die Idole vom Podest\u201c<\/p>\n<p>Der Psychologe Dr. Dr. Herbert M\u00fcck beschreibt im Interview mit Chefredakteurin Christine Felsinger, warum Vorbilder nicht perfekt sein d\u00fcrfen<\/p>\n<p><span class=\"ff-haboro-norm-bold\">50 Meisterklasse<\/span><\/p>\n<p>Das verkannte Genie der Wiener Hofreitschule<\/p>\n<p>Aufrecht und aufrichtig \u2013 so war Karl Mikolka im Leben und im Sattel. Ein Portr\u00e4t von Werner Poscharnigg.<\/p>\n<p><span class=\"ff-haboro-norm-bold\">54 Meisterlehre<\/span><\/p>\n<p>Gibt es die Klassik als Vorbild der Reitkunst?<\/p>\n<p>Und was bedeutet \u201eklassisches Reiten\u201c \u00fcber-haupt? Der Begriff ist heute inflation\u00e4r und viele Ausbilder berufen sich auf den klassischen Ansatz \u2013 obwohl sie teils recht unterschiedlich arbeiten und reiten. Christian Carde, Chefbereiter Cadre Noir<\/p>\n<p><span class=\"ff-haboro-norm-bold\">64 Kolumne \u201cKlassisch gesund reiten\u201d<\/span><\/p>\n<p>Zerrbild oder Vorbild?<\/p>\n<p>Dr. Kathrin Kienapfel studiert seit Jahren die Entwicklung auf den Abreitepl\u00e4tzen und streitet mit den Stewards f\u00fcr eine pferdegerechte Kopf-Hals-Haltung. Hier sind ihre aktuellen Beobachtungen.<\/p>\n<p><span class=\"ff-haboro-norm-bold\">68 Psycholgie<\/span><\/p>\n<p>\u201eIch will lieber Anker sein als Vorbild\u201c<\/p>\n<p>Johannes Beck-Broichsitter \u00fcber die Reiter, die uns im Leben am tiefsten pr\u00e4gen \u2013 und \u00fcber B\u00fcrde und Chance, mit gro\u00dfen Vorbildern aufzuwachsen.<\/p>\n<p><span class=\"ff-haboro-norm-bold\">74 Reit-Praxis<\/span><\/p>\n<p>Besser reiten durch beobachten: Wie das Gehirn mit Bewegung umgeht<\/p>\n<p>Die Heldenritte von Ingrid Klimke oder Uta Gr\u00e4f live auf dem Sofa erleben \u2013 das geht mit Videos der Idole bequemer als je zuvor. Profitiert unser eigenes K\u00f6nnen im Sattel davon?, fragt sich Isabelle von Neumann-Cosel.<\/p>\n<p><span class=\"ff-haboro-norm-bold\">84 Serie<\/span><\/p>\n<p>Individuell ausbilden \u2013 5 Fallstudien<\/p>\n<p>Das Pferd weist den Weg: Cara \u2013 vom mutlosen zum stolzen Spanier<\/p>\n<p>Fall-Studie 3 widmen wir Bent Branderups Vorbildern und ihrem Einfluss auf den anfangs gar nicht vorbildlichen PRE-Hengst Cara.<\/p>\n<p><span class=\"ff-haboro-norm-bold\">92 Die gro\u00dfen Klassik-Coaches<\/span><\/p>\n<p>Was w\u00fcrden alte Meister sagen, wenn\u2026<\/p>\n<p>\u2026sie damals gewusst h\u00e4tten, dass sie heute die gr\u00f6\u00dften Mentoren aller Zeiten sind? Und warum k\u00e4mpften sie manchmal mit ihren eigenen Vorbildern?<\/p>\n<p class=\"ff-haboro-norm-bold\">98 Kolumne \u201eBerans Kultur-Botschaft\u201c<\/p>\n<p>Vorsicht, Verkl\u00e4rungsgefahr<\/p>\n<p>Wie man sich vor der \u00dcbermacht des Vorbilds sch\u00fctzt<\/p>\n","protected":false},"excerpt":{"rendered":"<p>ReitKultur Nr. 08 \u2013 Besser Reiten durch Vorbilder<\/p>\n","protected":false},"featured_media":11882,"comment_status":"open","ping_status":"closed","template":"","meta":{"_acf_changed":false},"product_cat":[73],"product_tag":[309,98,97,113,100,96,628,618],"class_list":{"0":"post-11880","1":"product","2":"type-product","3":"status-publish","4":"has-post-thumbnail","6":"product_cat-anja-beran-buecher","7":"product_tag-anja-beran","8":"product_tag-dressur","9":"product_tag-klassische-dressur","10":"product_tag-pferdeausbildung","11":"product_tag-reitkunst","12":"product_tag-reitlehre","13":"product_tag-vorbilder","14":"product_tag-weiterbildung","16":"first","17":"outofstock","18":"taxable","19":"shipping-taxable","20":"purchasable","21":"product-type-simple"},"acf":[],"yoast_head":"<!-- This site is optimized with the Yoast SEO plugin v27.4 - https:\/\/yoast.com\/product\/yoast-seo-wordpress\/ -->\n<title>Bookazin ReitKultur 08 - Anja Beran<\/title>\n<meta name=\"robots\" content=\"index, follow, max-snippet:-1, max-image-preview:large, max-video-preview:-1\" \/>\n<link rel=\"canonical\" href=\"https:\/\/www.anjaberan.de\/produkt\/bookazin-reitkultur-08\" \/>\n<meta property=\"og:locale\" content=\"en_US\" \/>\n<meta property=\"og:type\" content=\"article\" \/>\n<meta property=\"og:title\" content=\"Bookazin ReitKultur 08 - Anja Beran\" \/>\n<meta property=\"og:description\" content=\"ReitKultur Nr. 08 \u2013 Besser Reiten durch Vorbilder\" \/>\n<meta property=\"og:url\" content=\"https:\/\/www.anjaberan.de\/produkt\/bookazin-reitkultur-08\" \/>\n<meta property=\"og:site_name\" content=\"Anja Beran\" \/>\n<meta property=\"article:modified_time\" content=\"2023-01-29T17:52:21+00:00\" \/>\n<meta property=\"og:image\" content=\"https:\/\/www.anjaberan.de\/wp-content\/uploads\/2020\/09\/beran-reitkultur-vorbilder-08.jpg\" \/>\n\t<meta property=\"og:image:width\" content=\"597\" \/>\n\t<meta property=\"og:image:height\" content=\"750\" \/>\n\t<meta property=\"og:image:type\" content=\"image\/jpeg\" \/>\n<meta name=\"twitter:card\" content=\"summary_large_image\" \/>\n<meta name=\"twitter:label1\" content=\"Est. reading time\" \/>\n\t<meta name=\"twitter:data1\" content=\"3 minutes\" \/>\n<script type=\"application\/ld+json\" class=\"yoast-schema-graph\">{\"@context\":\"https:\\\/\\\/schema.org\",\"@graph\":[{\"@type\":\"WebPage\",\"@id\":\"https:\\\/\\\/www.anjaberan.de\\\/produkt\\\/bookazin-reitkultur-08\",\"url\":\"https:\\\/\\\/www.anjaberan.de\\\/produkt\\\/bookazin-reitkultur-08\",\"name\":\"Bookazin ReitKultur 08 - Anja Beran\",\"isPartOf\":{\"@id\":\"https:\\\/\\\/www.anjaberan.de\\\/#website\"},\"primaryImageOfPage\":{\"@id\":\"https:\\\/\\\/www.anjaberan.de\\\/produkt\\\/bookazin-reitkultur-08#primaryimage\"},\"image\":{\"@id\":\"https:\\\/\\\/www.anjaberan.de\\\/produkt\\\/bookazin-reitkultur-08#primaryimage\"},\"thumbnailUrl\":\"https:\\\/\\\/www.anjaberan.de\\\/wp-content\\\/uploads\\\/2020\\\/09\\\/beran-reitkultur-vorbilder-08.jpg\",\"datePublished\":\"2020-09-12T08:47:55+00:00\",\"dateModified\":\"2023-01-29T17:52:21+00:00\",\"breadcrumb\":{\"@id\":\"https:\\\/\\\/www.anjaberan.de\\\/produkt\\\/bookazin-reitkultur-08#breadcrumb\"},\"inLanguage\":\"en-US\",\"potentialAction\":[{\"@type\":\"ReadAction\",\"target\":[\"https:\\\/\\\/www.anjaberan.de\\\/produkt\\\/bookazin-reitkultur-08\"]}]},{\"@type\":\"ImageObject\",\"inLanguage\":\"en-US\",\"@id\":\"https:\\\/\\\/www.anjaberan.de\\\/produkt\\\/bookazin-reitkultur-08#primaryimage\",\"url\":\"https:\\\/\\\/www.anjaberan.de\\\/wp-content\\\/uploads\\\/2020\\\/09\\\/beran-reitkultur-vorbilder-08.jpg\",\"contentUrl\":\"https:\\\/\\\/www.anjaberan.de\\\/wp-content\\\/uploads\\\/2020\\\/09\\\/beran-reitkultur-vorbilder-08.jpg\",\"width\":597,\"height\":750},{\"@type\":\"BreadcrumbList\",\"@id\":\"https:\\\/\\\/www.anjaberan.de\\\/produkt\\\/bookazin-reitkultur-08#breadcrumb\",\"itemListElement\":[{\"@type\":\"ListItem\",\"position\":1,\"name\":\"Startseite\",\"item\":\"https:\\\/\\\/www.anjaberan.de\\\/en\"},{\"@type\":\"ListItem\",\"position\":2,\"name\":\"Shop\",\"item\":\"https:\\\/\\\/www.anjaberan.de\\\/en\\\/shop\"},{\"@type\":\"ListItem\",\"position\":3,\"name\":\"Bookazin ReitKultur 08\"}]},{\"@type\":\"WebSite\",\"@id\":\"https:\\\/\\\/www.anjaberan.de\\\/#website\",\"url\":\"https:\\\/\\\/www.anjaberan.de\\\/\",\"name\":\"Anja Beran\",\"description\":\"\",\"potentialAction\":[{\"@type\":\"SearchAction\",\"target\":{\"@type\":\"EntryPoint\",\"urlTemplate\":\"https:\\\/\\\/www.anjaberan.de\\\/?s={search_term_string}\"},\"query-input\":{\"@type\":\"PropertyValueSpecification\",\"valueRequired\":true,\"valueName\":\"search_term_string\"}}],\"inLanguage\":\"en-US\"}]}<\/script>\n<!-- \/ Yoast SEO plugin. -->","yoast_head_json":{"title":"Bookazin ReitKultur 08 - Anja Beran","robots":{"index":"index","follow":"follow","max-snippet":"max-snippet:-1","max-image-preview":"max-image-preview:large","max-video-preview":"max-video-preview:-1"},"canonical":"https:\/\/www.anjaberan.de\/produkt\/bookazin-reitkultur-08","og_locale":"en_US","og_type":"article","og_title":"Bookazin ReitKultur 08 - Anja Beran","og_description":"ReitKultur Nr. 08 \u2013 Besser Reiten durch Vorbilder","og_url":"https:\/\/www.anjaberan.de\/produkt\/bookazin-reitkultur-08","og_site_name":"Anja Beran","article_modified_time":"2023-01-29T17:52:21+00:00","og_image":[{"width":597,"height":750,"url":"https:\/\/www.anjaberan.de\/wp-content\/uploads\/2020\/09\/beran-reitkultur-vorbilder-08.jpg","type":"image\/jpeg"}],"twitter_card":"summary_large_image","twitter_misc":{"Est. reading time":"3 minutes"},"schema":{"@context":"https:\/\/schema.org","@graph":[{"@type":"WebPage","@id":"https:\/\/www.anjaberan.de\/produkt\/bookazin-reitkultur-08","url":"https:\/\/www.anjaberan.de\/produkt\/bookazin-reitkultur-08","name":"Bookazin ReitKultur 08 - Anja Beran","isPartOf":{"@id":"https:\/\/www.anjaberan.de\/#website"},"primaryImageOfPage":{"@id":"https:\/\/www.anjaberan.de\/produkt\/bookazin-reitkultur-08#primaryimage"},"image":{"@id":"https:\/\/www.anjaberan.de\/produkt\/bookazin-reitkultur-08#primaryimage"},"thumbnailUrl":"https:\/\/www.anjaberan.de\/wp-content\/uploads\/2020\/09\/beran-reitkultur-vorbilder-08.jpg","datePublished":"2020-09-12T08:47:55+00:00","dateModified":"2023-01-29T17:52:21+00:00","breadcrumb":{"@id":"https:\/\/www.anjaberan.de\/produkt\/bookazin-reitkultur-08#breadcrumb"},"inLanguage":"en-US","potentialAction":[{"@type":"ReadAction","target":["https:\/\/www.anjaberan.de\/produkt\/bookazin-reitkultur-08"]}]},{"@type":"ImageObject","inLanguage":"en-US","@id":"https:\/\/www.anjaberan.de\/produkt\/bookazin-reitkultur-08#primaryimage","url":"https:\/\/www.anjaberan.de\/wp-content\/uploads\/2020\/09\/beran-reitkultur-vorbilder-08.jpg","contentUrl":"https:\/\/www.anjaberan.de\/wp-content\/uploads\/2020\/09\/beran-reitkultur-vorbilder-08.jpg","width":597,"height":750},{"@type":"BreadcrumbList","@id":"https:\/\/www.anjaberan.de\/produkt\/bookazin-reitkultur-08#breadcrumb","itemListElement":[{"@type":"ListItem","position":1,"name":"Startseite","item":"https:\/\/www.anjaberan.de\/en"},{"@type":"ListItem","position":2,"name":"Shop","item":"https:\/\/www.anjaberan.de\/en\/shop"},{"@type":"ListItem","position":3,"name":"Bookazin ReitKultur 08"}]},{"@type":"WebSite","@id":"https:\/\/www.anjaberan.de\/#website","url":"https:\/\/www.anjaberan.de\/","name":"Anja Beran","description":"","potentialAction":[{"@type":"SearchAction","target":{"@type":"EntryPoint","urlTemplate":"https:\/\/www.anjaberan.de\/?s={search_term_string}"},"query-input":{"@type":"PropertyValueSpecification","valueRequired":true,"valueName":"search_term_string"}}],"inLanguage":"en-US"}]}},"_links":{"self":[{"href":"https:\/\/www.anjaberan.de\/en\/wp-json\/wp\/v2\/product\/11880","targetHints":{"allow":["GET"]}}],"collection":[{"href":"https:\/\/www.anjaberan.de\/en\/wp-json\/wp\/v2\/product"}],"about":[{"href":"https:\/\/www.anjaberan.de\/en\/wp-json\/wp\/v2\/types\/product"}],"replies":[{"embeddable":true,"href":"https:\/\/www.anjaberan.de\/en\/wp-json\/wp\/v2\/comments?post=11880"}],"wp:featuredmedia":[{"embeddable":true,"href":"https:\/\/www.anjaberan.de\/en\/wp-json\/wp\/v2\/media\/11882"}],"wp:attachment":[{"href":"https:\/\/www.anjaberan.de\/en\/wp-json\/wp\/v2\/media?parent=11880"}],"wp:term":[{"taxonomy":"product_cat","embeddable":true,"href":"https:\/\/www.anjaberan.de\/en\/wp-json\/wp\/v2\/product_cat?post=11880"},{"taxonomy":"product_tag","embeddable":true,"href":"https:\/\/www.anjaberan.de\/en\/wp-json\/wp\/v2\/product_tag?post=11880"}],"curies":[{"name":"wp","href":"https:\/\/api.w.org\/{rel}","templated":true}]}}