{"id":12020,"date":"2020-11-15T02:59:41","date_gmt":"2020-11-15T01:59:41","guid":{"rendered":"https:\/\/www.anjaberan.de\/?post_type=product&#038;p=12020"},"modified":"2021-12-03T19:41:25","modified_gmt":"2021-12-03T18:41:25","slug":"bookazin-reitkultur-12","status":"publish","type":"product","link":"https:\/\/www.anjaberan.de\/en\/produkt\/bookazin-reitkultur-12","title":{"rendered":"Bookazin ReitKultur 12"},"content":{"rendered":"<h2>Das Bookazin der klassischen Reitweisen<\/h2>\n<h1>ReitKultur Nr. 12 \u2013 Wie viel Galopp ist gesund f\u00fcrs Pferd?<\/h1>\n<h3>Aus dem Inhalt<\/h3>\n<p class=\"ff-haboro-norm-bold\">06 Pl\u00e4doyer<\/p>\n<p>Die gesunde Dosis Genussgalopp Galopp ist ein Meilenstein auf dem Weg zum harmonischen Reiten. Doch oft ist dieser Weg hart gepflastert mit Stress, Dysbalancen und der Angst, dem Pferd zu schaden. Nehmen wir einfach seine Talente und Grenzen als Leitplanken \u2013 dann bildet sich der Galopp ganz nat\u00fcrlich aus, pl\u00e4diert Klassikausbilderin Anja Beran.<\/p>\n<p class=\"ff-haboro-norm-bold\">14 Zehn Fragen zu Stellung und Mittelgalopp als Schl\u00fcssel<\/p>\n<p>Guter Galopp von Verst\u00e4rken bis Versammeln ist einfach \u2013 sobald wir unser Pferd korrekt stellen k\u00f6nnen. Wie wir Stellung als Schl\u00fcssel einsetzen, damit das \u00e4u\u00dfere Hinterbein tatkr\u00e4ftig unterst\u00fctzt, lehrt Reitmeister Gert Schwabl von Gordon nach der klassischen Reitvorschrift.<\/p>\n<p class=\"ff-haboro-norm-bold\">18 Biografie<\/p>\n<p>\u201eGalopp hat mehr Vorteile als Trab\u201c findet Julie von Bismarck. Wenn sie Pferde sieht, die niemals die Reithalle verlassen d\u00fcrfen und unter ihren Reitern am liebsten schreien w\u00fcrden, kann sie nicht schweigen. Und reist seit 20 Jahren durch die Welt, um als Osteopathin und Akupunkteurin die Folgen falschen Trainings zu beheben.<\/p>\n<p class=\"ff-haboro-norm-bold\">26 Trainingspsychologie<\/p>\n<p>Schlimme Wechselpannen, gute Rituale<\/p>\n<p>Wie wir Pferden den fliegenden Galoppwechsel freundlich beibringen, statt ihre Fehler zu bestrafen: Klassikausbilder Horst Becker unterst\u00fctzt Reiter Schritt f\u00fcr Schritt \u2013 und l\u00f6scht \u201eGaloppwechsel\u201c aus ihren Gedanken.<\/p>\n<p class=\"ff-haboro-norm-bold\">32 Klassik im Vergleich<\/p>\n<p>Kommt die Piaffe vor dem Galopp? Erst versammeln, dann galoppieren \u2013 das halten viele f\u00fcr klassisch-barock. Frisch vorw\u00e4rts im Galopp geht der Weg zur Versammlung, proklamieren dagegen die Campagnereiter nach der H.Dv.12. Doch sogar Altmeister Gu\u00e9rini\u00e8re wusste, dass es zwischen diesen Extremen eine Wahrheit gibt, die sich am Pferdetyp orientiert.<\/p>\n<p class=\"ff-haboro-norm-bold\">42 Analyse<\/p>\n<p>Pirouette \u2013 der Pr\u00fcfstein f\u00fcr Versammlung<\/p>\n<p>Mogeln unm\u00f6glich: Die Galopppirouette ist h\u00f6chste Reitkunst, die man nicht kaufen kann. Wie man sie sich erarbeitet, schildet Ausbilderin Elke Potucek-Puscha nach den Prinzipien des Reitinstitutes Egon von Neindorff und der Wiener Hofreitschule.<\/p>\n<p class=\"ff-haboro-norm-bold\">48 ReitKultur trifft Therapie<\/p>\n<p>Vom Gesundheitsfaktor \u201eNaturgalopp\u201c<\/p>\n<p>Wie wirk<span class=\"ff-haboro-norm-bold\">t <\/span>Galopp auf Sehnen, Gelenke, Muskeln? Wann nutzt er dem Bewegungs-ablauf, und wann macht er Pferde lahm? Klassikausbilder Knut Kr\u00fcger und Tierarzt Gerd Heuschmann gehen der schwungvollsten Gangart auf den Grund \u2013 als Experten-gespann aus Training und Biomechanik.<\/p>\n<p class=\"ff-haboro-norm-bold\">54 Kolumne \u201eKlassisch gesund reiten\u201c<\/p>\n<p>Warum Pferde sich im Galopp so oft einrollen<\/p>\n<p>Die Hand muss dem Nicken des Pferdekopfs folgen. Nicht nur im Schritt, sondern genauso im Galopp. Aber da macht es kaum einer \u2013 deshalb sieht man so viele Nasen hinter der Senkrechten, die den Galopprhythmus zerst\u00f6ren, kritisieren Dr. Kathrin Kienapfel-Henseleit und Professor Holger Preuschoft.<\/p>\n<p class=\"ff-haboro-norm-bold\">58 Zur\u00fcck in die Zukunft<\/p>\n<p>Legend\u00e4re Vorbilder f\u00fcr feinste Galopphilfen<\/p>\n<p>Galopp ist Leichtheit in Vollendung, vor allem bei Reitern, die keine Kraft einsetzen k\u00f6nnen oder wollen: der Schweizer Henri Chammartin, K\u00fcnstler der fliegenden Wechsel. Die D\u00e4nin Lis Hartel, die trotz Poliol\u00e4hmung Olympia-Silber holte. Und Para-Meisterin Hanne Brenner, die ihre Beine nicht bewegen kann.<\/p>\n<p class=\"ff-haboro-norm-bold\">68 Reit-Praxis<\/p>\n<p>Mehr Mut zum freien Mitschwingen<\/p>\n<p>Der Galopp trainiert Rumpfmuskulatur und K\u00f6rperform so intensiv wie keine andere Gangart \u2013 bei Pferd und Reiter. Reitlehrerin und Diplom-P\u00e4dagogin Sibylle Wiemer, Ehrenmitglied der \u00c9cole de L\u00e9g\u00e8ret\u00e9, schw\u00f6rt deshalb auf Galopp und macht Mut mit \u00dcbungen f\u00fcr Gel\u00e4nde und Reitbahn.<\/p>\n<p class=\"ff-haboro-norm-bold\">71 Klassik im B\u00fccherschrank<\/p>\n<p>Gustav Steinbrecht: \u201eDas Gymnasium des Pferdes\u201c<\/p>\n<p>47 Seiten \u00fcber Galopp, kein einziges Bild \u2013 und unz\u00e4hlige wertvolle Aha-Effekte \u00fcber die herrlichste aller Gangarten. Eine ganz pers\u00f6nliche Erinnerung an ein Meisterwerk von 1884.<\/p>\n<p class=\"ff-haboro-norm-bold\">74 Meister-Klasse<\/p>\n<p>Faszination Galopp \u2026 nicht einmal Fliegen ist sch\u00f6ner<\/p>\n<p>Wir k\u00f6nnen unseren Pferden im Herzen dankbar sein f\u00fcr das gro\u00dfe Geschenk, welches sie uns mit dem Galopp machen: \u00fcber der Erde zu schweben im rhythmischen Pulsen dieser himmlischen Gangart. Reithistoriker Werner Poscharnigg sp\u00fcrt Meilensteine auf von Pegasus bis zur Pirouette.<\/p>\n<p class=\"ff-haboro-norm-bold\">80 Alte Meister, forsche Geister<\/p>\n<p>Von Courbette, Mezair und der Kampfkunst<\/p>\n<p>Warum fliegende Wechsel dem Pferd wenig nutzen, aber die Passade wertvoll f\u00fcr seine Gymnastizierung ist: Julika Tabertshofer erarbeitet historische und moderne Galopplektionen in der Akademischen Reitweise \u2013 mit Barockrassen ebenso wie mit Reitpony oder Quarterhorse.<\/p>\n<p class=\"ff-haboro-norm-bold\">88 Die gro\u00dfen Klassik-Coaches<\/p>\n<p>Was w\u00fcrden alte Meister sagen, wenn \u2026<\/p>\n<p>sie eine Definition vom echten Reiter liefern m\u00fcssten? Sie w\u00fcrden ihn am Gef\u00fchl f\u00fcr den Galopp festmachen, denn Gu\u00e9rini\u00e8re, Pluvinel und Steinbrecht sehen den Galopp als ebenso anspruchsvolle wie wichtige Gangart zur Gymnastizierung, wie sie Anna Eichinger verraten.<\/p>\n<p class=\"ff-haboro-norm-bold\">98 Kolumne \u201eBerans Kultur-Botschaft\u201c<\/p>\n<p>Galoppwechsel \u2013 eingetrichtert, abgespult, armselig<\/p>\n<p>Der Abstieg einer Traumlektion vom sinnvollen Handwerk zur stupiden Abrichtung.<\/p>\n<div class=\"ls-shortcode-hr hr\"><hr \/><\/div>\n<p>Verlag: Crystal Verlag<br \/>\nSeitenzahl: 96<br \/>\nErscheinungstermin: 26. November 2020<br \/>\nDeutsch<br \/>\nAbmessung: 260mm x 210mm<br \/>\nGewicht: 411g<br \/>\nISBN-13: 9783958472129<br \/>\nISBN-10: 3958472125<br \/>\nArtikelnr.: 60465283<\/p>\n<div class=\"ls-shortcode-hr hr\"><hr \/><\/div>\n","protected":false},"excerpt":{"rendered":"<p>Bookazin ReitKultur Nr. 12 \u2013 Wieviel Galopp ist gesund f\u00fcrs Pferd?<\/p>\n","protected":false},"featured_media":12004,"comment_status":"open","ping_status":"closed","template":"","meta":{"_acf_changed":false},"product_cat":[73],"product_tag":[309,98,642,97,113,100,96,618],"class_list":{"0":"post-12020","1":"product","2":"type-product","3":"status-publish","4":"has-post-thumbnail","6":"product_cat-anja-beran-buecher","7":"product_tag-anja-beran","8":"product_tag-dressur","9":"product_tag-galopp","10":"product_tag-klassische-dressur","11":"product_tag-pferdeausbildung","12":"product_tag-reitkunst","13":"product_tag-reitlehre","14":"product_tag-weiterbildung","16":"first","17":"outofstock","18":"taxable","19":"shipping-taxable","20":"purchasable","21":"product-type-simple"},"acf":[],"yoast_head":"<!-- This site is optimized with the Yoast SEO plugin v27.5 - https:\/\/yoast.com\/product\/yoast-seo-wordpress\/ -->\n<title>Bookazin ReitKultur 12 - Anja Beran<\/title>\n<meta name=\"robots\" content=\"index, follow, max-snippet:-1, max-image-preview:large, max-video-preview:-1\" \/>\n<link rel=\"canonical\" href=\"https:\/\/www.anjaberan.de\/produkt\/bookazin-reitkultur-12\" \/>\n<meta property=\"og:locale\" content=\"en_US\" \/>\n<meta property=\"og:type\" content=\"article\" \/>\n<meta property=\"og:title\" content=\"Bookazin ReitKultur 12 - Anja Beran\" \/>\n<meta property=\"og:description\" content=\"Bookazin ReitKultur Nr. 12 \u2013 Wieviel Galopp ist gesund f\u00fcrs Pferd?\" \/>\n<meta property=\"og:url\" content=\"https:\/\/www.anjaberan.de\/produkt\/bookazin-reitkultur-12\" \/>\n<meta property=\"og:site_name\" content=\"Anja Beran\" \/>\n<meta property=\"article:modified_time\" content=\"2021-12-03T18:41:25+00:00\" \/>\n<meta property=\"og:image\" content=\"https:\/\/www.anjaberan.de\/wp-content\/uploads\/2018\/01\/beran-reitkultur-galopp-12.jpg\" \/>\n\t<meta property=\"og:image:width\" content=\"1592\" \/>\n\t<meta property=\"og:image:height\" content=\"2000\" \/>\n\t<meta property=\"og:image:type\" content=\"image\/jpeg\" \/>\n<meta name=\"twitter:card\" content=\"summary_large_image\" \/>\n<meta name=\"twitter:label1\" content=\"Est. reading time\" \/>\n\t<meta name=\"twitter:data1\" content=\"4 minutes\" \/>\n<script type=\"application\/ld+json\" class=\"yoast-schema-graph\">{\"@context\":\"https:\\\/\\\/schema.org\",\"@graph\":[{\"@type\":\"WebPage\",\"@id\":\"https:\\\/\\\/www.anjaberan.de\\\/produkt\\\/bookazin-reitkultur-12\",\"url\":\"https:\\\/\\\/www.anjaberan.de\\\/produkt\\\/bookazin-reitkultur-12\",\"name\":\"Bookazin ReitKultur 12 - Anja Beran\",\"isPartOf\":{\"@id\":\"https:\\\/\\\/www.anjaberan.de\\\/#website\"},\"primaryImageOfPage\":{\"@id\":\"https:\\\/\\\/www.anjaberan.de\\\/produkt\\\/bookazin-reitkultur-12#primaryimage\"},\"image\":{\"@id\":\"https:\\\/\\\/www.anjaberan.de\\\/produkt\\\/bookazin-reitkultur-12#primaryimage\"},\"thumbnailUrl\":\"https:\\\/\\\/www.anjaberan.de\\\/wp-content\\\/uploads\\\/2018\\\/01\\\/beran-reitkultur-galopp-12.jpg\",\"datePublished\":\"2020-11-15T01:59:41+00:00\",\"dateModified\":\"2021-12-03T18:41:25+00:00\",\"breadcrumb\":{\"@id\":\"https:\\\/\\\/www.anjaberan.de\\\/produkt\\\/bookazin-reitkultur-12#breadcrumb\"},\"inLanguage\":\"en-US\",\"potentialAction\":[{\"@type\":\"ReadAction\",\"target\":[\"https:\\\/\\\/www.anjaberan.de\\\/produkt\\\/bookazin-reitkultur-12\"]}]},{\"@type\":\"ImageObject\",\"inLanguage\":\"en-US\",\"@id\":\"https:\\\/\\\/www.anjaberan.de\\\/produkt\\\/bookazin-reitkultur-12#primaryimage\",\"url\":\"https:\\\/\\\/www.anjaberan.de\\\/wp-content\\\/uploads\\\/2018\\\/01\\\/beran-reitkultur-galopp-12.jpg\",\"contentUrl\":\"https:\\\/\\\/www.anjaberan.de\\\/wp-content\\\/uploads\\\/2018\\\/01\\\/beran-reitkultur-galopp-12.jpg\",\"width\":1592,\"height\":2000},{\"@type\":\"BreadcrumbList\",\"@id\":\"https:\\\/\\\/www.anjaberan.de\\\/produkt\\\/bookazin-reitkultur-12#breadcrumb\",\"itemListElement\":[{\"@type\":\"ListItem\",\"position\":1,\"name\":\"Startseite\",\"item\":\"https:\\\/\\\/www.anjaberan.de\\\/en\"},{\"@type\":\"ListItem\",\"position\":2,\"name\":\"Shop\",\"item\":\"https:\\\/\\\/www.anjaberan.de\\\/en\\\/shop\"},{\"@type\":\"ListItem\",\"position\":3,\"name\":\"Bookazin ReitKultur 12\"}]},{\"@type\":\"WebSite\",\"@id\":\"https:\\\/\\\/www.anjaberan.de\\\/#website\",\"url\":\"https:\\\/\\\/www.anjaberan.de\\\/\",\"name\":\"Anja Beran\",\"description\":\"\",\"potentialAction\":[{\"@type\":\"SearchAction\",\"target\":{\"@type\":\"EntryPoint\",\"urlTemplate\":\"https:\\\/\\\/www.anjaberan.de\\\/?s={search_term_string}\"},\"query-input\":{\"@type\":\"PropertyValueSpecification\",\"valueRequired\":true,\"valueName\":\"search_term_string\"}}],\"inLanguage\":\"en-US\"}]}<\/script>\n<!-- \/ Yoast SEO plugin. -->","yoast_head_json":{"title":"Bookazin ReitKultur 12 - Anja Beran","robots":{"index":"index","follow":"follow","max-snippet":"max-snippet:-1","max-image-preview":"max-image-preview:large","max-video-preview":"max-video-preview:-1"},"canonical":"https:\/\/www.anjaberan.de\/produkt\/bookazin-reitkultur-12","og_locale":"en_US","og_type":"article","og_title":"Bookazin ReitKultur 12 - Anja Beran","og_description":"Bookazin ReitKultur Nr. 12 \u2013 Wieviel Galopp ist gesund f\u00fcrs Pferd?","og_url":"https:\/\/www.anjaberan.de\/produkt\/bookazin-reitkultur-12","og_site_name":"Anja Beran","article_modified_time":"2021-12-03T18:41:25+00:00","og_image":[{"width":1592,"height":2000,"url":"https:\/\/www.anjaberan.de\/wp-content\/uploads\/2018\/01\/beran-reitkultur-galopp-12.jpg","type":"image\/jpeg"}],"twitter_card":"summary_large_image","twitter_misc":{"Est. reading time":"4 minutes"},"schema":{"@context":"https:\/\/schema.org","@graph":[{"@type":"WebPage","@id":"https:\/\/www.anjaberan.de\/produkt\/bookazin-reitkultur-12","url":"https:\/\/www.anjaberan.de\/produkt\/bookazin-reitkultur-12","name":"Bookazin ReitKultur 12 - Anja Beran","isPartOf":{"@id":"https:\/\/www.anjaberan.de\/#website"},"primaryImageOfPage":{"@id":"https:\/\/www.anjaberan.de\/produkt\/bookazin-reitkultur-12#primaryimage"},"image":{"@id":"https:\/\/www.anjaberan.de\/produkt\/bookazin-reitkultur-12#primaryimage"},"thumbnailUrl":"https:\/\/www.anjaberan.de\/wp-content\/uploads\/2018\/01\/beran-reitkultur-galopp-12.jpg","datePublished":"2020-11-15T01:59:41+00:00","dateModified":"2021-12-03T18:41:25+00:00","breadcrumb":{"@id":"https:\/\/www.anjaberan.de\/produkt\/bookazin-reitkultur-12#breadcrumb"},"inLanguage":"en-US","potentialAction":[{"@type":"ReadAction","target":["https:\/\/www.anjaberan.de\/produkt\/bookazin-reitkultur-12"]}]},{"@type":"ImageObject","inLanguage":"en-US","@id":"https:\/\/www.anjaberan.de\/produkt\/bookazin-reitkultur-12#primaryimage","url":"https:\/\/www.anjaberan.de\/wp-content\/uploads\/2018\/01\/beran-reitkultur-galopp-12.jpg","contentUrl":"https:\/\/www.anjaberan.de\/wp-content\/uploads\/2018\/01\/beran-reitkultur-galopp-12.jpg","width":1592,"height":2000},{"@type":"BreadcrumbList","@id":"https:\/\/www.anjaberan.de\/produkt\/bookazin-reitkultur-12#breadcrumb","itemListElement":[{"@type":"ListItem","position":1,"name":"Startseite","item":"https:\/\/www.anjaberan.de\/en"},{"@type":"ListItem","position":2,"name":"Shop","item":"https:\/\/www.anjaberan.de\/en\/shop"},{"@type":"ListItem","position":3,"name":"Bookazin ReitKultur 12"}]},{"@type":"WebSite","@id":"https:\/\/www.anjaberan.de\/#website","url":"https:\/\/www.anjaberan.de\/","name":"Anja Beran","description":"","potentialAction":[{"@type":"SearchAction","target":{"@type":"EntryPoint","urlTemplate":"https:\/\/www.anjaberan.de\/?s={search_term_string}"},"query-input":{"@type":"PropertyValueSpecification","valueRequired":true,"valueName":"search_term_string"}}],"inLanguage":"en-US"}]}},"_links":{"self":[{"href":"https:\/\/www.anjaberan.de\/en\/wp-json\/wp\/v2\/product\/12020","targetHints":{"allow":["GET"]}}],"collection":[{"href":"https:\/\/www.anjaberan.de\/en\/wp-json\/wp\/v2\/product"}],"about":[{"href":"https:\/\/www.anjaberan.de\/en\/wp-json\/wp\/v2\/types\/product"}],"replies":[{"embeddable":true,"href":"https:\/\/www.anjaberan.de\/en\/wp-json\/wp\/v2\/comments?post=12020"}],"wp:featuredmedia":[{"embeddable":true,"href":"https:\/\/www.anjaberan.de\/en\/wp-json\/wp\/v2\/media\/12004"}],"wp:attachment":[{"href":"https:\/\/www.anjaberan.de\/en\/wp-json\/wp\/v2\/media?parent=12020"}],"wp:term":[{"taxonomy":"product_cat","embeddable":true,"href":"https:\/\/www.anjaberan.de\/en\/wp-json\/wp\/v2\/product_cat?post=12020"},{"taxonomy":"product_tag","embeddable":true,"href":"https:\/\/www.anjaberan.de\/en\/wp-json\/wp\/v2\/product_tag?post=12020"}],"curies":[{"name":"wp","href":"https:\/\/api.w.org\/{rel}","templated":true}]}}