{"id":12499,"date":"2021-08-10T23:52:06","date_gmt":"2021-08-10T21:52:06","guid":{"rendered":"https:\/\/www.anjaberan.de\/?post_type=product&#038;p=12499"},"modified":"2024-09-19T23:09:12","modified_gmt":"2024-09-19T21:09:12","slug":"buch-blickschulung-von-anja-beran","status":"publish","type":"product","link":"https:\/\/www.anjaberan.de\/en\/produkt\/buch-blickschulung-von-anja-beran","title":{"rendered":"Buch Blickschulung von Anja Beran"},"content":{"rendered":"<h4>Blickschulung \u2013 Pferdegerechte Ausbildung erkennen<\/h4>\n<p>Pferdegerechte Ausbildung oder falsch verstandene Dressur \u2013 ist das Ausbildungssystem im modernen Reitsport auf einem Irrweg? Diese Frage beantwortet Anja Beran, eine der renommiertesten Vertreterinnen der klassischen Dressur, nun in ihrem neuen Buch.<\/p>\n<p>Nach jahrelanger Beobachtung des Dressursports \u00f6ffnet Anja Beran dem Leser die Augen. Durch die Analyse von eindrucksvollen Trickaufnahmen, die auf der Basis von realen Filmaufnahmen und Fotos entstanden sind, werden deutliche Fehlentwicklungen den Bewegungsstudien von pferdegerechter Ausbildung gegen\u00fcbergestellt. Das theoretische Fundament dieser Analyse liefern nicht nur die Werke der alten Meister, sondern vor allem die darauf basierenden Richtlinien f\u00fcr Reiten und Fahren der Deutschen Reiterlichen Vereinigung e.V. (FN). Ausgew\u00e4hlte Zitate zeigen die Kluft zwischen Anspruch und Wirklichkeit. Was im modernen Dressursport mit hohen Bewertungen belohnt wird, ist mit der klassischen Lehre und den Richtlinien nicht mehr vereinbar!<\/p>\n<p>Das Problem liegt im System: Die Ausbildung der Pferde wird dem Wunsch nach spektakul\u00e4ren Darbietungen angepasst und nicht deren Wohlergehen, damit sie eine lange und gesunde Zukunft vor sich haben.<\/p>\n<p>Viele Reiter unterliegen dem Trugschluss, den korrekten Weg der Ausbildung abk\u00fcrzen zu k\u00f6nnen, ohne dar\u00fcber nachzudenken, welcher physischen und psychischen \u00dcberforderung die Pferde dabei ausgesetzt sind. Exaltierte Bewegungen, in eine falsche Haltung gezwungen, f\u00fchren beim jungen Pferd oft zu k\u00f6rperlichen Sch\u00e4den. Gleiches gilt auch f\u00fcr \u00e4ltere Pferde, die ohne die richtige vorbereitende Gymnastizierung schwierige Lektionen ausf\u00fchren sollen. Dabei entstehen Bewegungsmuster, die mit den nat\u00fcrlichen Gangarten von Pferden oft nichts mehr zu tun haben.<\/p>\n<p class=\"ff-haboro-norm-bold red\">Mit dem Kauf dieses Werkes unterst\u00fctzen Sie die Anja Beran Stiftung, die sich unter anderem zum Ziel gesetzt hat, Pferde, die Opfer dieses Ausbildungssystems geworden sind, wieder zu rehabilitieren und mit Hilfe der klassischen Reitweise zu neuem Glanz und k\u00f6rperlichem Wohlbefinden zu verhelfen.<\/p>\n<div>\n<p>Hardcover, Format 24 cm x 27 cm<br \/>\nca. 154 Seiten, vierfarbig<\/p>\n<p>ISBN 978-3-95847-025-5<\/p>\n<p><a href=\"https:\/\/www.anjaberan.de\/wp-content\/uploads\/2018\/01\/Beran-Blickschulung-v2-flip.pdf\" rel=\"\">&gt;&gt; Blick ins Buch zum Download als PDF<\/a><\/p>\n<h4>Tipp: BLICKSCHULUNG \u2013 Die Trickfilme und das Quiz<\/h4>\n<p>Passend zum Buch <em>BLICKSCHULUNG \u2013 pferdegerechte Ausbildung erkennen<\/em> haben wir ein Onlineangebot f\u00fcr Sie zusammengestellt, die ideale Erg\u00e4nzung: <a href=\"https:\/\/www.anjaberan.de\/aktuelles\/veranstaltungen\/termin\/blickschulung-filme-quiz\" rel=\"\">&gt;&gt; hier erfahren Sie mehr<\/a><\/p>\n<\/div>\n","protected":false},"excerpt":{"rendered":"<p>Pferdegerechte Ausbildung oder falsch verstandene Dressur \u2013 ist das Ausbildungssystem im modernen Reitsport auf einem Irrweg? Diese Frage beantwortet Anja Beran, eine der renommiertesten Vertreterinnen der klassischen Dressur, nun in ihrem neuen Buch.<\/p>\n","protected":false},"featured_media":12500,"comment_status":"open","ping_status":"closed","template":"","meta":{"_acf_changed":false},"product_cat":[73],"product_tag":[115,94,95,114,110,98,116,319,97,654,113,112,100,96,117,656,655],"class_list":{"0":"post-12499","1":"product","2":"type-product","3":"status-publish","4":"has-post-thumbnail","6":"product_cat-anja-beran-buecher","7":"product_tag-alte-meister","8":"product_tag-anja","9":"product_tag-beran","10":"product_tag-bewegungsanalyse","11":"product_tag-blickschulung","12":"product_tag-dressur","13":"product_tag-dressursport","14":"product_tag-fn","15":"product_tag-klassische-dressur","16":"product_tag-lehrbuch","17":"product_tag-pferdeausbildung","18":"product_tag-pferdegercht","19":"product_tag-reitkunst","20":"product_tag-reitlehre","21":"product_tag-rollkur","22":"product_tag-stiftung","23":"product_tag-tierwohl","25":"first","26":"instock","27":"taxable","28":"shipping-taxable","29":"purchasable","30":"product-type-simple"},"acf":[],"yoast_head":"<!-- This site is optimized with the Yoast SEO plugin v27.4 - https:\/\/yoast.com\/product\/yoast-seo-wordpress\/ -->\n<title>Buch Blickschulung von Anja Beran - Anja Beran<\/title>\n<meta name=\"robots\" content=\"index, follow, max-snippet:-1, max-image-preview:large, max-video-preview:-1\" \/>\n<link rel=\"canonical\" href=\"https:\/\/www.anjaberan.de\/produkt\/buch-blickschulung-von-anja-beran\" \/>\n<meta property=\"og:locale\" content=\"en_US\" \/>\n<meta property=\"og:type\" content=\"article\" \/>\n<meta property=\"og:title\" content=\"Buch Blickschulung von Anja Beran - Anja Beran\" \/>\n<meta property=\"og:description\" content=\"Pferdegerechte Ausbildung oder falsch verstandene Dressur \u2013 ist das Ausbildungssystem im modernen Reitsport auf einem Irrweg? Diese Frage beantwortet Anja Beran, eine der renommiertesten Vertreterinnen der klassischen Dressur, nun in ihrem neuen Buch.\" \/>\n<meta property=\"og:url\" content=\"https:\/\/www.anjaberan.de\/produkt\/buch-blickschulung-von-anja-beran\" \/>\n<meta property=\"og:site_name\" content=\"Anja Beran\" \/>\n<meta property=\"article:modified_time\" content=\"2024-09-19T21:09:12+00:00\" \/>\n<meta property=\"og:image\" content=\"https:\/\/www.anjaberan.de\/wp-content\/uploads\/2021\/08\/beran-buch-blickschulung.jpg\" \/>\n\t<meta property=\"og:image:width\" content=\"910\" \/>\n\t<meta property=\"og:image:height\" content=\"1024\" \/>\n\t<meta property=\"og:image:type\" content=\"image\/jpeg\" \/>\n<meta name=\"twitter:card\" content=\"summary_large_image\" \/>\n<meta name=\"twitter:label1\" content=\"Est. reading time\" \/>\n\t<meta name=\"twitter:data1\" content=\"3 minutes\" \/>\n<script type=\"application\/ld+json\" class=\"yoast-schema-graph\">{\"@context\":\"https:\\\/\\\/schema.org\",\"@graph\":[{\"@type\":\"WebPage\",\"@id\":\"https:\\\/\\\/www.anjaberan.de\\\/produkt\\\/buch-blickschulung-von-anja-beran\",\"url\":\"https:\\\/\\\/www.anjaberan.de\\\/produkt\\\/buch-blickschulung-von-anja-beran\",\"name\":\"Buch Blickschulung von Anja Beran - Anja Beran\",\"isPartOf\":{\"@id\":\"https:\\\/\\\/www.anjaberan.de\\\/#website\"},\"primaryImageOfPage\":{\"@id\":\"https:\\\/\\\/www.anjaberan.de\\\/produkt\\\/buch-blickschulung-von-anja-beran#primaryimage\"},\"image\":{\"@id\":\"https:\\\/\\\/www.anjaberan.de\\\/produkt\\\/buch-blickschulung-von-anja-beran#primaryimage\"},\"thumbnailUrl\":\"https:\\\/\\\/www.anjaberan.de\\\/wp-content\\\/uploads\\\/2021\\\/08\\\/beran-buch-blickschulung.jpg\",\"datePublished\":\"2021-08-10T21:52:06+00:00\",\"dateModified\":\"2024-09-19T21:09:12+00:00\",\"breadcrumb\":{\"@id\":\"https:\\\/\\\/www.anjaberan.de\\\/produkt\\\/buch-blickschulung-von-anja-beran#breadcrumb\"},\"inLanguage\":\"en-US\",\"potentialAction\":[{\"@type\":\"ReadAction\",\"target\":[\"https:\\\/\\\/www.anjaberan.de\\\/produkt\\\/buch-blickschulung-von-anja-beran\"]}]},{\"@type\":\"ImageObject\",\"inLanguage\":\"en-US\",\"@id\":\"https:\\\/\\\/www.anjaberan.de\\\/produkt\\\/buch-blickschulung-von-anja-beran#primaryimage\",\"url\":\"https:\\\/\\\/www.anjaberan.de\\\/wp-content\\\/uploads\\\/2021\\\/08\\\/beran-buch-blickschulung.jpg\",\"contentUrl\":\"https:\\\/\\\/www.anjaberan.de\\\/wp-content\\\/uploads\\\/2021\\\/08\\\/beran-buch-blickschulung.jpg\",\"width\":910,\"height\":1024},{\"@type\":\"BreadcrumbList\",\"@id\":\"https:\\\/\\\/www.anjaberan.de\\\/produkt\\\/buch-blickschulung-von-anja-beran#breadcrumb\",\"itemListElement\":[{\"@type\":\"ListItem\",\"position\":1,\"name\":\"Startseite\",\"item\":\"https:\\\/\\\/www.anjaberan.de\\\/en\"},{\"@type\":\"ListItem\",\"position\":2,\"name\":\"Shop\",\"item\":\"https:\\\/\\\/www.anjaberan.de\\\/en\\\/shop\"},{\"@type\":\"ListItem\",\"position\":3,\"name\":\"Buch Blickschulung von Anja Beran\"}]},{\"@type\":\"WebSite\",\"@id\":\"https:\\\/\\\/www.anjaberan.de\\\/#website\",\"url\":\"https:\\\/\\\/www.anjaberan.de\\\/\",\"name\":\"Anja Beran\",\"description\":\"\",\"potentialAction\":[{\"@type\":\"SearchAction\",\"target\":{\"@type\":\"EntryPoint\",\"urlTemplate\":\"https:\\\/\\\/www.anjaberan.de\\\/?s={search_term_string}\"},\"query-input\":{\"@type\":\"PropertyValueSpecification\",\"valueRequired\":true,\"valueName\":\"search_term_string\"}}],\"inLanguage\":\"en-US\"}]}<\/script>\n<!-- \/ Yoast SEO plugin. -->","yoast_head_json":{"title":"Buch Blickschulung von Anja Beran - Anja Beran","robots":{"index":"index","follow":"follow","max-snippet":"max-snippet:-1","max-image-preview":"max-image-preview:large","max-video-preview":"max-video-preview:-1"},"canonical":"https:\/\/www.anjaberan.de\/produkt\/buch-blickschulung-von-anja-beran","og_locale":"en_US","og_type":"article","og_title":"Buch Blickschulung von Anja Beran - Anja Beran","og_description":"Pferdegerechte Ausbildung oder falsch verstandene Dressur \u2013 ist das Ausbildungssystem im modernen Reitsport auf einem Irrweg? Diese Frage beantwortet Anja Beran, eine der renommiertesten Vertreterinnen der klassischen Dressur, nun in ihrem neuen Buch.","og_url":"https:\/\/www.anjaberan.de\/produkt\/buch-blickschulung-von-anja-beran","og_site_name":"Anja Beran","article_modified_time":"2024-09-19T21:09:12+00:00","og_image":[{"width":910,"height":1024,"url":"https:\/\/www.anjaberan.de\/wp-content\/uploads\/2021\/08\/beran-buch-blickschulung.jpg","type":"image\/jpeg"}],"twitter_card":"summary_large_image","twitter_misc":{"Est. reading time":"3 minutes"},"schema":{"@context":"https:\/\/schema.org","@graph":[{"@type":"WebPage","@id":"https:\/\/www.anjaberan.de\/produkt\/buch-blickschulung-von-anja-beran","url":"https:\/\/www.anjaberan.de\/produkt\/buch-blickschulung-von-anja-beran","name":"Buch Blickschulung von Anja Beran - Anja Beran","isPartOf":{"@id":"https:\/\/www.anjaberan.de\/#website"},"primaryImageOfPage":{"@id":"https:\/\/www.anjaberan.de\/produkt\/buch-blickschulung-von-anja-beran#primaryimage"},"image":{"@id":"https:\/\/www.anjaberan.de\/produkt\/buch-blickschulung-von-anja-beran#primaryimage"},"thumbnailUrl":"https:\/\/www.anjaberan.de\/wp-content\/uploads\/2021\/08\/beran-buch-blickschulung.jpg","datePublished":"2021-08-10T21:52:06+00:00","dateModified":"2024-09-19T21:09:12+00:00","breadcrumb":{"@id":"https:\/\/www.anjaberan.de\/produkt\/buch-blickschulung-von-anja-beran#breadcrumb"},"inLanguage":"en-US","potentialAction":[{"@type":"ReadAction","target":["https:\/\/www.anjaberan.de\/produkt\/buch-blickschulung-von-anja-beran"]}]},{"@type":"ImageObject","inLanguage":"en-US","@id":"https:\/\/www.anjaberan.de\/produkt\/buch-blickschulung-von-anja-beran#primaryimage","url":"https:\/\/www.anjaberan.de\/wp-content\/uploads\/2021\/08\/beran-buch-blickschulung.jpg","contentUrl":"https:\/\/www.anjaberan.de\/wp-content\/uploads\/2021\/08\/beran-buch-blickschulung.jpg","width":910,"height":1024},{"@type":"BreadcrumbList","@id":"https:\/\/www.anjaberan.de\/produkt\/buch-blickschulung-von-anja-beran#breadcrumb","itemListElement":[{"@type":"ListItem","position":1,"name":"Startseite","item":"https:\/\/www.anjaberan.de\/en"},{"@type":"ListItem","position":2,"name":"Shop","item":"https:\/\/www.anjaberan.de\/en\/shop"},{"@type":"ListItem","position":3,"name":"Buch Blickschulung von Anja Beran"}]},{"@type":"WebSite","@id":"https:\/\/www.anjaberan.de\/#website","url":"https:\/\/www.anjaberan.de\/","name":"Anja Beran","description":"","potentialAction":[{"@type":"SearchAction","target":{"@type":"EntryPoint","urlTemplate":"https:\/\/www.anjaberan.de\/?s={search_term_string}"},"query-input":{"@type":"PropertyValueSpecification","valueRequired":true,"valueName":"search_term_string"}}],"inLanguage":"en-US"}]}},"_links":{"self":[{"href":"https:\/\/www.anjaberan.de\/en\/wp-json\/wp\/v2\/product\/12499","targetHints":{"allow":["GET"]}}],"collection":[{"href":"https:\/\/www.anjaberan.de\/en\/wp-json\/wp\/v2\/product"}],"about":[{"href":"https:\/\/www.anjaberan.de\/en\/wp-json\/wp\/v2\/types\/product"}],"replies":[{"embeddable":true,"href":"https:\/\/www.anjaberan.de\/en\/wp-json\/wp\/v2\/comments?post=12499"}],"wp:featuredmedia":[{"embeddable":true,"href":"https:\/\/www.anjaberan.de\/en\/wp-json\/wp\/v2\/media\/12500"}],"wp:attachment":[{"href":"https:\/\/www.anjaberan.de\/en\/wp-json\/wp\/v2\/media?parent=12499"}],"wp:term":[{"taxonomy":"product_cat","embeddable":true,"href":"https:\/\/www.anjaberan.de\/en\/wp-json\/wp\/v2\/product_cat?post=12499"},{"taxonomy":"product_tag","embeddable":true,"href":"https:\/\/www.anjaberan.de\/en\/wp-json\/wp\/v2\/product_tag?post=12499"}],"curies":[{"name":"wp","href":"https:\/\/api.w.org\/{rel}","templated":true}]}}