{"id":16111,"date":"2024-09-15T23:01:22","date_gmt":"2024-09-15T21:01:22","guid":{"rendered":"https:\/\/www.anjaberan.de\/?post_type=product&#038;p=16111"},"modified":"2024-09-19T23:34:43","modified_gmt":"2024-09-19T21:34:43","slug":"buch-reiten-meistern-von-vera-munderloh","status":"publish","type":"product","link":"https:\/\/www.anjaberan.de\/en\/produkt\/buch-reiten-meistern-von-vera-munderloh","title":{"rendered":"Buch Reiten meistern von Vera Munderloh"},"content":{"rendered":"<h4>Vera Munderloh: Reiten meistern: Wissen vertiefen &#8211; Hilfen verfeinern &#8211; Harmonie erreichen<\/h4>\n<p>Reiten wird zur Kunst, wenn Pferd und Reiter zu einer Einheit verschmelzen. Um dieses Ziel zu erreichen, braucht es viel Wissen, Erfahrung und \u00dcbung. Vera Munderloh teilt in diesem Buch ihre Erfahrungen als Ausbilderin der klassischen Dressur. Mit ihrer Ausbildungsphilosophie, die immer das Wohl des Pferdes im Fokus hat, zeigt sie ihren Weg zum harmonischen Reiten. Sie beantwortet Fragen zu Ausr\u00fcstung und gibt wichtiges Hintergrundwissen auf dem Weg zur Harmonie. Im praktischen Teil kann der Leser Inspirationen f\u00fcr Ausbildung von Pferd und Mensch finden sowie Beispiele aus der Praxis mit L\u00f6sungsvorschl\u00e4gen.<\/p>\n<p>&nbsp;<\/p>\n<p><span class=\"ff-haboro-norm-bold red\">Aus dem Inhalt:<\/span><\/p>\n<ul>\n<li>Praxisnahe Beispiele mit L\u00f6sungswegen<\/li>\n<li>Ein Leitfaden f\u00fcr feines Reiten<\/li>\n<li>Mit Video-Clips und einem Vorwort von Anja Beran<\/li>\n<\/ul>\n<p>&nbsp;<\/p>\n<blockquote><p>\u201eAls ich h\u00f6rte, dass Vera ein Buch schreibt, war ich sofort begeistert, denn sie kann aufgrund ihrer intensiven reiterlichen Laufbahn auf einen gro\u00dfen Erfahrungsschatz zur\u00fcckgreifen und wenn sie nun ihr Wissen teilt, k\u00f6nnen viele Reiterinnen und Reiter davon extrem profitieren.\u201c Anja Beran<\/p><\/blockquote>\n<p>&nbsp;<\/p>\n<blockquote><p>\u201eWer reiterliche Fragen hat, wird bei Vera eine fundierte, qualifizierte Antwort erhalten! Somit wird dieses Buch ein wichtiges Nachschlagewerk und eine Bereicherung f\u00fcr jede Bibliothek werden!\u201c Anja Beran<\/p><\/blockquote>\n<p>&nbsp;<\/p>\n<p><span class=\"ff-haboro-norm-bold red\">Die Autorin:<\/span><\/p>\n<p>Vera Munderloh, Jg. 1986, ist eine national wie auch international erfahrene, bekannte und gefragte Trainerin. Als Ausbilderin der klassischen Reitkunst arbeitet sie seit 2006 auf dem internationalen Trainingszentrum Gut Rosenhof von Anja Beran. Als Trainerin hat sie viele Pferde unterschiedlicher Rassen von Beginn bis zur Hohen Schule ausgebildet, ebenso wie zahlreiche Reitsch\u00fcler und Praktikanten trainiert und gef\u00f6rdert. Mit dem renommierten Circus Krone in M\u00fcnchen arbeitet sie seit langer Zeit eng zusammen, wo sie sowohl bei Fachtagungen und auch Zirkusveranstaltungen aufgetreten ist. Seit Jahren gibt Vera Munderloh Kurse im In- und Ausland, online Reitstunden, h\u00e4lt Webinare und Vortr\u00e4ge in Englisch und Deutsch. Des Weiteren nimmt sie erfolgreich an Working Equitation Turnieren bis zur h\u00f6chsten Klasse teil. Ebenso geh\u00f6rt das Reiten im Damensattel, die Handarbeit und das Arbeiten am Langen Z\u00fcgel zu ihrem Repertoire. <a href=\"https:\/\/www.vera-munderloh.de\/\" target=\"_blank\" rel=\"noopener\">&gt;&gt; www.vera-munderloh.de<\/a><\/p>\n<p>&nbsp;<\/p>\n<p>Preis: \u20ac 29,90<br \/>\nUmfang: 200 Seiten<br \/>\nFormat: 17.8 x 24.7 x 1.7 cm<br \/>\nISBN 978-3275023165<\/p>\n","protected":false},"excerpt":{"rendered":"<p>Reiten wird zur Kunst, wenn Pferd und Reiter zu einer Einheit verschmelzen. Um dieses Ziel zu erreichen, braucht es viel Wissen, Erfahrung und \u00dcbung. Vera Munderloh teilt in diesem Buch ihre Erfahrungen als Ausbilderin der klassischen Dressur.<\/p>\n","protected":false},"featured_media":16115,"comment_status":"open","ping_status":"closed","template":"","meta":{"_acf_changed":false},"product_cat":[73],"product_tag":[621,781,779,97,778,780,783,782],"class_list":{"0":"post-16111","1":"product","2":"type-product","3":"status-publish","4":"has-post-thumbnail","6":"product_cat-anja-beran-buecher","7":"product_tag-ausbilderin","8":"product_tag-erfahrungswissen","9":"product_tag-harmonie","10":"product_tag-klassische-dressur","11":"product_tag-pferdewohl","12":"product_tag-praxisbeispiele","13":"product_tag-reiten-meistern","14":"product_tag-vera-munderloh","16":"first","17":"instock","18":"taxable","19":"shipping-taxable","20":"purchasable","21":"product-type-simple"},"acf":[],"yoast_head":"<!-- This site is optimized with the Yoast SEO plugin v27.5 - https:\/\/yoast.com\/product\/yoast-seo-wordpress\/ -->\n<title>Buch Reiten meistern von Vera Munderloh - Anja Beran<\/title>\n<meta name=\"robots\" content=\"index, follow, max-snippet:-1, max-image-preview:large, max-video-preview:-1\" \/>\n<link rel=\"canonical\" href=\"https:\/\/www.anjaberan.de\/produkt\/buch-reiten-meistern-von-vera-munderloh\" \/>\n<meta property=\"og:locale\" content=\"en_US\" \/>\n<meta property=\"og:type\" content=\"article\" \/>\n<meta property=\"og:title\" content=\"Buch Reiten meistern von Vera Munderloh - Anja Beran\" \/>\n<meta property=\"og:description\" content=\"Reiten wird zur Kunst, wenn Pferd und Reiter zu einer Einheit verschmelzen. Um dieses Ziel zu erreichen, braucht es viel Wissen, Erfahrung und \u00dcbung. Vera Munderloh teilt in diesem Buch ihre Erfahrungen als Ausbilderin der klassischen Dressur.\" \/>\n<meta property=\"og:url\" content=\"https:\/\/www.anjaberan.de\/produkt\/buch-reiten-meistern-von-vera-munderloh\" \/>\n<meta property=\"og:site_name\" content=\"Anja Beran\" \/>\n<meta property=\"article:modified_time\" content=\"2024-09-19T21:34:43+00:00\" \/>\n<meta property=\"og:image\" content=\"https:\/\/www.anjaberan.de\/wp-content\/uploads\/2018\/01\/munderloh-reiten-meistern-buch-1.jpg\" \/>\n\t<meta property=\"og:image:width\" content=\"599\" \/>\n\t<meta property=\"og:image:height\" content=\"847\" \/>\n\t<meta property=\"og:image:type\" content=\"image\/jpeg\" \/>\n<meta name=\"twitter:card\" content=\"summary_large_image\" \/>\n<meta name=\"twitter:label1\" content=\"Est. reading time\" \/>\n\t<meta name=\"twitter:data1\" content=\"2 minutes\" \/>\n<script type=\"application\/ld+json\" class=\"yoast-schema-graph\">{\"@context\":\"https:\\\/\\\/schema.org\",\"@graph\":[{\"@type\":\"WebPage\",\"@id\":\"https:\\\/\\\/www.anjaberan.de\\\/produkt\\\/buch-reiten-meistern-von-vera-munderloh\",\"url\":\"https:\\\/\\\/www.anjaberan.de\\\/produkt\\\/buch-reiten-meistern-von-vera-munderloh\",\"name\":\"Buch Reiten meistern von Vera Munderloh - Anja Beran\",\"isPartOf\":{\"@id\":\"https:\\\/\\\/www.anjaberan.de\\\/#website\"},\"primaryImageOfPage\":{\"@id\":\"https:\\\/\\\/www.anjaberan.de\\\/produkt\\\/buch-reiten-meistern-von-vera-munderloh#primaryimage\"},\"image\":{\"@id\":\"https:\\\/\\\/www.anjaberan.de\\\/produkt\\\/buch-reiten-meistern-von-vera-munderloh#primaryimage\"},\"thumbnailUrl\":\"https:\\\/\\\/www.anjaberan.de\\\/wp-content\\\/uploads\\\/2018\\\/01\\\/munderloh-reiten-meistern-buch-1.jpg\",\"datePublished\":\"2024-09-15T21:01:22+00:00\",\"dateModified\":\"2024-09-19T21:34:43+00:00\",\"breadcrumb\":{\"@id\":\"https:\\\/\\\/www.anjaberan.de\\\/produkt\\\/buch-reiten-meistern-von-vera-munderloh#breadcrumb\"},\"inLanguage\":\"en-US\",\"potentialAction\":[{\"@type\":\"ReadAction\",\"target\":[\"https:\\\/\\\/www.anjaberan.de\\\/produkt\\\/buch-reiten-meistern-von-vera-munderloh\"]}]},{\"@type\":\"ImageObject\",\"inLanguage\":\"en-US\",\"@id\":\"https:\\\/\\\/www.anjaberan.de\\\/produkt\\\/buch-reiten-meistern-von-vera-munderloh#primaryimage\",\"url\":\"https:\\\/\\\/www.anjaberan.de\\\/wp-content\\\/uploads\\\/2018\\\/01\\\/munderloh-reiten-meistern-buch-1.jpg\",\"contentUrl\":\"https:\\\/\\\/www.anjaberan.de\\\/wp-content\\\/uploads\\\/2018\\\/01\\\/munderloh-reiten-meistern-buch-1.jpg\",\"width\":599,\"height\":847,\"caption\":\"Screenshot\"},{\"@type\":\"BreadcrumbList\",\"@id\":\"https:\\\/\\\/www.anjaberan.de\\\/produkt\\\/buch-reiten-meistern-von-vera-munderloh#breadcrumb\",\"itemListElement\":[{\"@type\":\"ListItem\",\"position\":1,\"name\":\"Startseite\",\"item\":\"https:\\\/\\\/www.anjaberan.de\\\/en\"},{\"@type\":\"ListItem\",\"position\":2,\"name\":\"Shop\",\"item\":\"https:\\\/\\\/www.anjaberan.de\\\/en\\\/shop\"},{\"@type\":\"ListItem\",\"position\":3,\"name\":\"Buch Reiten meistern von Vera Munderloh\"}]},{\"@type\":\"WebSite\",\"@id\":\"https:\\\/\\\/www.anjaberan.de\\\/#website\",\"url\":\"https:\\\/\\\/www.anjaberan.de\\\/\",\"name\":\"Anja Beran\",\"description\":\"\",\"potentialAction\":[{\"@type\":\"SearchAction\",\"target\":{\"@type\":\"EntryPoint\",\"urlTemplate\":\"https:\\\/\\\/www.anjaberan.de\\\/?s={search_term_string}\"},\"query-input\":{\"@type\":\"PropertyValueSpecification\",\"valueRequired\":true,\"valueName\":\"search_term_string\"}}],\"inLanguage\":\"en-US\"}]}<\/script>\n<!-- \/ Yoast SEO plugin. -->","yoast_head_json":{"title":"Buch Reiten meistern von Vera Munderloh - Anja Beran","robots":{"index":"index","follow":"follow","max-snippet":"max-snippet:-1","max-image-preview":"max-image-preview:large","max-video-preview":"max-video-preview:-1"},"canonical":"https:\/\/www.anjaberan.de\/produkt\/buch-reiten-meistern-von-vera-munderloh","og_locale":"en_US","og_type":"article","og_title":"Buch Reiten meistern von Vera Munderloh - Anja Beran","og_description":"Reiten wird zur Kunst, wenn Pferd und Reiter zu einer Einheit verschmelzen. Um dieses Ziel zu erreichen, braucht es viel Wissen, Erfahrung und \u00dcbung. Vera Munderloh teilt in diesem Buch ihre Erfahrungen als Ausbilderin der klassischen Dressur.","og_url":"https:\/\/www.anjaberan.de\/produkt\/buch-reiten-meistern-von-vera-munderloh","og_site_name":"Anja Beran","article_modified_time":"2024-09-19T21:34:43+00:00","og_image":[{"width":599,"height":847,"url":"https:\/\/www.anjaberan.de\/wp-content\/uploads\/2018\/01\/munderloh-reiten-meistern-buch-1.jpg","type":"image\/jpeg"}],"twitter_card":"summary_large_image","twitter_misc":{"Est. reading time":"2 minutes"},"schema":{"@context":"https:\/\/schema.org","@graph":[{"@type":"WebPage","@id":"https:\/\/www.anjaberan.de\/produkt\/buch-reiten-meistern-von-vera-munderloh","url":"https:\/\/www.anjaberan.de\/produkt\/buch-reiten-meistern-von-vera-munderloh","name":"Buch Reiten meistern von Vera Munderloh - Anja Beran","isPartOf":{"@id":"https:\/\/www.anjaberan.de\/#website"},"primaryImageOfPage":{"@id":"https:\/\/www.anjaberan.de\/produkt\/buch-reiten-meistern-von-vera-munderloh#primaryimage"},"image":{"@id":"https:\/\/www.anjaberan.de\/produkt\/buch-reiten-meistern-von-vera-munderloh#primaryimage"},"thumbnailUrl":"https:\/\/www.anjaberan.de\/wp-content\/uploads\/2018\/01\/munderloh-reiten-meistern-buch-1.jpg","datePublished":"2024-09-15T21:01:22+00:00","dateModified":"2024-09-19T21:34:43+00:00","breadcrumb":{"@id":"https:\/\/www.anjaberan.de\/produkt\/buch-reiten-meistern-von-vera-munderloh#breadcrumb"},"inLanguage":"en-US","potentialAction":[{"@type":"ReadAction","target":["https:\/\/www.anjaberan.de\/produkt\/buch-reiten-meistern-von-vera-munderloh"]}]},{"@type":"ImageObject","inLanguage":"en-US","@id":"https:\/\/www.anjaberan.de\/produkt\/buch-reiten-meistern-von-vera-munderloh#primaryimage","url":"https:\/\/www.anjaberan.de\/wp-content\/uploads\/2018\/01\/munderloh-reiten-meistern-buch-1.jpg","contentUrl":"https:\/\/www.anjaberan.de\/wp-content\/uploads\/2018\/01\/munderloh-reiten-meistern-buch-1.jpg","width":599,"height":847,"caption":"Screenshot"},{"@type":"BreadcrumbList","@id":"https:\/\/www.anjaberan.de\/produkt\/buch-reiten-meistern-von-vera-munderloh#breadcrumb","itemListElement":[{"@type":"ListItem","position":1,"name":"Startseite","item":"https:\/\/www.anjaberan.de\/en"},{"@type":"ListItem","position":2,"name":"Shop","item":"https:\/\/www.anjaberan.de\/en\/shop"},{"@type":"ListItem","position":3,"name":"Buch Reiten meistern von Vera Munderloh"}]},{"@type":"WebSite","@id":"https:\/\/www.anjaberan.de\/#website","url":"https:\/\/www.anjaberan.de\/","name":"Anja Beran","description":"","potentialAction":[{"@type":"SearchAction","target":{"@type":"EntryPoint","urlTemplate":"https:\/\/www.anjaberan.de\/?s={search_term_string}"},"query-input":{"@type":"PropertyValueSpecification","valueRequired":true,"valueName":"search_term_string"}}],"inLanguage":"en-US"}]}},"_links":{"self":[{"href":"https:\/\/www.anjaberan.de\/en\/wp-json\/wp\/v2\/product\/16111","targetHints":{"allow":["GET"]}}],"collection":[{"href":"https:\/\/www.anjaberan.de\/en\/wp-json\/wp\/v2\/product"}],"about":[{"href":"https:\/\/www.anjaberan.de\/en\/wp-json\/wp\/v2\/types\/product"}],"replies":[{"embeddable":true,"href":"https:\/\/www.anjaberan.de\/en\/wp-json\/wp\/v2\/comments?post=16111"}],"wp:featuredmedia":[{"embeddable":true,"href":"https:\/\/www.anjaberan.de\/en\/wp-json\/wp\/v2\/media\/16115"}],"wp:attachment":[{"href":"https:\/\/www.anjaberan.de\/en\/wp-json\/wp\/v2\/media?parent=16111"}],"wp:term":[{"taxonomy":"product_cat","embeddable":true,"href":"https:\/\/www.anjaberan.de\/en\/wp-json\/wp\/v2\/product_cat?post=16111"},{"taxonomy":"product_tag","embeddable":true,"href":"https:\/\/www.anjaberan.de\/en\/wp-json\/wp\/v2\/product_tag?post=16111"}],"curies":[{"name":"wp","href":"https:\/\/api.w.org\/{rel}","templated":true}]}}