{"id":16427,"date":"2024-12-06T23:03:30","date_gmt":"2024-12-06T22:03:30","guid":{"rendered":"https:\/\/www.anjaberan.de\/?post_type=product&#038;p=16427"},"modified":"2024-12-06T23:12:50","modified_gmt":"2024-12-06T22:12:50","slug":"magazin-dressur-studien-4-2024","status":"publish","type":"product","link":"https:\/\/www.anjaberan.de\/en\/produkt\/magazin-dressur-studien-4-2024","title":{"rendered":"Magazin Dressur-Studien 4\/2024"},"content":{"rendered":"<h4>Heft 04\/2024 \u2013 \u201eDa h\u00f6rt die Harmonie auf! Stress und Schmerzen beim Pferd erkennen\u201c<\/h4>\n<p class=\"ff-capita\"><strong>Magazin, Softcover, 132 Seiten, 270 g<\/strong><\/p>\n<p>Was w\u00e4re, wenn wir uns reitweisen\u00fcbergreifend darauf einigen k\u00f6nnten, welche Anzeichen wir bei Pferden w\u00e4hrend des Reitens und der Ausbildung nicht sehen wollen \u2013 weil sie nicht pferdegerecht sind? In diesem Heft beleuchten wir (\u00fcberm\u00e4\u00dfige) Stress- und Schmerzanzeichen bei Pferden: klare Stoppsignale.<\/p>\n<p>Mit Checklisten, die es jedem erm\u00f6glichen, diese Signale zu erkennen, der bereit ist, hinzuschauen.<\/p>\n<p class=\"ff-haboro-norm-bold red\">Inhaltsverzeichnis:<\/p>\n<p><strong>Da h\u00f6rt die Harmonie auf! Stress und Schmerzen beim Pferd erkennen<\/strong><br \/>\nEditorial (Claudia Sanders) 3<\/p>\n<p>Der Ist-Zustand: Blick in die Reiterwelt (Claudia Sanders) 8<br \/>\nDer Ist-Zustand: Pferde in sozialen Medien \u2013 viele Missverst\u00e4ndnisse (Michelle Strelow, Steffi Spielhaupter) 10<br \/>\nDer Ist-Zustand: Worauf die Richter achten \u2013 oder auch nicht (Dr. Inga Wolframm) 14<\/p>\n<p>Aus der Praxis: Wo h\u00f6rt die Harmonie auf? 18<br \/>\nAnja Beran: \u201eJe sensibler ein Pferd ist, desto deutlicher dr\u00fcckt es sich aus\u201c 20<br \/>\nUta Gr\u00e4f: Harmonie als lebenslange Aufgabe 23<br \/>\nAndrea Schmitz: \u201eIch achte auf die Mimik, den Ausdruck der Augen und die K\u00f6rpersprache\u201c 27<br \/>\nEberhard Wei\u00df: \u201eDie Grundvoraussetzung f\u00fcr Harmonie ist die Losgelassenheit\u201c 30<br \/>\nMichael Geitner: \u201eDie L\u00f6sung ist oft ganz einfach\u201c 33<br \/>\nBernd Hackl: \u201eDie Pferdeseele darf nicht unter dem Training leiden\u201c 36<br \/>\nBent Branderup: Mensch und Pferd m\u00fcssen sich gegenseitig lesen lernen 39<\/p>\n<p>Aus der Wissenschaft: Wo h\u00f6rt die Harmonie auf? 42<br \/>\nDie Horse Grimace Scale: Ein Blick in die Seele (Celina Skogan) 44<br \/>\nWie sich Stress und Schmerz auf das Pferd auswirken (Dr. Frauke Musial) 52<br \/>\nPferde: Meister im Verstecken von Schmerzen (Celina Skogan) 58<br \/>\nLadder of Aggression: Aggressives Pferdeverhalten (Renate Larssen, Dr. Diana Krischke) 64<br \/>\nErlernte Hilfelosigkeit: Wenn Pferde keinen Ausweg mehr sehen (Dr. Andrew McLean) 70<\/p>\n<p>Die Schmerzskala f\u00fcr das Reitpferd (Dr. Sue Dyson) 78<br \/>\nDie Checkliste mit den 24 Verhaltensweisen (Dr. Sue Dyson) 83<br \/>\nDie zus\u00e4tzliche Verhaltenscheckliste nach Dr. Sue Dyson 88<\/p>\n<p>Metastudien: Das Reiten hinter der Senkrechten schadet dem Pferdewohl (Dr. Kathrin Kienapfel) 93<br \/>\nDie CAT-H-Methode: Konstruktiver Umgang mit der Pferdeangst (Julie Lannen) 98<br \/>\nNeues aus der Wissenschaft: Da kommt was auf uns zu \u2013 K\u00fcnstliche Intelligenz und das Reiten (Dr. Diana Krischke) 106<\/p>\n<p>Serie: Das Auge schulen (Karin Link und Jan Nivelle) 110<br \/>\nLieblingsb\u00fccher: \u201eForschung trifft Pferd. Neueste Erkenntnisse f\u00fcr ein besseres Verst\u00e4ndnis\u201c (Cora von Hindte-Mieske) 120<br \/>\nFair zum Pferd-Campus-Programm 123<br \/>\nWissenskonferenz: (WiKo) \u201eIberische Pferde\u201c 124<br \/>\nAdventskalender 2024 125<br \/>\nGlosse Mr.P. &amp; Me: Der M\u00f6hren-Heuturm 128<br \/>\nImpressum 129<br \/>\nVorschau Heft 4\/2024 130<\/p>\n<p>&nbsp;<\/p>\n<p>&nbsp;<\/p>\n<p>&nbsp;<\/p>\n<p>&nbsp;<\/p>\n<p>&nbsp;<\/p>\n","protected":false},"excerpt":{"rendered":"<p>Magazin Dressur-Studien 4\/2024<\/p>\n","protected":false},"featured_media":16425,"comment_status":"open","ping_status":"closed","template":"","meta":{"_acf_changed":false},"product_cat":[73],"product_tag":[779,796,795],"class_list":{"0":"post-16427","1":"product","2":"type-product","3":"status-publish","4":"has-post-thumbnail","6":"product_cat-anja-beran-buecher","7":"product_tag-harmonie","8":"product_tag-schmerz","9":"product_tag-stress","11":"first","12":"instock","13":"taxable","14":"shipping-taxable","15":"purchasable","16":"product-type-simple"},"acf":[],"yoast_head":"<!-- This site is optimized with the Yoast SEO plugin v27.4 - https:\/\/yoast.com\/product\/yoast-seo-wordpress\/ -->\n<title>Magazin Dressur-Studien 4\/2024 - Anja Beran<\/title>\n<meta name=\"robots\" content=\"index, follow, max-snippet:-1, max-image-preview:large, max-video-preview:-1\" \/>\n<link rel=\"canonical\" href=\"https:\/\/www.anjaberan.de\/produkt\/magazin-dressur-studien-4-2024\" \/>\n<meta property=\"og:locale\" content=\"en_US\" \/>\n<meta property=\"og:type\" content=\"article\" \/>\n<meta property=\"og:title\" content=\"Magazin Dressur-Studien 4\/2024 - Anja Beran\" \/>\n<meta property=\"og:description\" content=\"Magazin Dressur-Studien 4\/2024\" \/>\n<meta property=\"og:url\" content=\"https:\/\/www.anjaberan.de\/produkt\/magazin-dressur-studien-4-2024\" \/>\n<meta property=\"og:site_name\" content=\"Anja Beran\" \/>\n<meta property=\"article:modified_time\" content=\"2024-12-06T22:12:50+00:00\" \/>\n<meta property=\"og:image\" content=\"https:\/\/www.anjaberan.de\/wp-content\/uploads\/2018\/01\/beran-dressurstudien-0424.png\" \/>\n\t<meta property=\"og:image:width\" content=\"404\" \/>\n\t<meta property=\"og:image:height\" content=\"556\" \/>\n\t<meta property=\"og:image:type\" content=\"image\/png\" \/>\n<meta name=\"twitter:card\" content=\"summary_large_image\" \/>\n<meta name=\"twitter:label1\" content=\"Est. reading time\" \/>\n\t<meta name=\"twitter:data1\" content=\"3 minutes\" \/>\n<script type=\"application\/ld+json\" class=\"yoast-schema-graph\">{\"@context\":\"https:\\\/\\\/schema.org\",\"@graph\":[{\"@type\":\"WebPage\",\"@id\":\"https:\\\/\\\/www.anjaberan.de\\\/produkt\\\/magazin-dressur-studien-4-2024\",\"url\":\"https:\\\/\\\/www.anjaberan.de\\\/produkt\\\/magazin-dressur-studien-4-2024\",\"name\":\"Magazin Dressur-Studien 4\\\/2024 - Anja Beran\",\"isPartOf\":{\"@id\":\"https:\\\/\\\/www.anjaberan.de\\\/#website\"},\"primaryImageOfPage\":{\"@id\":\"https:\\\/\\\/www.anjaberan.de\\\/produkt\\\/magazin-dressur-studien-4-2024#primaryimage\"},\"image\":{\"@id\":\"https:\\\/\\\/www.anjaberan.de\\\/produkt\\\/magazin-dressur-studien-4-2024#primaryimage\"},\"thumbnailUrl\":\"https:\\\/\\\/www.anjaberan.de\\\/wp-content\\\/uploads\\\/2018\\\/01\\\/beran-dressurstudien-0424.png\",\"datePublished\":\"2024-12-06T22:03:30+00:00\",\"dateModified\":\"2024-12-06T22:12:50+00:00\",\"breadcrumb\":{\"@id\":\"https:\\\/\\\/www.anjaberan.de\\\/produkt\\\/magazin-dressur-studien-4-2024#breadcrumb\"},\"inLanguage\":\"en-US\",\"potentialAction\":[{\"@type\":\"ReadAction\",\"target\":[\"https:\\\/\\\/www.anjaberan.de\\\/produkt\\\/magazin-dressur-studien-4-2024\"]}]},{\"@type\":\"ImageObject\",\"inLanguage\":\"en-US\",\"@id\":\"https:\\\/\\\/www.anjaberan.de\\\/produkt\\\/magazin-dressur-studien-4-2024#primaryimage\",\"url\":\"https:\\\/\\\/www.anjaberan.de\\\/wp-content\\\/uploads\\\/2018\\\/01\\\/beran-dressurstudien-0424.png\",\"contentUrl\":\"https:\\\/\\\/www.anjaberan.de\\\/wp-content\\\/uploads\\\/2018\\\/01\\\/beran-dressurstudien-0424.png\",\"width\":404,\"height\":556},{\"@type\":\"BreadcrumbList\",\"@id\":\"https:\\\/\\\/www.anjaberan.de\\\/produkt\\\/magazin-dressur-studien-4-2024#breadcrumb\",\"itemListElement\":[{\"@type\":\"ListItem\",\"position\":1,\"name\":\"Startseite\",\"item\":\"https:\\\/\\\/www.anjaberan.de\\\/en\"},{\"@type\":\"ListItem\",\"position\":2,\"name\":\"Shop\",\"item\":\"https:\\\/\\\/www.anjaberan.de\\\/en\\\/shop\"},{\"@type\":\"ListItem\",\"position\":3,\"name\":\"Magazin Dressur-Studien 4\\\/2024\"}]},{\"@type\":\"WebSite\",\"@id\":\"https:\\\/\\\/www.anjaberan.de\\\/#website\",\"url\":\"https:\\\/\\\/www.anjaberan.de\\\/\",\"name\":\"Anja Beran\",\"description\":\"\",\"potentialAction\":[{\"@type\":\"SearchAction\",\"target\":{\"@type\":\"EntryPoint\",\"urlTemplate\":\"https:\\\/\\\/www.anjaberan.de\\\/?s={search_term_string}\"},\"query-input\":{\"@type\":\"PropertyValueSpecification\",\"valueRequired\":true,\"valueName\":\"search_term_string\"}}],\"inLanguage\":\"en-US\"}]}<\/script>\n<!-- \/ Yoast SEO plugin. -->","yoast_head_json":{"title":"Magazin Dressur-Studien 4\/2024 - Anja Beran","robots":{"index":"index","follow":"follow","max-snippet":"max-snippet:-1","max-image-preview":"max-image-preview:large","max-video-preview":"max-video-preview:-1"},"canonical":"https:\/\/www.anjaberan.de\/produkt\/magazin-dressur-studien-4-2024","og_locale":"en_US","og_type":"article","og_title":"Magazin Dressur-Studien 4\/2024 - Anja Beran","og_description":"Magazin Dressur-Studien 4\/2024","og_url":"https:\/\/www.anjaberan.de\/produkt\/magazin-dressur-studien-4-2024","og_site_name":"Anja Beran","article_modified_time":"2024-12-06T22:12:50+00:00","og_image":[{"width":404,"height":556,"url":"https:\/\/www.anjaberan.de\/wp-content\/uploads\/2018\/01\/beran-dressurstudien-0424.png","type":"image\/png"}],"twitter_card":"summary_large_image","twitter_misc":{"Est. reading time":"3 minutes"},"schema":{"@context":"https:\/\/schema.org","@graph":[{"@type":"WebPage","@id":"https:\/\/www.anjaberan.de\/produkt\/magazin-dressur-studien-4-2024","url":"https:\/\/www.anjaberan.de\/produkt\/magazin-dressur-studien-4-2024","name":"Magazin Dressur-Studien 4\/2024 - Anja Beran","isPartOf":{"@id":"https:\/\/www.anjaberan.de\/#website"},"primaryImageOfPage":{"@id":"https:\/\/www.anjaberan.de\/produkt\/magazin-dressur-studien-4-2024#primaryimage"},"image":{"@id":"https:\/\/www.anjaberan.de\/produkt\/magazin-dressur-studien-4-2024#primaryimage"},"thumbnailUrl":"https:\/\/www.anjaberan.de\/wp-content\/uploads\/2018\/01\/beran-dressurstudien-0424.png","datePublished":"2024-12-06T22:03:30+00:00","dateModified":"2024-12-06T22:12:50+00:00","breadcrumb":{"@id":"https:\/\/www.anjaberan.de\/produkt\/magazin-dressur-studien-4-2024#breadcrumb"},"inLanguage":"en-US","potentialAction":[{"@type":"ReadAction","target":["https:\/\/www.anjaberan.de\/produkt\/magazin-dressur-studien-4-2024"]}]},{"@type":"ImageObject","inLanguage":"en-US","@id":"https:\/\/www.anjaberan.de\/produkt\/magazin-dressur-studien-4-2024#primaryimage","url":"https:\/\/www.anjaberan.de\/wp-content\/uploads\/2018\/01\/beran-dressurstudien-0424.png","contentUrl":"https:\/\/www.anjaberan.de\/wp-content\/uploads\/2018\/01\/beran-dressurstudien-0424.png","width":404,"height":556},{"@type":"BreadcrumbList","@id":"https:\/\/www.anjaberan.de\/produkt\/magazin-dressur-studien-4-2024#breadcrumb","itemListElement":[{"@type":"ListItem","position":1,"name":"Startseite","item":"https:\/\/www.anjaberan.de\/en"},{"@type":"ListItem","position":2,"name":"Shop","item":"https:\/\/www.anjaberan.de\/en\/shop"},{"@type":"ListItem","position":3,"name":"Magazin Dressur-Studien 4\/2024"}]},{"@type":"WebSite","@id":"https:\/\/www.anjaberan.de\/#website","url":"https:\/\/www.anjaberan.de\/","name":"Anja Beran","description":"","potentialAction":[{"@type":"SearchAction","target":{"@type":"EntryPoint","urlTemplate":"https:\/\/www.anjaberan.de\/?s={search_term_string}"},"query-input":{"@type":"PropertyValueSpecification","valueRequired":true,"valueName":"search_term_string"}}],"inLanguage":"en-US"}]}},"_links":{"self":[{"href":"https:\/\/www.anjaberan.de\/en\/wp-json\/wp\/v2\/product\/16427","targetHints":{"allow":["GET"]}}],"collection":[{"href":"https:\/\/www.anjaberan.de\/en\/wp-json\/wp\/v2\/product"}],"about":[{"href":"https:\/\/www.anjaberan.de\/en\/wp-json\/wp\/v2\/types\/product"}],"replies":[{"embeddable":true,"href":"https:\/\/www.anjaberan.de\/en\/wp-json\/wp\/v2\/comments?post=16427"}],"wp:featuredmedia":[{"embeddable":true,"href":"https:\/\/www.anjaberan.de\/en\/wp-json\/wp\/v2\/media\/16425"}],"wp:attachment":[{"href":"https:\/\/www.anjaberan.de\/en\/wp-json\/wp\/v2\/media?parent=16427"}],"wp:term":[{"taxonomy":"product_cat","embeddable":true,"href":"https:\/\/www.anjaberan.de\/en\/wp-json\/wp\/v2\/product_cat?post=16427"},{"taxonomy":"product_tag","embeddable":true,"href":"https:\/\/www.anjaberan.de\/en\/wp-json\/wp\/v2\/product_tag?post=16427"}],"curies":[{"name":"wp","href":"https:\/\/api.w.org\/{rel}","templated":true}]}}