{"id":17534,"date":"2025-08-23T00:27:10","date_gmt":"2025-08-22T22:27:10","guid":{"rendered":"https:\/\/www.anjaberan.de\/?post_type=product&#038;p=17534"},"modified":"2025-08-23T00:36:18","modified_gmt":"2025-08-22T22:36:18","slug":"magazin-dressur-studien-3-2025","status":"publish","type":"product","link":"https:\/\/www.anjaberan.de\/en\/produkt\/magazin-dressur-studien-3-2025","title":{"rendered":"Magazin Dressur-Studien 3\/2025"},"content":{"rendered":"<h4>Heft 03\/2025 \u2013 \u201eArthrose, Spat &amp; Co.\u201c<\/h4>\n<p class=\"ff-capita red\">Unsere Ausgabe 79, die zum 1.9.2025 erscheint. Magazin, Softcover, 132 Seiten, 270 g<\/p>\n<p>Diagnosen, die Pferdebesitzer erst einmal erschrecken. Doch es gibt Hoffnung: Mit dem passenden Management l\u00e4sst sich der Krankheitsverlauf bremsen \u2013 und die gemeinsame Zeit im Sattel oder am Boden ist wertvoll. In unserem neuen Wissensheft erf\u00e4hrst du, wie sich Arthrose &amp; Co. vorbeugen lassen, welche Behandlungsm\u00f6glichkeiten es gibt und wie ein durchdachtes Management den Alltag f\u00fcr Pferd und Reiter erleichtert.<\/p>\n<p class=\"ff-haboro-norm-bold red\">Inhaltsverzeichnis:<\/p>\n<p><strong>Arthrose, Spat &amp; Co.<\/strong><\/p>\n<p>Editorial (Claudia Sanders) 3<\/p>\n<p>Gelenke \u2013 kleine Wunderwerke der Bewegung (Daniela Pandel) 8<br \/>\nArthrose-Schwerpunkt: Diese Gelenke sind besonders gef\u00e4hrdet (Prof. Dr. Robert Stodulka, Dirk Mehnert) 10<\/p>\n<p>Arthrose und Arthritis: Wenn die Gelenke verschlei\u00dfen (Justin Leon Lotze) 13<br \/>\nWenn Knochen und Knorpel sich aufl\u00f6sen: Osteolytische Arthrose beim Pferd (Dr. Dimitri Kadic) 19<\/p>\n<p>Diagnostik bei Arthrose: Klinische Untersuchung und bildgebende Verfahren (Vanessa Andr\u00e9) 26<br \/>\nKlassische Behandlung: Schmerzmittel und Entz\u00fcndungshemmer (Carolin Gerdes) 30<br \/>\nRegenerative Therapien (Dr. Marc Koene, Sandra Kurras) 34<br \/>\nChirurgische Therapien (Michel Milewski) 42<br \/>\nSto\u00dfwellentherapie: Geb\u00fcndelte Energie (Dr. Matteo Mereu) 47<br \/>\nMit Lichtenergie gegen den Schmerz: Laserbehandlungen (Michel Milewski) 49<br \/>\nAkupunktur als Therapie (Claudia Fehlhaber) 52<br \/>\nAb ins Wasser \u2013 bei Arthrose (Dr. Alessandra Ramseyer) 55<br \/>\nW\u00e4hlerische Helfer f\u00fcr (fast) alle F\u00e4lle: Blutegel (Oliver Fritsch) 57<br \/>\nPhysiotherapie und Taping (Daniela Pandel) 61<\/p>\n<p>Bewegungsmanagement: Bewegung als Medizin (Maximilian Welter, Dr. Sandra L\u00f6ckener) 64<br \/>\nHaltung bei Arthrose: Pferdegerecht und individuell (Dr. Jenny Hagen) 69<br \/>\nHufbearbeitung: Der Einzelfall entscheidet (Dr. Enno Allmers, Stephan Becker) 73<br \/>\nDie Medizin im Futtertrog (Justus Schelhowe, Dr. Beatrice D\u00fclffer-Schneitzer) 77<\/p>\n<p>Ethische Fragen: Wann ist es Zeit loszulassen? (Prof. Dr. Svenja Springer, Dr. Ulrike Auer, Dr. Andreas Franzky) 82<br \/>\nNeues aus der Wissenschaft: Frei von Arthrose (Dr. Diana Krischke) 86<\/p>\n<p>Lexikon I: Fr\u00fche Warnzeichen 90<br \/>\nSynovitis und Kapsulitis 92<br \/>\nChips (OC und OCD) 94<br \/>\nLexikon II: Der chronische Gelenkschaden 98<br \/>\nSpat 100<br \/>\nPodotrochlose 102<br \/>\nArthrose an den Zehengelenken: Schale 104<br \/>\nKissing Spines 107<br \/>\nSpondylose 110<br \/>\nFacettengelenkarthrose 112<br \/>\nArthrose des Iliosakralgelenks 115<\/p>\n<p>Serie: Das Auge schulen (Karin Link und Jan Nivelle) 118<br \/>\nStandpunkt: Isabell Werth &amp; Co: Ist der Ma\u00dfstab verrutscht? 122<br \/>\nSie haben keine Zeit uns zu lesen? Dann h\u00f6ren Sie uns doch! 123<br \/>\nLieblingsb\u00fccher: \u201eIch bilde Pferde aus, Pferde bilden mich aus\u201c (Cora von Hindte-Mieske) 124<br \/>\nFair zum Pferd-Campus-Programm 126<br \/>\nGlosse Mr.P. &amp; Me: Starker Auftritt 128<br \/>\nImpressum 129<br \/>\nVorschau Heft 4\/2025 130<\/p>\n<p>Redaktionsanschrift: Birkenweg 10, 57629 M\u00f6rsbach, Tel.: 02688\/988 65 38<\/p>\n<p>&nbsp;<\/p>\n<p>&nbsp;<\/p>\n<p>&nbsp;<\/p>\n<p>&nbsp;<\/p>\n","protected":false},"excerpt":{"rendered":"<p>Magazin Dressur-Studien 3\/2025<\/p>\n","protected":false},"featured_media":17532,"comment_status":"open","ping_status":"closed","template":"","meta":{"_acf_changed":false},"product_cat":[73],"product_tag":[815,816,831,833,834,832,784],"class_list":{"0":"post-17534","1":"product","2":"type-product","3":"status-publish","4":"has-post-thumbnail","6":"product_cat-anja-beran-buecher","7":"product_tag-aggression","8":"product_tag-angst","9":"product_tag-arthrose","10":"product_tag-kissing-spines","11":"product_tag-schale","12":"product_tag-spat","13":"product_tag-wissensheft","15":"first","16":"instock","17":"taxable","18":"shipping-taxable","19":"purchasable","20":"product-type-simple"},"acf":[],"yoast_head":"<!-- This site is optimized with the Yoast SEO plugin v27.4 - https:\/\/yoast.com\/product\/yoast-seo-wordpress\/ -->\n<title>Magazin Dressur-Studien 3\/2025 - Anja Beran<\/title>\n<meta name=\"robots\" content=\"index, follow, max-snippet:-1, max-image-preview:large, max-video-preview:-1\" \/>\n<link rel=\"canonical\" href=\"https:\/\/www.anjaberan.de\/produkt\/magazin-dressur-studien-3-2025\" \/>\n<meta property=\"og:locale\" content=\"en_US\" \/>\n<meta property=\"og:type\" content=\"article\" \/>\n<meta property=\"og:title\" content=\"Magazin Dressur-Studien 3\/2025 - Anja Beran\" \/>\n<meta property=\"og:description\" content=\"Magazin Dressur-Studien 3\/2025\" \/>\n<meta property=\"og:url\" content=\"https:\/\/www.anjaberan.de\/produkt\/magazin-dressur-studien-3-2025\" \/>\n<meta property=\"og:site_name\" content=\"Anja Beran\" \/>\n<meta property=\"article:modified_time\" content=\"2025-08-22T22:36:18+00:00\" \/>\n<meta property=\"og:image\" content=\"https:\/\/www.anjaberan.de\/wp-content\/uploads\/2018\/01\/beran-dressurstudien-0325.jpg\" \/>\n\t<meta property=\"og:image:width\" content=\"404\" \/>\n\t<meta property=\"og:image:height\" content=\"574\" \/>\n\t<meta property=\"og:image:type\" content=\"image\/jpeg\" \/>\n<meta name=\"twitter:card\" content=\"summary_large_image\" \/>\n<meta name=\"twitter:label1\" content=\"Est. reading time\" \/>\n\t<meta name=\"twitter:data1\" content=\"3 minutes\" \/>\n<script type=\"application\/ld+json\" class=\"yoast-schema-graph\">{\"@context\":\"https:\\\/\\\/schema.org\",\"@graph\":[{\"@type\":\"WebPage\",\"@id\":\"https:\\\/\\\/www.anjaberan.de\\\/produkt\\\/magazin-dressur-studien-3-2025\",\"url\":\"https:\\\/\\\/www.anjaberan.de\\\/produkt\\\/magazin-dressur-studien-3-2025\",\"name\":\"Magazin Dressur-Studien 3\\\/2025 - Anja Beran\",\"isPartOf\":{\"@id\":\"https:\\\/\\\/www.anjaberan.de\\\/#website\"},\"primaryImageOfPage\":{\"@id\":\"https:\\\/\\\/www.anjaberan.de\\\/produkt\\\/magazin-dressur-studien-3-2025#primaryimage\"},\"image\":{\"@id\":\"https:\\\/\\\/www.anjaberan.de\\\/produkt\\\/magazin-dressur-studien-3-2025#primaryimage\"},\"thumbnailUrl\":\"https:\\\/\\\/www.anjaberan.de\\\/wp-content\\\/uploads\\\/2018\\\/01\\\/beran-dressurstudien-0325.jpg\",\"datePublished\":\"2025-08-22T22:27:10+00:00\",\"dateModified\":\"2025-08-22T22:36:18+00:00\",\"breadcrumb\":{\"@id\":\"https:\\\/\\\/www.anjaberan.de\\\/produkt\\\/magazin-dressur-studien-3-2025#breadcrumb\"},\"inLanguage\":\"en-US\",\"potentialAction\":[{\"@type\":\"ReadAction\",\"target\":[\"https:\\\/\\\/www.anjaberan.de\\\/produkt\\\/magazin-dressur-studien-3-2025\"]}]},{\"@type\":\"ImageObject\",\"inLanguage\":\"en-US\",\"@id\":\"https:\\\/\\\/www.anjaberan.de\\\/produkt\\\/magazin-dressur-studien-3-2025#primaryimage\",\"url\":\"https:\\\/\\\/www.anjaberan.de\\\/wp-content\\\/uploads\\\/2018\\\/01\\\/beran-dressurstudien-0325.jpg\",\"contentUrl\":\"https:\\\/\\\/www.anjaberan.de\\\/wp-content\\\/uploads\\\/2018\\\/01\\\/beran-dressurstudien-0325.jpg\",\"width\":404,\"height\":574},{\"@type\":\"BreadcrumbList\",\"@id\":\"https:\\\/\\\/www.anjaberan.de\\\/produkt\\\/magazin-dressur-studien-3-2025#breadcrumb\",\"itemListElement\":[{\"@type\":\"ListItem\",\"position\":1,\"name\":\"Startseite\",\"item\":\"https:\\\/\\\/www.anjaberan.de\\\/en\"},{\"@type\":\"ListItem\",\"position\":2,\"name\":\"Shop\",\"item\":\"https:\\\/\\\/www.anjaberan.de\\\/en\\\/shop\"},{\"@type\":\"ListItem\",\"position\":3,\"name\":\"Magazin Dressur-Studien 3\\\/2025\"}]},{\"@type\":\"WebSite\",\"@id\":\"https:\\\/\\\/www.anjaberan.de\\\/#website\",\"url\":\"https:\\\/\\\/www.anjaberan.de\\\/\",\"name\":\"Anja Beran\",\"description\":\"\",\"potentialAction\":[{\"@type\":\"SearchAction\",\"target\":{\"@type\":\"EntryPoint\",\"urlTemplate\":\"https:\\\/\\\/www.anjaberan.de\\\/?s={search_term_string}\"},\"query-input\":{\"@type\":\"PropertyValueSpecification\",\"valueRequired\":true,\"valueName\":\"search_term_string\"}}],\"inLanguage\":\"en-US\"}]}<\/script>\n<!-- \/ Yoast SEO plugin. -->","yoast_head_json":{"title":"Magazin Dressur-Studien 3\/2025 - Anja Beran","robots":{"index":"index","follow":"follow","max-snippet":"max-snippet:-1","max-image-preview":"max-image-preview:large","max-video-preview":"max-video-preview:-1"},"canonical":"https:\/\/www.anjaberan.de\/produkt\/magazin-dressur-studien-3-2025","og_locale":"en_US","og_type":"article","og_title":"Magazin Dressur-Studien 3\/2025 - Anja Beran","og_description":"Magazin Dressur-Studien 3\/2025","og_url":"https:\/\/www.anjaberan.de\/produkt\/magazin-dressur-studien-3-2025","og_site_name":"Anja Beran","article_modified_time":"2025-08-22T22:36:18+00:00","og_image":[{"width":404,"height":574,"url":"https:\/\/www.anjaberan.de\/wp-content\/uploads\/2018\/01\/beran-dressurstudien-0325.jpg","type":"image\/jpeg"}],"twitter_card":"summary_large_image","twitter_misc":{"Est. reading time":"3 minutes"},"schema":{"@context":"https:\/\/schema.org","@graph":[{"@type":"WebPage","@id":"https:\/\/www.anjaberan.de\/produkt\/magazin-dressur-studien-3-2025","url":"https:\/\/www.anjaberan.de\/produkt\/magazin-dressur-studien-3-2025","name":"Magazin Dressur-Studien 3\/2025 - Anja Beran","isPartOf":{"@id":"https:\/\/www.anjaberan.de\/#website"},"primaryImageOfPage":{"@id":"https:\/\/www.anjaberan.de\/produkt\/magazin-dressur-studien-3-2025#primaryimage"},"image":{"@id":"https:\/\/www.anjaberan.de\/produkt\/magazin-dressur-studien-3-2025#primaryimage"},"thumbnailUrl":"https:\/\/www.anjaberan.de\/wp-content\/uploads\/2018\/01\/beran-dressurstudien-0325.jpg","datePublished":"2025-08-22T22:27:10+00:00","dateModified":"2025-08-22T22:36:18+00:00","breadcrumb":{"@id":"https:\/\/www.anjaberan.de\/produkt\/magazin-dressur-studien-3-2025#breadcrumb"},"inLanguage":"en-US","potentialAction":[{"@type":"ReadAction","target":["https:\/\/www.anjaberan.de\/produkt\/magazin-dressur-studien-3-2025"]}]},{"@type":"ImageObject","inLanguage":"en-US","@id":"https:\/\/www.anjaberan.de\/produkt\/magazin-dressur-studien-3-2025#primaryimage","url":"https:\/\/www.anjaberan.de\/wp-content\/uploads\/2018\/01\/beran-dressurstudien-0325.jpg","contentUrl":"https:\/\/www.anjaberan.de\/wp-content\/uploads\/2018\/01\/beran-dressurstudien-0325.jpg","width":404,"height":574},{"@type":"BreadcrumbList","@id":"https:\/\/www.anjaberan.de\/produkt\/magazin-dressur-studien-3-2025#breadcrumb","itemListElement":[{"@type":"ListItem","position":1,"name":"Startseite","item":"https:\/\/www.anjaberan.de\/en"},{"@type":"ListItem","position":2,"name":"Shop","item":"https:\/\/www.anjaberan.de\/en\/shop"},{"@type":"ListItem","position":3,"name":"Magazin Dressur-Studien 3\/2025"}]},{"@type":"WebSite","@id":"https:\/\/www.anjaberan.de\/#website","url":"https:\/\/www.anjaberan.de\/","name":"Anja Beran","description":"","potentialAction":[{"@type":"SearchAction","target":{"@type":"EntryPoint","urlTemplate":"https:\/\/www.anjaberan.de\/?s={search_term_string}"},"query-input":{"@type":"PropertyValueSpecification","valueRequired":true,"valueName":"search_term_string"}}],"inLanguage":"en-US"}]}},"_links":{"self":[{"href":"https:\/\/www.anjaberan.de\/en\/wp-json\/wp\/v2\/product\/17534","targetHints":{"allow":["GET"]}}],"collection":[{"href":"https:\/\/www.anjaberan.de\/en\/wp-json\/wp\/v2\/product"}],"about":[{"href":"https:\/\/www.anjaberan.de\/en\/wp-json\/wp\/v2\/types\/product"}],"replies":[{"embeddable":true,"href":"https:\/\/www.anjaberan.de\/en\/wp-json\/wp\/v2\/comments?post=17534"}],"wp:featuredmedia":[{"embeddable":true,"href":"https:\/\/www.anjaberan.de\/en\/wp-json\/wp\/v2\/media\/17532"}],"wp:attachment":[{"href":"https:\/\/www.anjaberan.de\/en\/wp-json\/wp\/v2\/media?parent=17534"}],"wp:term":[{"taxonomy":"product_cat","embeddable":true,"href":"https:\/\/www.anjaberan.de\/en\/wp-json\/wp\/v2\/product_cat?post=17534"},{"taxonomy":"product_tag","embeddable":true,"href":"https:\/\/www.anjaberan.de\/en\/wp-json\/wp\/v2\/product_tag?post=17534"}],"curies":[{"name":"wp","href":"https:\/\/api.w.org\/{rel}","templated":true}]}}