{"id":17605,"date":"2025-11-30T22:10:28","date_gmt":"2025-11-30T21:10:28","guid":{"rendered":"https:\/\/www.anjaberan.de\/?post_type=product&#038;p=17605"},"modified":"2025-11-30T22:20:21","modified_gmt":"2025-11-30T21:20:21","slug":"magazin-dressur-studien-4-2025","status":"publish","type":"product","link":"https:\/\/www.anjaberan.de\/en\/produkt\/magazin-dressur-studien-4-2025","title":{"rendered":"Magazin Dressur-Studien 4\/2025"},"content":{"rendered":"<h4>Heft 04\/2025 \u2013 \u201eHufschlagfiguren kreativ kombinieren\u201c<\/h4>\n<p class=\"ff-capita red\">Unsere Ausgabe 80 erscheint zum 08.12.25. Magazin, Softcover, 140 Seiten, 270 g<\/p>\n<p>Zirkel und ganze Bahn waren gestern. Mit clever kombinierten Hufschlagfiguren wird aus jedem Viereck ein spannender Bewegungsraum. Unsere befragten Experten schw\u00e4rmen besonders von der Schlangenlinie \u2013 von der einfachen Ausf\u00fchrung bis zur Verbindung mit Piaffe und Passage er\u00f6ffnet sie nahezu grenzenlose Varianten. Das neue Heft steckt voller frischer Ideen und kreativer Kombinationen, die (nicht nur) das Wintertraining spannend machen. Au\u00dferdem erstmals dabei: acht Extra-Seiten und die neue Rubrik \u201eOhne Scheuklappen\u201c mit kritischen Blicken hinter die Kulissen des Pferdesports.<\/p>\n<p class=\"ff-haboro-norm-bold red\">Inhaltsverzeichnis:<\/p>\n<p><strong>Hufschlagfiguren kreativ kombinieren<\/strong><\/p>\n<p>Editorial (Claudia Sanders) 3<br \/>\nWer hat\u00b4s erfunden? \u00dcber den Sinn und die Geschichte von Hufschlagfiguren (Dr. Diana Krischke) 8<br \/>\nBuchstaben mit System: Die Bedeutung der Bahnpunkte (Agnes Trosse) 16<br \/>\nSkizzen: Hufschlagfiguren heute (cls) 22<br \/>\nOrientierung als Reiter: Kein Tasten im Dunkeln (Silke Hembes) 27<\/p>\n<p>\u00dcbungsreihen<br \/>\nAu\u00dfengalopp und perfekte Zirkel mit Uta Gr\u00e4f 31<br \/>\nChristian Pl\u00e4ge: Zeit nehmen f\u00fcr die Pferde 36<br \/>\nHendrik G\u00e4bel: Keine Furcht vor Fehlern 40<br \/>\nMarvin Vroomen: Takt, Rhythmus und Atmung 45<br \/>\nAnja Beran: \u201eHufschlagfiguren machen das Pferd beweglicher und aufmerksamer\u201c 50<br \/>\nRuth Giffels: Ausbildung mit Herz und Plan 55<br \/>\nPatrick R\u00fcegg: Reitlehrer und Elitereiter im Concours Complet 60<br \/>\nAnn Katrin Querbach: Die Bewegungsstrategien bestimmen das Training 66<br \/>\nAndrea J\u00e4nisch: Verst\u00e4ndnis f\u00fcr das Pferd 71<br \/>\nChristin Krischke: Variationen in der F\u00fcrstlichen Hofreitschule B\u00fcckeburg 76<br \/>\nMarc de Broissia: Keine ungeplanten Kringel 81<br \/>\nJesse Drent: Schenkelweichen und Spanischer Trab 86<br \/>\nMichael Lau\u00dfegger: Jede Linie muss das Pferd f\u00f6rdern 92<br \/>\nMarius Schneider: \u201eFreiarbeit besteht aus kleinen Schritten\u201c 94<br \/>\nSabrina M\u00f6ller: Abwechslung mit der Doppellonge 99<\/p>\n<p>Ohne Scheuklappen<br \/>\nSave the No-Blood-Rule \u2013 Ein pers\u00f6nlicher Bericht 108<br \/>\nWas zum Kukuk? 112<br \/>\nR-Haltenswert: Weckruf f\u00fcr den Pferdesport 114<br \/>\nCronaus Blick: \u201eEine Lahmheit ist immer mit Schmerzen verbunden\u201c 116<\/p>\n<p>Serie: Das Auge schulen (Karin Link und Jan Nivelle) 119<br \/>\nAus der Wissenschaft: Gleichm\u00e4\u00dfige Bahnfiguren um jeden Preis? (Dr. Diana Krischke) 125<br \/>\nWinterzeit ist Lesezeit: Buchvorstellungen 128<br \/>\nFair zum Pferd-Campus-Programm 131<br \/>\nAdventskalender 2025 133<br \/>\nGlosse Mr.P. &amp; Me: Das B\u00fcgelbrett auf seinem R\u00fccken 136<br \/>\nImpressum 137<br \/>\nVorschau Heft 1\/2026 138<\/p>\n<p>Redaktionsanschrift: Birkenweg 10, 57629 M\u00f6rsbach, Tel.: 02688\/988 65 38<\/p>\n<p>&nbsp;<\/p>\n<p>&nbsp;<\/p>\n<p>&nbsp;<\/p>\n<p>&nbsp;<\/p>\n","protected":false},"excerpt":{"rendered":"<p>Magazin Dressur-Studien 4\/2025<\/p>\n","protected":false},"featured_media":17603,"comment_status":"open","ping_status":"closed","template":"","meta":{"_acf_changed":false},"product_cat":[73],"product_tag":[835],"class_list":{"0":"post-17605","1":"product","2":"type-product","3":"status-publish","4":"has-post-thumbnail","6":"product_cat-anja-beran-buecher","7":"product_tag-hufschlagfiguren","9":"first","10":"instock","11":"taxable","12":"shipping-taxable","13":"purchasable","14":"product-type-simple"},"acf":[],"yoast_head":"<!-- This site is optimized with the Yoast SEO plugin v27.4 - https:\/\/yoast.com\/product\/yoast-seo-wordpress\/ -->\n<title>Magazin Dressur-Studien 4\/2025 - Anja Beran<\/title>\n<meta name=\"robots\" content=\"index, follow, max-snippet:-1, max-image-preview:large, max-video-preview:-1\" \/>\n<link rel=\"canonical\" href=\"https:\/\/www.anjaberan.de\/produkt\/magazin-dressur-studien-4-2025\" \/>\n<meta property=\"og:locale\" content=\"en_US\" \/>\n<meta property=\"og:type\" content=\"article\" \/>\n<meta property=\"og:title\" content=\"Magazin Dressur-Studien 4\/2025 - Anja Beran\" \/>\n<meta property=\"og:description\" content=\"Magazin Dressur-Studien 4\/2025\" \/>\n<meta property=\"og:url\" content=\"https:\/\/www.anjaberan.de\/produkt\/magazin-dressur-studien-4-2025\" \/>\n<meta property=\"og:site_name\" content=\"Anja Beran\" \/>\n<meta property=\"article:modified_time\" content=\"2025-11-30T21:20:21+00:00\" \/>\n<meta property=\"og:image\" content=\"https:\/\/www.anjaberan.de\/wp-content\/uploads\/2018\/01\/beran-dressurstudien-0425.png\" \/>\n\t<meta property=\"og:image:width\" content=\"404\" \/>\n\t<meta property=\"og:image:height\" content=\"590\" \/>\n\t<meta property=\"og:image:type\" content=\"image\/png\" \/>\n<meta name=\"twitter:card\" content=\"summary_large_image\" \/>\n<meta name=\"twitter:label1\" content=\"Est. reading time\" \/>\n\t<meta name=\"twitter:data1\" content=\"3 minutes\" \/>\n<script type=\"application\/ld+json\" class=\"yoast-schema-graph\">{\"@context\":\"https:\\\/\\\/schema.org\",\"@graph\":[{\"@type\":\"WebPage\",\"@id\":\"https:\\\/\\\/www.anjaberan.de\\\/produkt\\\/magazin-dressur-studien-4-2025\",\"url\":\"https:\\\/\\\/www.anjaberan.de\\\/produkt\\\/magazin-dressur-studien-4-2025\",\"name\":\"Magazin Dressur-Studien 4\\\/2025 - Anja Beran\",\"isPartOf\":{\"@id\":\"https:\\\/\\\/www.anjaberan.de\\\/#website\"},\"primaryImageOfPage\":{\"@id\":\"https:\\\/\\\/www.anjaberan.de\\\/produkt\\\/magazin-dressur-studien-4-2025#primaryimage\"},\"image\":{\"@id\":\"https:\\\/\\\/www.anjaberan.de\\\/produkt\\\/magazin-dressur-studien-4-2025#primaryimage\"},\"thumbnailUrl\":\"https:\\\/\\\/www.anjaberan.de\\\/wp-content\\\/uploads\\\/2018\\\/01\\\/beran-dressurstudien-0425.png\",\"datePublished\":\"2025-11-30T21:10:28+00:00\",\"dateModified\":\"2025-11-30T21:20:21+00:00\",\"breadcrumb\":{\"@id\":\"https:\\\/\\\/www.anjaberan.de\\\/produkt\\\/magazin-dressur-studien-4-2025#breadcrumb\"},\"inLanguage\":\"en-US\",\"potentialAction\":[{\"@type\":\"ReadAction\",\"target\":[\"https:\\\/\\\/www.anjaberan.de\\\/produkt\\\/magazin-dressur-studien-4-2025\"]}]},{\"@type\":\"ImageObject\",\"inLanguage\":\"en-US\",\"@id\":\"https:\\\/\\\/www.anjaberan.de\\\/produkt\\\/magazin-dressur-studien-4-2025#primaryimage\",\"url\":\"https:\\\/\\\/www.anjaberan.de\\\/wp-content\\\/uploads\\\/2018\\\/01\\\/beran-dressurstudien-0425.png\",\"contentUrl\":\"https:\\\/\\\/www.anjaberan.de\\\/wp-content\\\/uploads\\\/2018\\\/01\\\/beran-dressurstudien-0425.png\",\"width\":404,\"height\":590},{\"@type\":\"BreadcrumbList\",\"@id\":\"https:\\\/\\\/www.anjaberan.de\\\/produkt\\\/magazin-dressur-studien-4-2025#breadcrumb\",\"itemListElement\":[{\"@type\":\"ListItem\",\"position\":1,\"name\":\"Startseite\",\"item\":\"https:\\\/\\\/www.anjaberan.de\\\/en\"},{\"@type\":\"ListItem\",\"position\":2,\"name\":\"Shop\",\"item\":\"https:\\\/\\\/www.anjaberan.de\\\/en\\\/shop\"},{\"@type\":\"ListItem\",\"position\":3,\"name\":\"Magazin Dressur-Studien 4\\\/2025\"}]},{\"@type\":\"WebSite\",\"@id\":\"https:\\\/\\\/www.anjaberan.de\\\/#website\",\"url\":\"https:\\\/\\\/www.anjaberan.de\\\/\",\"name\":\"Anja Beran\",\"description\":\"\",\"potentialAction\":[{\"@type\":\"SearchAction\",\"target\":{\"@type\":\"EntryPoint\",\"urlTemplate\":\"https:\\\/\\\/www.anjaberan.de\\\/?s={search_term_string}\"},\"query-input\":{\"@type\":\"PropertyValueSpecification\",\"valueRequired\":true,\"valueName\":\"search_term_string\"}}],\"inLanguage\":\"en-US\"}]}<\/script>\n<!-- \/ Yoast SEO plugin. -->","yoast_head_json":{"title":"Magazin Dressur-Studien 4\/2025 - Anja Beran","robots":{"index":"index","follow":"follow","max-snippet":"max-snippet:-1","max-image-preview":"max-image-preview:large","max-video-preview":"max-video-preview:-1"},"canonical":"https:\/\/www.anjaberan.de\/produkt\/magazin-dressur-studien-4-2025","og_locale":"en_US","og_type":"article","og_title":"Magazin Dressur-Studien 4\/2025 - Anja Beran","og_description":"Magazin Dressur-Studien 4\/2025","og_url":"https:\/\/www.anjaberan.de\/produkt\/magazin-dressur-studien-4-2025","og_site_name":"Anja Beran","article_modified_time":"2025-11-30T21:20:21+00:00","og_image":[{"width":404,"height":590,"url":"https:\/\/www.anjaberan.de\/wp-content\/uploads\/2018\/01\/beran-dressurstudien-0425.png","type":"image\/png"}],"twitter_card":"summary_large_image","twitter_misc":{"Est. reading time":"3 minutes"},"schema":{"@context":"https:\/\/schema.org","@graph":[{"@type":"WebPage","@id":"https:\/\/www.anjaberan.de\/produkt\/magazin-dressur-studien-4-2025","url":"https:\/\/www.anjaberan.de\/produkt\/magazin-dressur-studien-4-2025","name":"Magazin Dressur-Studien 4\/2025 - Anja Beran","isPartOf":{"@id":"https:\/\/www.anjaberan.de\/#website"},"primaryImageOfPage":{"@id":"https:\/\/www.anjaberan.de\/produkt\/magazin-dressur-studien-4-2025#primaryimage"},"image":{"@id":"https:\/\/www.anjaberan.de\/produkt\/magazin-dressur-studien-4-2025#primaryimage"},"thumbnailUrl":"https:\/\/www.anjaberan.de\/wp-content\/uploads\/2018\/01\/beran-dressurstudien-0425.png","datePublished":"2025-11-30T21:10:28+00:00","dateModified":"2025-11-30T21:20:21+00:00","breadcrumb":{"@id":"https:\/\/www.anjaberan.de\/produkt\/magazin-dressur-studien-4-2025#breadcrumb"},"inLanguage":"en-US","potentialAction":[{"@type":"ReadAction","target":["https:\/\/www.anjaberan.de\/produkt\/magazin-dressur-studien-4-2025"]}]},{"@type":"ImageObject","inLanguage":"en-US","@id":"https:\/\/www.anjaberan.de\/produkt\/magazin-dressur-studien-4-2025#primaryimage","url":"https:\/\/www.anjaberan.de\/wp-content\/uploads\/2018\/01\/beran-dressurstudien-0425.png","contentUrl":"https:\/\/www.anjaberan.de\/wp-content\/uploads\/2018\/01\/beran-dressurstudien-0425.png","width":404,"height":590},{"@type":"BreadcrumbList","@id":"https:\/\/www.anjaberan.de\/produkt\/magazin-dressur-studien-4-2025#breadcrumb","itemListElement":[{"@type":"ListItem","position":1,"name":"Startseite","item":"https:\/\/www.anjaberan.de\/en"},{"@type":"ListItem","position":2,"name":"Shop","item":"https:\/\/www.anjaberan.de\/en\/shop"},{"@type":"ListItem","position":3,"name":"Magazin Dressur-Studien 4\/2025"}]},{"@type":"WebSite","@id":"https:\/\/www.anjaberan.de\/#website","url":"https:\/\/www.anjaberan.de\/","name":"Anja Beran","description":"","potentialAction":[{"@type":"SearchAction","target":{"@type":"EntryPoint","urlTemplate":"https:\/\/www.anjaberan.de\/?s={search_term_string}"},"query-input":{"@type":"PropertyValueSpecification","valueRequired":true,"valueName":"search_term_string"}}],"inLanguage":"en-US"}]}},"_links":{"self":[{"href":"https:\/\/www.anjaberan.de\/en\/wp-json\/wp\/v2\/product\/17605","targetHints":{"allow":["GET"]}}],"collection":[{"href":"https:\/\/www.anjaberan.de\/en\/wp-json\/wp\/v2\/product"}],"about":[{"href":"https:\/\/www.anjaberan.de\/en\/wp-json\/wp\/v2\/types\/product"}],"replies":[{"embeddable":true,"href":"https:\/\/www.anjaberan.de\/en\/wp-json\/wp\/v2\/comments?post=17605"}],"wp:featuredmedia":[{"embeddable":true,"href":"https:\/\/www.anjaberan.de\/en\/wp-json\/wp\/v2\/media\/17603"}],"wp:attachment":[{"href":"https:\/\/www.anjaberan.de\/en\/wp-json\/wp\/v2\/media?parent=17605"}],"wp:term":[{"taxonomy":"product_cat","embeddable":true,"href":"https:\/\/www.anjaberan.de\/en\/wp-json\/wp\/v2\/product_cat?post=17605"},{"taxonomy":"product_tag","embeddable":true,"href":"https:\/\/www.anjaberan.de\/en\/wp-json\/wp\/v2\/product_tag?post=17605"}],"curies":[{"name":"wp","href":"https:\/\/api.w.org\/{rel}","templated":true}]}}