{"id":17761,"date":"2026-02-19T19:33:05","date_gmt":"2026-02-19T18:33:05","guid":{"rendered":"https:\/\/www.anjaberan.de\/?post_type=product&#038;p=17761"},"modified":"2026-02-19T20:42:48","modified_gmt":"2026-02-19T19:42:48","slug":"magazin-dressur-studien-1-2026","status":"publish","type":"product","link":"https:\/\/www.anjaberan.de\/en\/produkt\/magazin-dressur-studien-1-2026","title":{"rendered":"Magazin Dressur-Studien 1\/2026"},"content":{"rendered":"<h4>Heft 01\/2026 \u2013 \u201eWie sage ich es meinem Pferd: Hilfen am Boden Schritt f\u00fcr Schritt erkl\u00e4rt\u201c<\/h4>\n<p class=\"ff-capita red\">Unsere Ausgabe 81 erscheint zum 1.3.2026, Magazin, 140 Seiten, Softcover, 252g.<\/p>\n<p>Hand aufs Herz: Wie viele unterschiedliche Kommandos benutzt du eigentlich f\u00fcr \u201eStopp\u201c?<\/p>\n<p>Unsere Pferde verstehen erstaunlich viel. Oft nicht, weil wir besonders eindeutig sind \u2013 sondern weil sie tolerant mit unseren Variationen umgehen. Gerade bei jungen Pferden ist Klarheit entscheidend. Welche Worte sollen gelten? Welche Signale bleiben dauerhaft? Wer fr\u00fch bewusst ausw\u00e4hlt, schafft Struktur und vermeidet sp\u00e4tere Missverst\u00e4ndnisse. Aber auch bei \u00e4lteren Pferden lohnt sich dieser Blick: Welche Begriffe haben sich im Laufe der Jahre eingeschlichen? Wo entstehen Unklarheiten, weil mehrere Kommandos nebeneinander existieren? In unserem neuen Heft nehmen wir all das unter die Lupe!<\/p>\n<p class=\"ff-haboro-norm-bold red\">Inhaltsverzeichnis:<\/p>\n<p><strong>Wie sage ich es meinem Pferd: Hilfen am Boden Schritt f\u00fcr Schritt erkl\u00e4rt<\/strong><\/p>\n<p>Editorial (Claudia Sanders) 3<\/p>\n<p>Vorab: Warum Pferde Fremdsprachenprofis sind \u2013 und wir es ihnen dennoch leichter machen m\u00fcssen (cls) 8<br \/>\nWie Pferde lernen: Pferdeausbildung auf Basis der Lerntheorien (Franziska G\u00f6rwitz) 9<br \/>\nKonsequenz als Haltung \u2013 was Pferde von uns als Ausbilder erwarten d\u00fcrfen (Richard Hinrichs, Anne W\u00f6lert) 14<\/p>\n<p><em>Ausbildertipps<\/em><br \/>\nStefan Schneider: Weniger ist mehr 18<br \/>\nFalk und Caren Stankus: \u201eMit klarer Kommunikation Vertrauen schaffen\u201c 27<br \/>\nAnne Kr\u00fcger-Degener: Bindung und Dialog statt Dressur 36<br \/>\nMichael Geitner: Der Anfang liegt vor der Aufgabe 44<br \/>\nCelina Skogan: Alltag als Beziehungstraining 54<br \/>\nMandy Hibbeler: Sichere Pferde f\u00fcr Kinder und in der Reitp\u00e4dagogik 62<br \/>\nAngelika Trabert: Pferdeausbildung aus dem Rollstuhl 70<br \/>\nHeidrun Hafen: Pferde aktiv mitmachen lassen 80<br \/>\nJean-Fran\u00e7ois Pignon: Pferde sind keine Gl\u00fccksb\u00e4rchis 88<br \/>\nAnn-Fr\u00e9d\u00e9rique Seng: Zwischen Horsemanship und Hofreitschule 97<\/p>\n<p>Auf einen Blick: Welche Hilfen die Experten nutzen 106<\/p>\n<p><em>Ohne Scheuklappen<\/em><br \/>\nKostenexplosion f\u00fcr Pferdehalter und die Evaluierung der GOT 114<br \/>\nMeldungen: 46 Blood-Rule F\u00e4lle in 6 Wochen | Statt Strafe neuer Sponsor: Pikeur\/Eskadron setzt auf Kukuk 116<br \/>\nStandpunkt: Wie viel Tierschutz darf es denn sein? 117<br \/>\nLichtblicke: Equinorm \u2013 wenn pferdegerechtes Reiten messbar werden soll (Michael Fischer) 118<br \/>\nR-haltenswert: Die Sportpferdezucht im Wandel \u2013 Ursachen, Risiken und zukunftsf\u00e4hige Wege (Andr\u00e9 Hascher) 121<\/p>\n<p>Serie: Das Auge schulen (Karin Link und Jan Nivelle) 124<br \/>\nAus der Wissenschaft: M\u00f6gen Pferde Menschen \u00fcberhaupt? (Dr. Diana Krischke) 131<br \/>\nFair zum Pferd-Campus-Programm 134<br \/>\nGlosse Mr.P. &amp; Me: Ein Leben zwischen Go-Go-Girls und Au\u00dferirdischen 136<br \/>\nImpressum 137<br \/>\nVorschau Heft 2\/2026 138<\/p>\n<p>Redaktionsanschrift: Birkenweg 10, 57629 M\u00f6rsbach, Tel.: 02688\/988 65 38<\/p>\n<p>&nbsp;<\/p>\n<p>&nbsp;<\/p>\n<p>&nbsp;<\/p>\n<p>&nbsp;<\/p>\n","protected":false},"excerpt":{"rendered":"<p>Magazin Dressur-Studien 1\/2026<\/p>\n","protected":false},"featured_media":17762,"comment_status":"open","ping_status":"closed","template":"","meta":{"_acf_changed":false},"product_cat":[73],"product_tag":[841,843,842,845,844],"class_list":{"0":"post-17761","1":"product","2":"type-product","3":"status-publish","4":"has-post-thumbnail","6":"product_cat-anja-beran-buecher","7":"product_tag-dressur-studien","8":"product_tag-einzel-und-sonderhefte-der-dressur-studien","9":"product_tag-fair-zum-pferd","10":"product_tag-hilfen-am-boden","11":"product_tag-neuheiten-pferde","13":"first","14":"instock","15":"taxable","16":"shipping-taxable","17":"purchasable","18":"product-type-simple"},"acf":[],"yoast_head":"<!-- This site is optimized with the Yoast SEO plugin v27.3 - https:\/\/yoast.com\/product\/yoast-seo-wordpress\/ -->\n<title>Magazin Dressur-Studien 1\/2026 - Anja Beran<\/title>\n<meta name=\"robots\" content=\"index, follow, max-snippet:-1, max-image-preview:large, max-video-preview:-1\" \/>\n<link rel=\"canonical\" href=\"https:\/\/www.anjaberan.de\/produkt\/magazin-dressur-studien-1-2026\" \/>\n<meta property=\"og:locale\" content=\"en_US\" \/>\n<meta property=\"og:type\" content=\"article\" \/>\n<meta property=\"og:title\" content=\"Magazin Dressur-Studien 1\/2026 - Anja Beran\" \/>\n<meta property=\"og:description\" content=\"Magazin Dressur-Studien 1\/2026\" \/>\n<meta property=\"og:url\" content=\"https:\/\/www.anjaberan.de\/produkt\/magazin-dressur-studien-1-2026\" \/>\n<meta property=\"og:site_name\" content=\"Anja Beran\" \/>\n<meta property=\"article:modified_time\" content=\"2026-02-19T19:42:48+00:00\" \/>\n<meta property=\"og:image\" content=\"https:\/\/www.anjaberan.de\/wp-content\/uploads\/2026\/02\/beran-dressur-studien-0126.png\" \/>\n\t<meta property=\"og:image:width\" content=\"593\" \/>\n\t<meta property=\"og:image:height\" content=\"850\" \/>\n\t<meta property=\"og:image:type\" content=\"image\/png\" \/>\n<meta name=\"twitter:card\" content=\"summary_large_image\" \/>\n<meta name=\"twitter:label1\" content=\"Est. reading time\" \/>\n\t<meta name=\"twitter:data1\" content=\"3 minutes\" \/>\n<script type=\"application\/ld+json\" class=\"yoast-schema-graph\">{\"@context\":\"https:\\\/\\\/schema.org\",\"@graph\":[{\"@type\":\"WebPage\",\"@id\":\"https:\\\/\\\/www.anjaberan.de\\\/produkt\\\/magazin-dressur-studien-1-2026\",\"url\":\"https:\\\/\\\/www.anjaberan.de\\\/produkt\\\/magazin-dressur-studien-1-2026\",\"name\":\"Magazin Dressur-Studien 1\\\/2026 - Anja Beran\",\"isPartOf\":{\"@id\":\"https:\\\/\\\/www.anjaberan.de\\\/#website\"},\"primaryImageOfPage\":{\"@id\":\"https:\\\/\\\/www.anjaberan.de\\\/produkt\\\/magazin-dressur-studien-1-2026#primaryimage\"},\"image\":{\"@id\":\"https:\\\/\\\/www.anjaberan.de\\\/produkt\\\/magazin-dressur-studien-1-2026#primaryimage\"},\"thumbnailUrl\":\"https:\\\/\\\/www.anjaberan.de\\\/wp-content\\\/uploads\\\/2026\\\/02\\\/beran-dressur-studien-0126.png\",\"datePublished\":\"2026-02-19T18:33:05+00:00\",\"dateModified\":\"2026-02-19T19:42:48+00:00\",\"breadcrumb\":{\"@id\":\"https:\\\/\\\/www.anjaberan.de\\\/produkt\\\/magazin-dressur-studien-1-2026#breadcrumb\"},\"inLanguage\":\"en-US\",\"potentialAction\":[{\"@type\":\"ReadAction\",\"target\":[\"https:\\\/\\\/www.anjaberan.de\\\/produkt\\\/magazin-dressur-studien-1-2026\"]}]},{\"@type\":\"ImageObject\",\"inLanguage\":\"en-US\",\"@id\":\"https:\\\/\\\/www.anjaberan.de\\\/produkt\\\/magazin-dressur-studien-1-2026#primaryimage\",\"url\":\"https:\\\/\\\/www.anjaberan.de\\\/wp-content\\\/uploads\\\/2026\\\/02\\\/beran-dressur-studien-0126.png\",\"contentUrl\":\"https:\\\/\\\/www.anjaberan.de\\\/wp-content\\\/uploads\\\/2026\\\/02\\\/beran-dressur-studien-0126.png\",\"width\":593,\"height\":850},{\"@type\":\"BreadcrumbList\",\"@id\":\"https:\\\/\\\/www.anjaberan.de\\\/produkt\\\/magazin-dressur-studien-1-2026#breadcrumb\",\"itemListElement\":[{\"@type\":\"ListItem\",\"position\":1,\"name\":\"Startseite\",\"item\":\"https:\\\/\\\/www.anjaberan.de\\\/en\"},{\"@type\":\"ListItem\",\"position\":2,\"name\":\"Shop\",\"item\":\"https:\\\/\\\/www.anjaberan.de\\\/en\\\/shop\"},{\"@type\":\"ListItem\",\"position\":3,\"name\":\"Magazin Dressur-Studien 1\\\/2026\"}]},{\"@type\":\"WebSite\",\"@id\":\"https:\\\/\\\/www.anjaberan.de\\\/#website\",\"url\":\"https:\\\/\\\/www.anjaberan.de\\\/\",\"name\":\"Anja Beran\",\"description\":\"\",\"potentialAction\":[{\"@type\":\"SearchAction\",\"target\":{\"@type\":\"EntryPoint\",\"urlTemplate\":\"https:\\\/\\\/www.anjaberan.de\\\/?s={search_term_string}\"},\"query-input\":{\"@type\":\"PropertyValueSpecification\",\"valueRequired\":true,\"valueName\":\"search_term_string\"}}],\"inLanguage\":\"en-US\"}]}<\/script>\n<!-- \/ Yoast SEO plugin. -->","yoast_head_json":{"title":"Magazin Dressur-Studien 1\/2026 - Anja Beran","robots":{"index":"index","follow":"follow","max-snippet":"max-snippet:-1","max-image-preview":"max-image-preview:large","max-video-preview":"max-video-preview:-1"},"canonical":"https:\/\/www.anjaberan.de\/produkt\/magazin-dressur-studien-1-2026","og_locale":"en_US","og_type":"article","og_title":"Magazin Dressur-Studien 1\/2026 - Anja Beran","og_description":"Magazin Dressur-Studien 1\/2026","og_url":"https:\/\/www.anjaberan.de\/produkt\/magazin-dressur-studien-1-2026","og_site_name":"Anja Beran","article_modified_time":"2026-02-19T19:42:48+00:00","og_image":[{"width":593,"height":850,"url":"https:\/\/www.anjaberan.de\/wp-content\/uploads\/2026\/02\/beran-dressur-studien-0126.png","type":"image\/png"}],"twitter_card":"summary_large_image","twitter_misc":{"Est. reading time":"3 minutes"},"schema":{"@context":"https:\/\/schema.org","@graph":[{"@type":"WebPage","@id":"https:\/\/www.anjaberan.de\/produkt\/magazin-dressur-studien-1-2026","url":"https:\/\/www.anjaberan.de\/produkt\/magazin-dressur-studien-1-2026","name":"Magazin Dressur-Studien 1\/2026 - Anja Beran","isPartOf":{"@id":"https:\/\/www.anjaberan.de\/#website"},"primaryImageOfPage":{"@id":"https:\/\/www.anjaberan.de\/produkt\/magazin-dressur-studien-1-2026#primaryimage"},"image":{"@id":"https:\/\/www.anjaberan.de\/produkt\/magazin-dressur-studien-1-2026#primaryimage"},"thumbnailUrl":"https:\/\/www.anjaberan.de\/wp-content\/uploads\/2026\/02\/beran-dressur-studien-0126.png","datePublished":"2026-02-19T18:33:05+00:00","dateModified":"2026-02-19T19:42:48+00:00","breadcrumb":{"@id":"https:\/\/www.anjaberan.de\/produkt\/magazin-dressur-studien-1-2026#breadcrumb"},"inLanguage":"en-US","potentialAction":[{"@type":"ReadAction","target":["https:\/\/www.anjaberan.de\/produkt\/magazin-dressur-studien-1-2026"]}]},{"@type":"ImageObject","inLanguage":"en-US","@id":"https:\/\/www.anjaberan.de\/produkt\/magazin-dressur-studien-1-2026#primaryimage","url":"https:\/\/www.anjaberan.de\/wp-content\/uploads\/2026\/02\/beran-dressur-studien-0126.png","contentUrl":"https:\/\/www.anjaberan.de\/wp-content\/uploads\/2026\/02\/beran-dressur-studien-0126.png","width":593,"height":850},{"@type":"BreadcrumbList","@id":"https:\/\/www.anjaberan.de\/produkt\/magazin-dressur-studien-1-2026#breadcrumb","itemListElement":[{"@type":"ListItem","position":1,"name":"Startseite","item":"https:\/\/www.anjaberan.de\/en"},{"@type":"ListItem","position":2,"name":"Shop","item":"https:\/\/www.anjaberan.de\/en\/shop"},{"@type":"ListItem","position":3,"name":"Magazin Dressur-Studien 1\/2026"}]},{"@type":"WebSite","@id":"https:\/\/www.anjaberan.de\/#website","url":"https:\/\/www.anjaberan.de\/","name":"Anja Beran","description":"","potentialAction":[{"@type":"SearchAction","target":{"@type":"EntryPoint","urlTemplate":"https:\/\/www.anjaberan.de\/?s={search_term_string}"},"query-input":{"@type":"PropertyValueSpecification","valueRequired":true,"valueName":"search_term_string"}}],"inLanguage":"en-US"}]}},"_links":{"self":[{"href":"https:\/\/www.anjaberan.de\/en\/wp-json\/wp\/v2\/product\/17761","targetHints":{"allow":["GET"]}}],"collection":[{"href":"https:\/\/www.anjaberan.de\/en\/wp-json\/wp\/v2\/product"}],"about":[{"href":"https:\/\/www.anjaberan.de\/en\/wp-json\/wp\/v2\/types\/product"}],"replies":[{"embeddable":true,"href":"https:\/\/www.anjaberan.de\/en\/wp-json\/wp\/v2\/comments?post=17761"}],"wp:featuredmedia":[{"embeddable":true,"href":"https:\/\/www.anjaberan.de\/en\/wp-json\/wp\/v2\/media\/17762"}],"wp:attachment":[{"href":"https:\/\/www.anjaberan.de\/en\/wp-json\/wp\/v2\/media?parent=17761"}],"wp:term":[{"taxonomy":"product_cat","embeddable":true,"href":"https:\/\/www.anjaberan.de\/en\/wp-json\/wp\/v2\/product_cat?post=17761"},{"taxonomy":"product_tag","embeddable":true,"href":"https:\/\/www.anjaberan.de\/en\/wp-json\/wp\/v2\/product_tag?post=17761"}],"curies":[{"name":"wp","href":"https:\/\/api.w.org\/{rel}","templated":true}]}}