{"id":2408,"date":"2018-01-04T00:18:17","date_gmt":"2018-01-03T23:18:17","guid":{"rendered":"http:\/\/www.anjaberan.de\/?post_type=product&#038;p=2408"},"modified":"2024-10-27T19:38:54","modified_gmt":"2024-10-27T18:38:54","slug":"aus-respekt-von-anja-beran","status":"publish","type":"product","link":"https:\/\/www.anjaberan.de\/en\/produkt\/aus-respekt-von-anja-beran","title":{"rendered":"Buch Aus Respekt von Anja Beran"},"content":{"rendered":"<h4>Aus Respekt \u2013 Reiten zum Wohle des Pferdes | \u00fcberarbeitete Neuauflage<\/h4>\n<p>Anja Berans universelles Standardwerk l\u00e4sst keine W\u00fcnsche offen. Ob Anf\u00e4nger oder fortgeschrittener Dressurreiter \u2013 hier findet jeder Reiter unverzichtbares Basiswissen, angefangen vom mentalen und k\u00f6rperlichen R\u00fcstzeug bis hin zur pferdegerechten Ausbildung. Detaillierte Zeichnungen und Erkl\u00e4rungen geben eine konkrete Anleitung, wie selbst schwierige Lektionen gelingen. Erg\u00e4nzendes Hintergrundwissen macht deutlich, welchen Sinn jede Lektion f\u00fcr die Ausbildung des Pferdes hat. Inklusive einem Kapitel von Dr. Gerd Heuschmann.<\/p>\n<p>Gebundene Ausgabe: 208 Seiten<br \/>\nVerlag: Kosmos Verlag; Auflage: 2 (1. Juni 2017)<br \/>\nGr\u00f6\u00dfe: 19 x 25,3 cm<\/p>\n<p>ISBN-10: 3440152529<br \/>\nISBN-13: 978-3440152522<\/p>\n","protected":false},"excerpt":{"rendered":"<p>Aus Respekt \u2013 Reiten zum Wohle des Pferdes | \u00fcberarbeitete Neuauflage Anja Berans universelles Standardwerk l\u00e4sst keine W\u00fcnsche offen. Ob Anf\u00e4nger oder fortgeschrittener Dressurreiter \u2013 hier findet jeder Reiter unverzichtbares Basiswissen, angefangen vom mentalen und k\u00f6rperlichen R\u00fcstzeug bis hin zur pferdegerechten Ausbildung. Detaillierte Zeichnungen und Erkl\u00e4rungen geben eine konkrete Anleitung, <a class=\"moretag\" href=\"https:\/\/www.anjaberan.de\/en\/produkt\/aus-respekt-von-anja-beran\">read more&#8230;<\/a><\/p>\n","protected":false},"featured_media":3911,"comment_status":"open","ping_status":"closed","template":"","meta":{"_acf_changed":false},"product_cat":[73],"product_tag":[94,95,98,97,99,100,96],"class_list":{"0":"post-2408","1":"product","2":"type-product","3":"status-publish","4":"has-post-thumbnail","6":"product_cat-anja-beran-buecher","7":"product_tag-anja","8":"product_tag-beran","9":"product_tag-dressur","10":"product_tag-klassische-dressur","11":"product_tag-reitbuecher","12":"product_tag-reitkunst","13":"product_tag-reitlehre","15":"first","16":"instock","17":"taxable","18":"shipping-taxable","19":"purchasable","20":"product-type-simple"},"acf":[],"yoast_head":"<!-- This site is optimized with the Yoast SEO plugin v27.4 - https:\/\/yoast.com\/product\/yoast-seo-wordpress\/ -->\n<title>Buch Aus Respekt von Anja Beran - Anja Beran<\/title>\n<meta name=\"robots\" content=\"index, follow, max-snippet:-1, max-image-preview:large, max-video-preview:-1\" \/>\n<link rel=\"canonical\" href=\"https:\/\/www.anjaberan.de\/produkt\/aus-respekt-von-anja-beran\" \/>\n<meta property=\"og:locale\" content=\"en_US\" \/>\n<meta property=\"og:type\" content=\"article\" \/>\n<meta property=\"og:title\" content=\"Buch Aus Respekt von Anja Beran - Anja Beran\" \/>\n<meta property=\"og:description\" content=\"Aus Respekt \u2013 Reiten zum Wohle des Pferdes | \u00fcberarbeitete Neuauflage Anja Berans universelles Standardwerk l\u00e4sst keine W\u00fcnsche offen. Ob Anf\u00e4nger oder fortgeschrittener Dressurreiter \u2013 hier findet jeder Reiter unverzichtbares Basiswissen, angefangen vom mentalen und k\u00f6rperlichen R\u00fcstzeug bis hin zur pferdegerechten Ausbildung. Detaillierte Zeichnungen und Erkl\u00e4rungen geben eine konkrete Anleitung, read more...\" \/>\n<meta property=\"og:url\" content=\"https:\/\/www.anjaberan.de\/produkt\/aus-respekt-von-anja-beran\" \/>\n<meta property=\"og:site_name\" content=\"Anja Beran\" \/>\n<meta property=\"article:modified_time\" content=\"2024-10-27T18:38:54+00:00\" \/>\n<meta property=\"og:image\" content=\"https:\/\/www.anjaberan.de\/wp-content\/uploads\/2018\/01\/beran-aus-respekt-neuauflage.jpg\" \/>\n\t<meta property=\"og:image:width\" content=\"1177\" \/>\n\t<meta property=\"og:image:height\" content=\"1567\" \/>\n\t<meta property=\"og:image:type\" content=\"image\/jpeg\" \/>\n<meta name=\"twitter:card\" content=\"summary_large_image\" \/>\n<meta name=\"twitter:label1\" content=\"Est. reading time\" \/>\n\t<meta name=\"twitter:data1\" content=\"1 minute\" \/>\n<script type=\"application\/ld+json\" class=\"yoast-schema-graph\">{\"@context\":\"https:\\\/\\\/schema.org\",\"@graph\":[{\"@type\":\"WebPage\",\"@id\":\"https:\\\/\\\/www.anjaberan.de\\\/produkt\\\/aus-respekt-von-anja-beran\",\"url\":\"https:\\\/\\\/www.anjaberan.de\\\/produkt\\\/aus-respekt-von-anja-beran\",\"name\":\"Buch Aus Respekt von Anja Beran - Anja Beran\",\"isPartOf\":{\"@id\":\"https:\\\/\\\/www.anjaberan.de\\\/#website\"},\"primaryImageOfPage\":{\"@id\":\"https:\\\/\\\/www.anjaberan.de\\\/produkt\\\/aus-respekt-von-anja-beran#primaryimage\"},\"image\":{\"@id\":\"https:\\\/\\\/www.anjaberan.de\\\/produkt\\\/aus-respekt-von-anja-beran#primaryimage\"},\"thumbnailUrl\":\"https:\\\/\\\/www.anjaberan.de\\\/wp-content\\\/uploads\\\/2018\\\/01\\\/beran-aus-respekt-neuauflage.jpg\",\"datePublished\":\"2018-01-03T23:18:17+00:00\",\"dateModified\":\"2024-10-27T18:38:54+00:00\",\"breadcrumb\":{\"@id\":\"https:\\\/\\\/www.anjaberan.de\\\/produkt\\\/aus-respekt-von-anja-beran#breadcrumb\"},\"inLanguage\":\"en-US\",\"potentialAction\":[{\"@type\":\"ReadAction\",\"target\":[\"https:\\\/\\\/www.anjaberan.de\\\/produkt\\\/aus-respekt-von-anja-beran\"]}]},{\"@type\":\"ImageObject\",\"inLanguage\":\"en-US\",\"@id\":\"https:\\\/\\\/www.anjaberan.de\\\/produkt\\\/aus-respekt-von-anja-beran#primaryimage\",\"url\":\"https:\\\/\\\/www.anjaberan.de\\\/wp-content\\\/uploads\\\/2018\\\/01\\\/beran-aus-respekt-neuauflage.jpg\",\"contentUrl\":\"https:\\\/\\\/www.anjaberan.de\\\/wp-content\\\/uploads\\\/2018\\\/01\\\/beran-aus-respekt-neuauflage.jpg\",\"width\":1177,\"height\":1567},{\"@type\":\"BreadcrumbList\",\"@id\":\"https:\\\/\\\/www.anjaberan.de\\\/produkt\\\/aus-respekt-von-anja-beran#breadcrumb\",\"itemListElement\":[{\"@type\":\"ListItem\",\"position\":1,\"name\":\"Startseite\",\"item\":\"https:\\\/\\\/www.anjaberan.de\\\/en\"},{\"@type\":\"ListItem\",\"position\":2,\"name\":\"Shop\",\"item\":\"https:\\\/\\\/www.anjaberan.de\\\/en\\\/shop\"},{\"@type\":\"ListItem\",\"position\":3,\"name\":\"Buch Aus Respekt von Anja Beran\"}]},{\"@type\":\"WebSite\",\"@id\":\"https:\\\/\\\/www.anjaberan.de\\\/#website\",\"url\":\"https:\\\/\\\/www.anjaberan.de\\\/\",\"name\":\"Anja Beran\",\"description\":\"\",\"potentialAction\":[{\"@type\":\"SearchAction\",\"target\":{\"@type\":\"EntryPoint\",\"urlTemplate\":\"https:\\\/\\\/www.anjaberan.de\\\/?s={search_term_string}\"},\"query-input\":{\"@type\":\"PropertyValueSpecification\",\"valueRequired\":true,\"valueName\":\"search_term_string\"}}],\"inLanguage\":\"en-US\"}]}<\/script>\n<!-- \/ Yoast SEO plugin. -->","yoast_head_json":{"title":"Buch Aus Respekt von Anja Beran - Anja Beran","robots":{"index":"index","follow":"follow","max-snippet":"max-snippet:-1","max-image-preview":"max-image-preview:large","max-video-preview":"max-video-preview:-1"},"canonical":"https:\/\/www.anjaberan.de\/produkt\/aus-respekt-von-anja-beran","og_locale":"en_US","og_type":"article","og_title":"Buch Aus Respekt von Anja Beran - Anja Beran","og_description":"Aus Respekt \u2013 Reiten zum Wohle des Pferdes | \u00fcberarbeitete Neuauflage Anja Berans universelles Standardwerk l\u00e4sst keine W\u00fcnsche offen. Ob Anf\u00e4nger oder fortgeschrittener Dressurreiter \u2013 hier findet jeder Reiter unverzichtbares Basiswissen, angefangen vom mentalen und k\u00f6rperlichen R\u00fcstzeug bis hin zur pferdegerechten Ausbildung. Detaillierte Zeichnungen und Erkl\u00e4rungen geben eine konkrete Anleitung, read more...","og_url":"https:\/\/www.anjaberan.de\/produkt\/aus-respekt-von-anja-beran","og_site_name":"Anja Beran","article_modified_time":"2024-10-27T18:38:54+00:00","og_image":[{"width":1177,"height":1567,"url":"https:\/\/www.anjaberan.de\/wp-content\/uploads\/2018\/01\/beran-aus-respekt-neuauflage.jpg","type":"image\/jpeg"}],"twitter_card":"summary_large_image","twitter_misc":{"Est. reading time":"1 minute"},"schema":{"@context":"https:\/\/schema.org","@graph":[{"@type":"WebPage","@id":"https:\/\/www.anjaberan.de\/produkt\/aus-respekt-von-anja-beran","url":"https:\/\/www.anjaberan.de\/produkt\/aus-respekt-von-anja-beran","name":"Buch Aus Respekt von Anja Beran - Anja Beran","isPartOf":{"@id":"https:\/\/www.anjaberan.de\/#website"},"primaryImageOfPage":{"@id":"https:\/\/www.anjaberan.de\/produkt\/aus-respekt-von-anja-beran#primaryimage"},"image":{"@id":"https:\/\/www.anjaberan.de\/produkt\/aus-respekt-von-anja-beran#primaryimage"},"thumbnailUrl":"https:\/\/www.anjaberan.de\/wp-content\/uploads\/2018\/01\/beran-aus-respekt-neuauflage.jpg","datePublished":"2018-01-03T23:18:17+00:00","dateModified":"2024-10-27T18:38:54+00:00","breadcrumb":{"@id":"https:\/\/www.anjaberan.de\/produkt\/aus-respekt-von-anja-beran#breadcrumb"},"inLanguage":"en-US","potentialAction":[{"@type":"ReadAction","target":["https:\/\/www.anjaberan.de\/produkt\/aus-respekt-von-anja-beran"]}]},{"@type":"ImageObject","inLanguage":"en-US","@id":"https:\/\/www.anjaberan.de\/produkt\/aus-respekt-von-anja-beran#primaryimage","url":"https:\/\/www.anjaberan.de\/wp-content\/uploads\/2018\/01\/beran-aus-respekt-neuauflage.jpg","contentUrl":"https:\/\/www.anjaberan.de\/wp-content\/uploads\/2018\/01\/beran-aus-respekt-neuauflage.jpg","width":1177,"height":1567},{"@type":"BreadcrumbList","@id":"https:\/\/www.anjaberan.de\/produkt\/aus-respekt-von-anja-beran#breadcrumb","itemListElement":[{"@type":"ListItem","position":1,"name":"Startseite","item":"https:\/\/www.anjaberan.de\/en"},{"@type":"ListItem","position":2,"name":"Shop","item":"https:\/\/www.anjaberan.de\/en\/shop"},{"@type":"ListItem","position":3,"name":"Buch Aus Respekt von Anja Beran"}]},{"@type":"WebSite","@id":"https:\/\/www.anjaberan.de\/#website","url":"https:\/\/www.anjaberan.de\/","name":"Anja Beran","description":"","potentialAction":[{"@type":"SearchAction","target":{"@type":"EntryPoint","urlTemplate":"https:\/\/www.anjaberan.de\/?s={search_term_string}"},"query-input":{"@type":"PropertyValueSpecification","valueRequired":true,"valueName":"search_term_string"}}],"inLanguage":"en-US"}]}},"_links":{"self":[{"href":"https:\/\/www.anjaberan.de\/en\/wp-json\/wp\/v2\/product\/2408","targetHints":{"allow":["GET"]}}],"collection":[{"href":"https:\/\/www.anjaberan.de\/en\/wp-json\/wp\/v2\/product"}],"about":[{"href":"https:\/\/www.anjaberan.de\/en\/wp-json\/wp\/v2\/types\/product"}],"replies":[{"embeddable":true,"href":"https:\/\/www.anjaberan.de\/en\/wp-json\/wp\/v2\/comments?post=2408"}],"wp:featuredmedia":[{"embeddable":true,"href":"https:\/\/www.anjaberan.de\/en\/wp-json\/wp\/v2\/media\/3911"}],"wp:attachment":[{"href":"https:\/\/www.anjaberan.de\/en\/wp-json\/wp\/v2\/media?parent=2408"}],"wp:term":[{"taxonomy":"product_cat","embeddable":true,"href":"https:\/\/www.anjaberan.de\/en\/wp-json\/wp\/v2\/product_cat?post=2408"},{"taxonomy":"product_tag","embeddable":true,"href":"https:\/\/www.anjaberan.de\/en\/wp-json\/wp\/v2\/product_tag?post=2408"}],"curies":[{"name":"wp","href":"https:\/\/api.w.org\/{rel}","templated":true}]}}