{"id":2409,"date":"2018-01-04T00:20:04","date_gmt":"2018-01-03T23:20:04","guid":{"rendered":"http:\/\/www.anjaberan.de\/?post_type=product&#038;p=2409"},"modified":"2024-09-19T23:15:09","modified_gmt":"2024-09-19T21:15:09","slug":"pferde-im-profil-von-anja-beran-und-maresa-mader","status":"publish","type":"product","link":"https:\/\/www.anjaberan.de\/en\/produkt\/pferde-im-profil-von-anja-beran-und-maresa-mader","title":{"rendered":"Buch Pferde im Profil von Anja Beran und Maresa Mader"},"content":{"rendered":"<h4>Pferde im Profil: Facetten der klassischen Dressur<\/h4>\n<p>Anja Beran stellt in diesem Bildband ganz unterschiedliche Pferde in Aktion vor. Vom jungen Pferd am Anfang seiner Ausbildung bis zum Senior haben dabei alle eines gemeinsam: sie strahlen vor der Kamera vollendete Leichtigkeit aus. Nichts lenkt davon ab, denn die Fotos sind bewusst vor einer Studiokulisse aufgenommen. Anja Beran \u201ebetrachtet\u201c diese Bilder und geht dabei auf die St\u00e4rken und Schw\u00e4chen des jeweiligen Pferdes ein, denn alle Lektionen sind korrekt geritten, sehen jedoch abh\u00e4ngig von den Voraussetzungen des Pferdes etwas unterschiedlich aus. So kann der Leser ganz nebenbei seinen Blick schulen.<\/p>\n<p>Gebundene Ausgabe: 144 Seiten<br \/>\nVerlag: Cadmos Verlag (10. November 2017)<br \/>\nGr\u00f6\u00dfe: 24 x 27 cm<\/p>\n<p>ISBN-10: 3840410789<br \/>\nISBN-13: 978-3840410789<\/p>\n<p>&nbsp;<\/p>\n","protected":false},"excerpt":{"rendered":"<p>Pferde im Profil: Facetten der klassischen Dressur Anja Beran stellt in diesem Bildband ganz unterschiedliche Pferde in Aktion vor. Vom jungen Pferd am Anfang seiner Ausbildung bis zum Senior haben dabei alle eines gemeinsam: sie strahlen vor der Kamera vollendete Leichtigkeit aus. Nichts lenkt davon ab, denn die Fotos sind <a class=\"moretag\" href=\"https:\/\/www.anjaberan.de\/en\/produkt\/pferde-im-profil-von-anja-beran-und-maresa-mader\">read more&#8230;<\/a><\/p>\n","protected":false},"featured_media":2235,"comment_status":"open","ping_status":"closed","template":"","meta":{"_acf_changed":false},"product_cat":[73],"product_tag":[94,95,98,97,99,100,96],"class_list":{"0":"post-2409","1":"product","2":"type-product","3":"status-publish","4":"has-post-thumbnail","6":"product_cat-anja-beran-buecher","7":"product_tag-anja","8":"product_tag-beran","9":"product_tag-dressur","10":"product_tag-klassische-dressur","11":"product_tag-reitbuecher","12":"product_tag-reitkunst","13":"product_tag-reitlehre","15":"first","16":"outofstock","17":"taxable","18":"shipping-taxable","19":"purchasable","20":"product-type-simple"},"acf":[],"yoast_head":"<!-- This site is optimized with the Yoast SEO plugin v27.3 - https:\/\/yoast.com\/product\/yoast-seo-wordpress\/ -->\n<title>Buch Pferde im Profil von Anja Beran und Maresa Mader - Anja Beran<\/title>\n<meta name=\"robots\" content=\"index, follow, max-snippet:-1, max-image-preview:large, max-video-preview:-1\" \/>\n<link rel=\"canonical\" href=\"https:\/\/www.anjaberan.de\/produkt\/pferde-im-profil-von-anja-beran-und-maresa-mader\" \/>\n<meta property=\"og:locale\" content=\"en_US\" \/>\n<meta property=\"og:type\" content=\"article\" \/>\n<meta property=\"og:title\" content=\"Buch Pferde im Profil von Anja Beran und Maresa Mader - Anja Beran\" \/>\n<meta property=\"og:description\" content=\"Pferde im Profil: Facetten der klassischen Dressur Anja Beran stellt in diesem Bildband ganz unterschiedliche Pferde in Aktion vor. Vom jungen Pferd am Anfang seiner Ausbildung bis zum Senior haben dabei alle eines gemeinsam: sie strahlen vor der Kamera vollendete Leichtigkeit aus. Nichts lenkt davon ab, denn die Fotos sind read more...\" \/>\n<meta property=\"og:url\" content=\"https:\/\/www.anjaberan.de\/produkt\/pferde-im-profil-von-anja-beran-und-maresa-mader\" \/>\n<meta property=\"og:site_name\" content=\"Anja Beran\" \/>\n<meta property=\"article:modified_time\" content=\"2024-09-19T21:15:09+00:00\" \/>\n<meta property=\"og:image\" content=\"https:\/\/www.anjaberan.de\/wp-content\/uploads\/2017\/11\/beran-pferde-profil.jpg\" \/>\n\t<meta property=\"og:image:width\" content=\"1920\" \/>\n\t<meta property=\"og:image:height\" content=\"2160\" \/>\n\t<meta property=\"og:image:type\" content=\"image\/jpeg\" \/>\n<meta name=\"twitter:card\" content=\"summary_large_image\" \/>\n<meta name=\"twitter:label1\" content=\"Est. reading time\" \/>\n\t<meta name=\"twitter:data1\" content=\"1 minute\" \/>\n<script type=\"application\/ld+json\" class=\"yoast-schema-graph\">{\"@context\":\"https:\\\/\\\/schema.org\",\"@graph\":[{\"@type\":\"WebPage\",\"@id\":\"https:\\\/\\\/www.anjaberan.de\\\/produkt\\\/pferde-im-profil-von-anja-beran-und-maresa-mader\",\"url\":\"https:\\\/\\\/www.anjaberan.de\\\/produkt\\\/pferde-im-profil-von-anja-beran-und-maresa-mader\",\"name\":\"Buch Pferde im Profil von Anja Beran und Maresa Mader - Anja Beran\",\"isPartOf\":{\"@id\":\"https:\\\/\\\/www.anjaberan.de\\\/#website\"},\"primaryImageOfPage\":{\"@id\":\"https:\\\/\\\/www.anjaberan.de\\\/produkt\\\/pferde-im-profil-von-anja-beran-und-maresa-mader#primaryimage\"},\"image\":{\"@id\":\"https:\\\/\\\/www.anjaberan.de\\\/produkt\\\/pferde-im-profil-von-anja-beran-und-maresa-mader#primaryimage\"},\"thumbnailUrl\":\"https:\\\/\\\/www.anjaberan.de\\\/wp-content\\\/uploads\\\/2017\\\/11\\\/beran-pferde-profil.jpg\",\"datePublished\":\"2018-01-03T23:20:04+00:00\",\"dateModified\":\"2024-09-19T21:15:09+00:00\",\"breadcrumb\":{\"@id\":\"https:\\\/\\\/www.anjaberan.de\\\/produkt\\\/pferde-im-profil-von-anja-beran-und-maresa-mader#breadcrumb\"},\"inLanguage\":\"en-US\",\"potentialAction\":[{\"@type\":\"ReadAction\",\"target\":[\"https:\\\/\\\/www.anjaberan.de\\\/produkt\\\/pferde-im-profil-von-anja-beran-und-maresa-mader\"]}]},{\"@type\":\"ImageObject\",\"inLanguage\":\"en-US\",\"@id\":\"https:\\\/\\\/www.anjaberan.de\\\/produkt\\\/pferde-im-profil-von-anja-beran-und-maresa-mader#primaryimage\",\"url\":\"https:\\\/\\\/www.anjaberan.de\\\/wp-content\\\/uploads\\\/2017\\\/11\\\/beran-pferde-profil.jpg\",\"contentUrl\":\"https:\\\/\\\/www.anjaberan.de\\\/wp-content\\\/uploads\\\/2017\\\/11\\\/beran-pferde-profil.jpg\",\"width\":1920,\"height\":2160},{\"@type\":\"BreadcrumbList\",\"@id\":\"https:\\\/\\\/www.anjaberan.de\\\/produkt\\\/pferde-im-profil-von-anja-beran-und-maresa-mader#breadcrumb\",\"itemListElement\":[{\"@type\":\"ListItem\",\"position\":1,\"name\":\"Startseite\",\"item\":\"https:\\\/\\\/www.anjaberan.de\\\/en\"},{\"@type\":\"ListItem\",\"position\":2,\"name\":\"Shop\",\"item\":\"https:\\\/\\\/www.anjaberan.de\\\/en\\\/shop\"},{\"@type\":\"ListItem\",\"position\":3,\"name\":\"Buch Pferde im Profil von Anja Beran und Maresa Mader\"}]},{\"@type\":\"WebSite\",\"@id\":\"https:\\\/\\\/www.anjaberan.de\\\/#website\",\"url\":\"https:\\\/\\\/www.anjaberan.de\\\/\",\"name\":\"Anja Beran\",\"description\":\"\",\"potentialAction\":[{\"@type\":\"SearchAction\",\"target\":{\"@type\":\"EntryPoint\",\"urlTemplate\":\"https:\\\/\\\/www.anjaberan.de\\\/?s={search_term_string}\"},\"query-input\":{\"@type\":\"PropertyValueSpecification\",\"valueRequired\":true,\"valueName\":\"search_term_string\"}}],\"inLanguage\":\"en-US\"}]}<\/script>\n<!-- \/ Yoast SEO plugin. -->","yoast_head_json":{"title":"Buch Pferde im Profil von Anja Beran und Maresa Mader - Anja Beran","robots":{"index":"index","follow":"follow","max-snippet":"max-snippet:-1","max-image-preview":"max-image-preview:large","max-video-preview":"max-video-preview:-1"},"canonical":"https:\/\/www.anjaberan.de\/produkt\/pferde-im-profil-von-anja-beran-und-maresa-mader","og_locale":"en_US","og_type":"article","og_title":"Buch Pferde im Profil von Anja Beran und Maresa Mader - Anja Beran","og_description":"Pferde im Profil: Facetten der klassischen Dressur Anja Beran stellt in diesem Bildband ganz unterschiedliche Pferde in Aktion vor. Vom jungen Pferd am Anfang seiner Ausbildung bis zum Senior haben dabei alle eines gemeinsam: sie strahlen vor der Kamera vollendete Leichtigkeit aus. Nichts lenkt davon ab, denn die Fotos sind read more...","og_url":"https:\/\/www.anjaberan.de\/produkt\/pferde-im-profil-von-anja-beran-und-maresa-mader","og_site_name":"Anja Beran","article_modified_time":"2024-09-19T21:15:09+00:00","og_image":[{"width":1920,"height":2160,"url":"https:\/\/www.anjaberan.de\/wp-content\/uploads\/2017\/11\/beran-pferde-profil.jpg","type":"image\/jpeg"}],"twitter_card":"summary_large_image","twitter_misc":{"Est. reading time":"1 minute"},"schema":{"@context":"https:\/\/schema.org","@graph":[{"@type":"WebPage","@id":"https:\/\/www.anjaberan.de\/produkt\/pferde-im-profil-von-anja-beran-und-maresa-mader","url":"https:\/\/www.anjaberan.de\/produkt\/pferde-im-profil-von-anja-beran-und-maresa-mader","name":"Buch Pferde im Profil von Anja Beran und Maresa Mader - Anja Beran","isPartOf":{"@id":"https:\/\/www.anjaberan.de\/#website"},"primaryImageOfPage":{"@id":"https:\/\/www.anjaberan.de\/produkt\/pferde-im-profil-von-anja-beran-und-maresa-mader#primaryimage"},"image":{"@id":"https:\/\/www.anjaberan.de\/produkt\/pferde-im-profil-von-anja-beran-und-maresa-mader#primaryimage"},"thumbnailUrl":"https:\/\/www.anjaberan.de\/wp-content\/uploads\/2017\/11\/beran-pferde-profil.jpg","datePublished":"2018-01-03T23:20:04+00:00","dateModified":"2024-09-19T21:15:09+00:00","breadcrumb":{"@id":"https:\/\/www.anjaberan.de\/produkt\/pferde-im-profil-von-anja-beran-und-maresa-mader#breadcrumb"},"inLanguage":"en-US","potentialAction":[{"@type":"ReadAction","target":["https:\/\/www.anjaberan.de\/produkt\/pferde-im-profil-von-anja-beran-und-maresa-mader"]}]},{"@type":"ImageObject","inLanguage":"en-US","@id":"https:\/\/www.anjaberan.de\/produkt\/pferde-im-profil-von-anja-beran-und-maresa-mader#primaryimage","url":"https:\/\/www.anjaberan.de\/wp-content\/uploads\/2017\/11\/beran-pferde-profil.jpg","contentUrl":"https:\/\/www.anjaberan.de\/wp-content\/uploads\/2017\/11\/beran-pferde-profil.jpg","width":1920,"height":2160},{"@type":"BreadcrumbList","@id":"https:\/\/www.anjaberan.de\/produkt\/pferde-im-profil-von-anja-beran-und-maresa-mader#breadcrumb","itemListElement":[{"@type":"ListItem","position":1,"name":"Startseite","item":"https:\/\/www.anjaberan.de\/en"},{"@type":"ListItem","position":2,"name":"Shop","item":"https:\/\/www.anjaberan.de\/en\/shop"},{"@type":"ListItem","position":3,"name":"Buch Pferde im Profil von Anja Beran und Maresa Mader"}]},{"@type":"WebSite","@id":"https:\/\/www.anjaberan.de\/#website","url":"https:\/\/www.anjaberan.de\/","name":"Anja Beran","description":"","potentialAction":[{"@type":"SearchAction","target":{"@type":"EntryPoint","urlTemplate":"https:\/\/www.anjaberan.de\/?s={search_term_string}"},"query-input":{"@type":"PropertyValueSpecification","valueRequired":true,"valueName":"search_term_string"}}],"inLanguage":"en-US"}]}},"_links":{"self":[{"href":"https:\/\/www.anjaberan.de\/en\/wp-json\/wp\/v2\/product\/2409","targetHints":{"allow":["GET"]}}],"collection":[{"href":"https:\/\/www.anjaberan.de\/en\/wp-json\/wp\/v2\/product"}],"about":[{"href":"https:\/\/www.anjaberan.de\/en\/wp-json\/wp\/v2\/types\/product"}],"replies":[{"embeddable":true,"href":"https:\/\/www.anjaberan.de\/en\/wp-json\/wp\/v2\/comments?post=2409"}],"wp:featuredmedia":[{"embeddable":true,"href":"https:\/\/www.anjaberan.de\/en\/wp-json\/wp\/v2\/media\/2235"}],"wp:attachment":[{"href":"https:\/\/www.anjaberan.de\/en\/wp-json\/wp\/v2\/media?parent=2409"}],"wp:term":[{"taxonomy":"product_cat","embeddable":true,"href":"https:\/\/www.anjaberan.de\/en\/wp-json\/wp\/v2\/product_cat?post=2409"},{"taxonomy":"product_tag","embeddable":true,"href":"https:\/\/www.anjaberan.de\/en\/wp-json\/wp\/v2\/product_tag?post=2409"}],"curies":[{"name":"wp","href":"https:\/\/api.w.org\/{rel}","templated":true}]}}