{"id":2410,"date":"2018-01-04T00:37:47","date_gmt":"2018-01-03T23:37:47","guid":{"rendered":"http:\/\/www.anjaberan.de\/?post_type=product&#038;p=2410"},"modified":"2024-09-19T23:12:14","modified_gmt":"2024-09-19T21:12:14","slug":"der-dressursitz-von-anja-beran","status":"publish","type":"product","link":"https:\/\/www.anjaberan.de\/en\/produkt\/der-dressursitz-von-anja-beran","title":{"rendered":"Buch Der Dressursitz von Anja Beran"},"content":{"rendered":"<h4>Der Dressursitz: Richtig sitzen \u2013 Feiner reiten \u2013 Gesunder Pferder\u00fccken<\/h4>\n<p>Aus Respekt und zum Wohle der Pferde verdient der Sitz gr\u00f6\u00dfte Aufmerksamkeit. Die Harmonie mit dem Pferd und seine Motivation h\u00e4ngen stark von einem geschmeidigen und effektiven Sitz ab. Die vornehmste Aufgabe eines guten Sitzes ist es, das Pferd nicht zu st\u00f6ren! Anja Beran betrachtet den Sitz des Reiters aus unterschiedlichen Perspektiven. Nur so kann es gelingen, den Sitz zu optimieren. F\u00fcr einen guten Sitz reicht die reiterliche Herangehensweise allein nicht aus. Auch die physiotherapeutische Anleitung zur Haltungs- und Bewegungsschulung von Physiotherapeutin und Tanzlehrerin Veronika Brod spielt eine Rolle, ebenso die Kontrolle der Atmung und der mentale Aspekt. In bildhafter Darstellung gibt die Autorin Tipps und Ratschl\u00e4ge, um dem Pferd harmonisch in seinen Bewegungen zu folgen und den K\u00f6rper effektiv einzusetzen. Fundiert gibt sie Hilfestellung, um individuelle Schw\u00e4chen beim Sitz zu verstehen und zu beheben.<\/p>\n<p>Gebundene Ausgabe: 176 Seiten<br \/>\nVerlag: Crystal Verlag; Auflage: 1 (20. November 2015)<br \/>\nGr\u00f6\u00dfe: 24,8 x 27,5 cm<\/p>\n<p>ISBN-10: 3958470017<br \/>\nISBN-13: 978-3958470019<\/p>\n<p>&nbsp;<\/p>\n","protected":false},"excerpt":{"rendered":"<p>Der Dressursitz: Richtig sitzen \u2013 Feiner reiten \u2013 Gesunder Pferder\u00fccken Aus Respekt und zum Wohle der Pferde verdient der Sitz gr\u00f6\u00dfte Aufmerksamkeit. Die Harmonie mit dem Pferd und seine Motivation h\u00e4ngen stark von einem geschmeidigen und effektiven Sitz ab. Die vornehmste Aufgabe eines guten Sitzes ist es, das Pferd nicht <a class=\"moretag\" href=\"https:\/\/www.anjaberan.de\/en\/produkt\/der-dressursitz-von-anja-beran\">read more&#8230;<\/a><\/p>\n","protected":false},"featured_media":523,"comment_status":"open","ping_status":"closed","template":"","meta":{"_acf_changed":false},"product_cat":[73],"product_tag":[94,95,98,97,99,101,100,96,102],"class_list":{"0":"post-2410","1":"product","2":"type-product","3":"status-publish","4":"has-post-thumbnail","6":"product_cat-anja-beran-buecher","7":"product_tag-anja","8":"product_tag-beran","9":"product_tag-dressur","10":"product_tag-klassische-dressur","11":"product_tag-reitbuecher","12":"product_tag-reitersitz","13":"product_tag-reitkunst","14":"product_tag-reitlehre","15":"product_tag-sitzschulung","17":"first","18":"instock","19":"taxable","20":"shipping-taxable","21":"purchasable","22":"product-type-simple"},"acf":[],"yoast_head":"<!-- This site is optimized with the Yoast SEO plugin v27.4 - https:\/\/yoast.com\/product\/yoast-seo-wordpress\/ -->\n<title>Buch Der Dressursitz von Anja Beran - Anja Beran<\/title>\n<meta name=\"robots\" content=\"index, follow, max-snippet:-1, max-image-preview:large, max-video-preview:-1\" \/>\n<link rel=\"canonical\" href=\"https:\/\/www.anjaberan.de\/produkt\/der-dressursitz-von-anja-beran\" \/>\n<meta property=\"og:locale\" content=\"en_US\" \/>\n<meta property=\"og:type\" content=\"article\" \/>\n<meta property=\"og:title\" content=\"Buch Der Dressursitz von Anja Beran - Anja Beran\" \/>\n<meta property=\"og:description\" content=\"Der Dressursitz: Richtig sitzen \u2013 Feiner reiten \u2013 Gesunder Pferder\u00fccken Aus Respekt und zum Wohle der Pferde verdient der Sitz gr\u00f6\u00dfte Aufmerksamkeit. Die Harmonie mit dem Pferd und seine Motivation h\u00e4ngen stark von einem geschmeidigen und effektiven Sitz ab. Die vornehmste Aufgabe eines guten Sitzes ist es, das Pferd nicht read more...\" \/>\n<meta property=\"og:url\" content=\"https:\/\/www.anjaberan.de\/produkt\/der-dressursitz-von-anja-beran\" \/>\n<meta property=\"og:site_name\" content=\"Anja Beran\" \/>\n<meta property=\"article:modified_time\" content=\"2024-09-19T21:12:14+00:00\" \/>\n<meta property=\"og:image\" content=\"https:\/\/www.anjaberan.de\/wp-content\/uploads\/2017\/04\/beran-dressursitz.jpg\" \/>\n\t<meta property=\"og:image:width\" content=\"1392\" \/>\n\t<meta property=\"og:image:height\" content=\"1567\" \/>\n\t<meta property=\"og:image:type\" content=\"image\/jpeg\" \/>\n<meta name=\"twitter:card\" content=\"summary_large_image\" \/>\n<meta name=\"twitter:label1\" content=\"Est. reading time\" \/>\n\t<meta name=\"twitter:data1\" content=\"2 minutes\" \/>\n<script type=\"application\/ld+json\" class=\"yoast-schema-graph\">{\"@context\":\"https:\\\/\\\/schema.org\",\"@graph\":[{\"@type\":\"WebPage\",\"@id\":\"https:\\\/\\\/www.anjaberan.de\\\/produkt\\\/der-dressursitz-von-anja-beran\",\"url\":\"https:\\\/\\\/www.anjaberan.de\\\/produkt\\\/der-dressursitz-von-anja-beran\",\"name\":\"Buch Der Dressursitz von Anja Beran - Anja Beran\",\"isPartOf\":{\"@id\":\"https:\\\/\\\/www.anjaberan.de\\\/#website\"},\"primaryImageOfPage\":{\"@id\":\"https:\\\/\\\/www.anjaberan.de\\\/produkt\\\/der-dressursitz-von-anja-beran#primaryimage\"},\"image\":{\"@id\":\"https:\\\/\\\/www.anjaberan.de\\\/produkt\\\/der-dressursitz-von-anja-beran#primaryimage\"},\"thumbnailUrl\":\"https:\\\/\\\/www.anjaberan.de\\\/wp-content\\\/uploads\\\/2017\\\/04\\\/beran-dressursitz.jpg\",\"datePublished\":\"2018-01-03T23:37:47+00:00\",\"dateModified\":\"2024-09-19T21:12:14+00:00\",\"breadcrumb\":{\"@id\":\"https:\\\/\\\/www.anjaberan.de\\\/produkt\\\/der-dressursitz-von-anja-beran#breadcrumb\"},\"inLanguage\":\"en-US\",\"potentialAction\":[{\"@type\":\"ReadAction\",\"target\":[\"https:\\\/\\\/www.anjaberan.de\\\/produkt\\\/der-dressursitz-von-anja-beran\"]}]},{\"@type\":\"ImageObject\",\"inLanguage\":\"en-US\",\"@id\":\"https:\\\/\\\/www.anjaberan.de\\\/produkt\\\/der-dressursitz-von-anja-beran#primaryimage\",\"url\":\"https:\\\/\\\/www.anjaberan.de\\\/wp-content\\\/uploads\\\/2017\\\/04\\\/beran-dressursitz.jpg\",\"contentUrl\":\"https:\\\/\\\/www.anjaberan.de\\\/wp-content\\\/uploads\\\/2017\\\/04\\\/beran-dressursitz.jpg\",\"width\":1392,\"height\":1567},{\"@type\":\"BreadcrumbList\",\"@id\":\"https:\\\/\\\/www.anjaberan.de\\\/produkt\\\/der-dressursitz-von-anja-beran#breadcrumb\",\"itemListElement\":[{\"@type\":\"ListItem\",\"position\":1,\"name\":\"Startseite\",\"item\":\"https:\\\/\\\/www.anjaberan.de\\\/en\"},{\"@type\":\"ListItem\",\"position\":2,\"name\":\"Shop\",\"item\":\"https:\\\/\\\/www.anjaberan.de\\\/en\\\/shop\"},{\"@type\":\"ListItem\",\"position\":3,\"name\":\"Buch Der Dressursitz von Anja Beran\"}]},{\"@type\":\"WebSite\",\"@id\":\"https:\\\/\\\/www.anjaberan.de\\\/#website\",\"url\":\"https:\\\/\\\/www.anjaberan.de\\\/\",\"name\":\"Anja Beran\",\"description\":\"\",\"potentialAction\":[{\"@type\":\"SearchAction\",\"target\":{\"@type\":\"EntryPoint\",\"urlTemplate\":\"https:\\\/\\\/www.anjaberan.de\\\/?s={search_term_string}\"},\"query-input\":{\"@type\":\"PropertyValueSpecification\",\"valueRequired\":true,\"valueName\":\"search_term_string\"}}],\"inLanguage\":\"en-US\"}]}<\/script>\n<!-- \/ Yoast SEO plugin. -->","yoast_head_json":{"title":"Buch Der Dressursitz von Anja Beran - Anja Beran","robots":{"index":"index","follow":"follow","max-snippet":"max-snippet:-1","max-image-preview":"max-image-preview:large","max-video-preview":"max-video-preview:-1"},"canonical":"https:\/\/www.anjaberan.de\/produkt\/der-dressursitz-von-anja-beran","og_locale":"en_US","og_type":"article","og_title":"Buch Der Dressursitz von Anja Beran - Anja Beran","og_description":"Der Dressursitz: Richtig sitzen \u2013 Feiner reiten \u2013 Gesunder Pferder\u00fccken Aus Respekt und zum Wohle der Pferde verdient der Sitz gr\u00f6\u00dfte Aufmerksamkeit. Die Harmonie mit dem Pferd und seine Motivation h\u00e4ngen stark von einem geschmeidigen und effektiven Sitz ab. Die vornehmste Aufgabe eines guten Sitzes ist es, das Pferd nicht read more...","og_url":"https:\/\/www.anjaberan.de\/produkt\/der-dressursitz-von-anja-beran","og_site_name":"Anja Beran","article_modified_time":"2024-09-19T21:12:14+00:00","og_image":[{"width":1392,"height":1567,"url":"https:\/\/www.anjaberan.de\/wp-content\/uploads\/2017\/04\/beran-dressursitz.jpg","type":"image\/jpeg"}],"twitter_card":"summary_large_image","twitter_misc":{"Est. reading time":"2 minutes"},"schema":{"@context":"https:\/\/schema.org","@graph":[{"@type":"WebPage","@id":"https:\/\/www.anjaberan.de\/produkt\/der-dressursitz-von-anja-beran","url":"https:\/\/www.anjaberan.de\/produkt\/der-dressursitz-von-anja-beran","name":"Buch Der Dressursitz von Anja Beran - Anja Beran","isPartOf":{"@id":"https:\/\/www.anjaberan.de\/#website"},"primaryImageOfPage":{"@id":"https:\/\/www.anjaberan.de\/produkt\/der-dressursitz-von-anja-beran#primaryimage"},"image":{"@id":"https:\/\/www.anjaberan.de\/produkt\/der-dressursitz-von-anja-beran#primaryimage"},"thumbnailUrl":"https:\/\/www.anjaberan.de\/wp-content\/uploads\/2017\/04\/beran-dressursitz.jpg","datePublished":"2018-01-03T23:37:47+00:00","dateModified":"2024-09-19T21:12:14+00:00","breadcrumb":{"@id":"https:\/\/www.anjaberan.de\/produkt\/der-dressursitz-von-anja-beran#breadcrumb"},"inLanguage":"en-US","potentialAction":[{"@type":"ReadAction","target":["https:\/\/www.anjaberan.de\/produkt\/der-dressursitz-von-anja-beran"]}]},{"@type":"ImageObject","inLanguage":"en-US","@id":"https:\/\/www.anjaberan.de\/produkt\/der-dressursitz-von-anja-beran#primaryimage","url":"https:\/\/www.anjaberan.de\/wp-content\/uploads\/2017\/04\/beran-dressursitz.jpg","contentUrl":"https:\/\/www.anjaberan.de\/wp-content\/uploads\/2017\/04\/beran-dressursitz.jpg","width":1392,"height":1567},{"@type":"BreadcrumbList","@id":"https:\/\/www.anjaberan.de\/produkt\/der-dressursitz-von-anja-beran#breadcrumb","itemListElement":[{"@type":"ListItem","position":1,"name":"Startseite","item":"https:\/\/www.anjaberan.de\/en"},{"@type":"ListItem","position":2,"name":"Shop","item":"https:\/\/www.anjaberan.de\/en\/shop"},{"@type":"ListItem","position":3,"name":"Buch Der Dressursitz von Anja Beran"}]},{"@type":"WebSite","@id":"https:\/\/www.anjaberan.de\/#website","url":"https:\/\/www.anjaberan.de\/","name":"Anja Beran","description":"","potentialAction":[{"@type":"SearchAction","target":{"@type":"EntryPoint","urlTemplate":"https:\/\/www.anjaberan.de\/?s={search_term_string}"},"query-input":{"@type":"PropertyValueSpecification","valueRequired":true,"valueName":"search_term_string"}}],"inLanguage":"en-US"}]}},"_links":{"self":[{"href":"https:\/\/www.anjaberan.de\/en\/wp-json\/wp\/v2\/product\/2410","targetHints":{"allow":["GET"]}}],"collection":[{"href":"https:\/\/www.anjaberan.de\/en\/wp-json\/wp\/v2\/product"}],"about":[{"href":"https:\/\/www.anjaberan.de\/en\/wp-json\/wp\/v2\/types\/product"}],"replies":[{"embeddable":true,"href":"https:\/\/www.anjaberan.de\/en\/wp-json\/wp\/v2\/comments?post=2410"}],"wp:featuredmedia":[{"embeddable":true,"href":"https:\/\/www.anjaberan.de\/en\/wp-json\/wp\/v2\/media\/523"}],"wp:attachment":[{"href":"https:\/\/www.anjaberan.de\/en\/wp-json\/wp\/v2\/media?parent=2410"}],"wp:term":[{"taxonomy":"product_cat","embeddable":true,"href":"https:\/\/www.anjaberan.de\/en\/wp-json\/wp\/v2\/product_cat?post=2410"},{"taxonomy":"product_tag","embeddable":true,"href":"https:\/\/www.anjaberan.de\/en\/wp-json\/wp\/v2\/product_tag?post=2410"}],"curies":[{"name":"wp","href":"https:\/\/api.w.org\/{rel}","templated":true}]}}