{"id":2411,"date":"2018-01-04T00:41:49","date_gmt":"2018-01-03T23:41:49","guid":{"rendered":"http:\/\/www.anjaberan.de\/?post_type=product&#038;p=2411"},"modified":"2024-09-19T23:14:14","modified_gmt":"2024-09-19T21:14:14","slug":"klassische-reitkunst-mit-anja-beran","status":"publish","type":"product","link":"https:\/\/www.anjaberan.de\/en\/produkt\/klassische-reitkunst-mit-anja-beran","title":{"rendered":"Buch Klassische Reitkunst mit Anja Beran"},"content":{"rendered":"<h4>Klassische Reitkunst mit Anja Beran: Eine Anleitung f\u00fcr verantwortungsvolles Reiten<\/h4>\n<p>Jeder Reiter m\u00f6chte sein Pferd bestm\u00f6glich reiten. Aber wie macht man das konkret? Dieses Buch hilft dem interessierten Reiter zu verstehen, warum und vor allem wie man ein Pferd klassisch ausbildet. Die Autorin er\u00f6rtert die Lektionen und beschreibt, wie sie erarbeitet werden. Im Anschluss erkl\u00e4rt sie, welche Probleme auftreten k\u00f6nnen und was dann zu tun ist. Die klassische Dressur ist die Basis aller anderen Reitdisziplinen. Sie dient allein dazu, das Pferd gesund zu erhalten, es zu st\u00e4rken und zu einer sch\u00f6nen, ausdrucksvollen Pers\u00f6nlichkeit reifen zu lassen. Jeder Reiter m\u00f6chte sein Pferd bestm\u00f6glich reiten. Aber wie macht man das konkret? Dieses Buch erkl\u00e4rt, warum und vor allem wie man ein Pferd klassisch ausbildet. Dazu muss man jedes Pferd individuell betrachten. Wo liegen seine Probleme? Wie \u00e4u\u00dfert sich seine nat\u00fcrliche Schiefe? Wie ist sein Charakter? In der klassischen Dressur findet sich f\u00fcr jedes Pferd die passende Strategie, um es ins Gleichgewicht zu bringen. Anja Beran m\u00f6chte dieses heute fast verlorengegangene Wissen bewahren und jedem interessiertem Reiter in praktischer und nachvollziehbarer Form zur Verf\u00fcgung stellen. Sie er\u00f6rtert die Lektionen und beschreibt, wie sie erarbeitet werden. Im Anschluss erkl\u00e4rt sie ausf\u00fchrlich, welche Probleme entstehen k\u00f6nnen und was man dann tun kann.<\/p>\n<p>Gebundene Ausgabe: 272 Seiten<br \/>\nVerlag: Cadmos Verlag (28. Februar 2013)<br \/>\nGr\u00f6\u00dfe: 24,3 x 27,7 cm<\/p>\n<p>ISBN-10: 3840410266<br \/>\nISBN-13: 978-3840410260<\/p>\n<p>&nbsp;<\/p>\n","protected":false},"excerpt":{"rendered":"<p>Klassische Reitkunst mit Anja Beran: Eine Anleitung f\u00fcr verantwortungsvolles Reiten Jeder Reiter m\u00f6chte sein Pferd bestm\u00f6glich reiten. Aber wie macht man das konkret? Dieses Buch hilft dem interessierten Reiter zu verstehen, warum und vor allem wie man ein Pferd klassisch ausbildet. Die Autorin er\u00f6rtert die Lektionen und beschreibt, wie sie <a class=\"moretag\" href=\"https:\/\/www.anjaberan.de\/en\/produkt\/klassische-reitkunst-mit-anja-beran\">read more&#8230;<\/a><\/p>\n","protected":false},"featured_media":2247,"comment_status":"open","ping_status":"closed","template":"","meta":{"_acf_changed":false},"product_cat":[73],"product_tag":[94,95,98,97,99,100,96],"class_list":{"0":"post-2411","1":"product","2":"type-product","3":"status-publish","4":"has-post-thumbnail","6":"product_cat-anja-beran-buecher","7":"product_tag-anja","8":"product_tag-beran","9":"product_tag-dressur","10":"product_tag-klassische-dressur","11":"product_tag-reitbuecher","12":"product_tag-reitkunst","13":"product_tag-reitlehre","15":"first","16":"instock","17":"taxable","18":"shipping-taxable","19":"purchasable","20":"product-type-simple"},"acf":[],"yoast_head":"<!-- This site is optimized with the Yoast SEO plugin v27.4 - https:\/\/yoast.com\/product\/yoast-seo-wordpress\/ -->\n<title>Buch Klassische Reitkunst mit Anja Beran - Anja Beran<\/title>\n<meta name=\"robots\" content=\"index, follow, max-snippet:-1, max-image-preview:large, max-video-preview:-1\" \/>\n<link rel=\"canonical\" href=\"https:\/\/www.anjaberan.de\/produkt\/klassische-reitkunst-mit-anja-beran\" \/>\n<meta property=\"og:locale\" content=\"en_US\" \/>\n<meta property=\"og:type\" content=\"article\" \/>\n<meta property=\"og:title\" content=\"Buch Klassische Reitkunst mit Anja Beran - Anja Beran\" \/>\n<meta property=\"og:description\" content=\"Klassische Reitkunst mit Anja Beran: Eine Anleitung f\u00fcr verantwortungsvolles Reiten Jeder Reiter m\u00f6chte sein Pferd bestm\u00f6glich reiten. Aber wie macht man das konkret? Dieses Buch hilft dem interessierten Reiter zu verstehen, warum und vor allem wie man ein Pferd klassisch ausbildet. Die Autorin er\u00f6rtert die Lektionen und beschreibt, wie sie read more...\" \/>\n<meta property=\"og:url\" content=\"https:\/\/www.anjaberan.de\/produkt\/klassische-reitkunst-mit-anja-beran\" \/>\n<meta property=\"og:site_name\" content=\"Anja Beran\" \/>\n<meta property=\"article:modified_time\" content=\"2024-09-19T21:14:14+00:00\" \/>\n<meta property=\"og:image\" content=\"https:\/\/www.anjaberan.de\/wp-content\/uploads\/2017\/11\/beran-klassische-reitkunst.jpg\" \/>\n\t<meta property=\"og:image:width\" content=\"684\" \/>\n\t<meta property=\"og:image:height\" content=\"768\" \/>\n\t<meta property=\"og:image:type\" content=\"image\/jpeg\" \/>\n<meta name=\"twitter:card\" content=\"summary_large_image\" \/>\n<meta name=\"twitter:label1\" content=\"Est. reading time\" \/>\n\t<meta name=\"twitter:data1\" content=\"2 minutes\" \/>\n<script type=\"application\/ld+json\" class=\"yoast-schema-graph\">{\"@context\":\"https:\\\/\\\/schema.org\",\"@graph\":[{\"@type\":\"WebPage\",\"@id\":\"https:\\\/\\\/www.anjaberan.de\\\/produkt\\\/klassische-reitkunst-mit-anja-beran\",\"url\":\"https:\\\/\\\/www.anjaberan.de\\\/produkt\\\/klassische-reitkunst-mit-anja-beran\",\"name\":\"Buch Klassische Reitkunst mit Anja Beran - Anja Beran\",\"isPartOf\":{\"@id\":\"https:\\\/\\\/www.anjaberan.de\\\/#website\"},\"primaryImageOfPage\":{\"@id\":\"https:\\\/\\\/www.anjaberan.de\\\/produkt\\\/klassische-reitkunst-mit-anja-beran#primaryimage\"},\"image\":{\"@id\":\"https:\\\/\\\/www.anjaberan.de\\\/produkt\\\/klassische-reitkunst-mit-anja-beran#primaryimage\"},\"thumbnailUrl\":\"https:\\\/\\\/www.anjaberan.de\\\/wp-content\\\/uploads\\\/2017\\\/11\\\/beran-klassische-reitkunst.jpg\",\"datePublished\":\"2018-01-03T23:41:49+00:00\",\"dateModified\":\"2024-09-19T21:14:14+00:00\",\"breadcrumb\":{\"@id\":\"https:\\\/\\\/www.anjaberan.de\\\/produkt\\\/klassische-reitkunst-mit-anja-beran#breadcrumb\"},\"inLanguage\":\"en-US\",\"potentialAction\":[{\"@type\":\"ReadAction\",\"target\":[\"https:\\\/\\\/www.anjaberan.de\\\/produkt\\\/klassische-reitkunst-mit-anja-beran\"]}]},{\"@type\":\"ImageObject\",\"inLanguage\":\"en-US\",\"@id\":\"https:\\\/\\\/www.anjaberan.de\\\/produkt\\\/klassische-reitkunst-mit-anja-beran#primaryimage\",\"url\":\"https:\\\/\\\/www.anjaberan.de\\\/wp-content\\\/uploads\\\/2017\\\/11\\\/beran-klassische-reitkunst.jpg\",\"contentUrl\":\"https:\\\/\\\/www.anjaberan.de\\\/wp-content\\\/uploads\\\/2017\\\/11\\\/beran-klassische-reitkunst.jpg\",\"width\":684,\"height\":768},{\"@type\":\"BreadcrumbList\",\"@id\":\"https:\\\/\\\/www.anjaberan.de\\\/produkt\\\/klassische-reitkunst-mit-anja-beran#breadcrumb\",\"itemListElement\":[{\"@type\":\"ListItem\",\"position\":1,\"name\":\"Startseite\",\"item\":\"https:\\\/\\\/www.anjaberan.de\\\/en\"},{\"@type\":\"ListItem\",\"position\":2,\"name\":\"Shop\",\"item\":\"https:\\\/\\\/www.anjaberan.de\\\/en\\\/shop\"},{\"@type\":\"ListItem\",\"position\":3,\"name\":\"Buch Klassische Reitkunst mit Anja Beran\"}]},{\"@type\":\"WebSite\",\"@id\":\"https:\\\/\\\/www.anjaberan.de\\\/#website\",\"url\":\"https:\\\/\\\/www.anjaberan.de\\\/\",\"name\":\"Anja Beran\",\"description\":\"\",\"potentialAction\":[{\"@type\":\"SearchAction\",\"target\":{\"@type\":\"EntryPoint\",\"urlTemplate\":\"https:\\\/\\\/www.anjaberan.de\\\/?s={search_term_string}\"},\"query-input\":{\"@type\":\"PropertyValueSpecification\",\"valueRequired\":true,\"valueName\":\"search_term_string\"}}],\"inLanguage\":\"en-US\"}]}<\/script>\n<!-- \/ Yoast SEO plugin. -->","yoast_head_json":{"title":"Buch Klassische Reitkunst mit Anja Beran - Anja Beran","robots":{"index":"index","follow":"follow","max-snippet":"max-snippet:-1","max-image-preview":"max-image-preview:large","max-video-preview":"max-video-preview:-1"},"canonical":"https:\/\/www.anjaberan.de\/produkt\/klassische-reitkunst-mit-anja-beran","og_locale":"en_US","og_type":"article","og_title":"Buch Klassische Reitkunst mit Anja Beran - Anja Beran","og_description":"Klassische Reitkunst mit Anja Beran: Eine Anleitung f\u00fcr verantwortungsvolles Reiten Jeder Reiter m\u00f6chte sein Pferd bestm\u00f6glich reiten. Aber wie macht man das konkret? Dieses Buch hilft dem interessierten Reiter zu verstehen, warum und vor allem wie man ein Pferd klassisch ausbildet. Die Autorin er\u00f6rtert die Lektionen und beschreibt, wie sie read more...","og_url":"https:\/\/www.anjaberan.de\/produkt\/klassische-reitkunst-mit-anja-beran","og_site_name":"Anja Beran","article_modified_time":"2024-09-19T21:14:14+00:00","og_image":[{"width":684,"height":768,"url":"https:\/\/www.anjaberan.de\/wp-content\/uploads\/2017\/11\/beran-klassische-reitkunst.jpg","type":"image\/jpeg"}],"twitter_card":"summary_large_image","twitter_misc":{"Est. reading time":"2 minutes"},"schema":{"@context":"https:\/\/schema.org","@graph":[{"@type":"WebPage","@id":"https:\/\/www.anjaberan.de\/produkt\/klassische-reitkunst-mit-anja-beran","url":"https:\/\/www.anjaberan.de\/produkt\/klassische-reitkunst-mit-anja-beran","name":"Buch Klassische Reitkunst mit Anja Beran - Anja Beran","isPartOf":{"@id":"https:\/\/www.anjaberan.de\/#website"},"primaryImageOfPage":{"@id":"https:\/\/www.anjaberan.de\/produkt\/klassische-reitkunst-mit-anja-beran#primaryimage"},"image":{"@id":"https:\/\/www.anjaberan.de\/produkt\/klassische-reitkunst-mit-anja-beran#primaryimage"},"thumbnailUrl":"https:\/\/www.anjaberan.de\/wp-content\/uploads\/2017\/11\/beran-klassische-reitkunst.jpg","datePublished":"2018-01-03T23:41:49+00:00","dateModified":"2024-09-19T21:14:14+00:00","breadcrumb":{"@id":"https:\/\/www.anjaberan.de\/produkt\/klassische-reitkunst-mit-anja-beran#breadcrumb"},"inLanguage":"en-US","potentialAction":[{"@type":"ReadAction","target":["https:\/\/www.anjaberan.de\/produkt\/klassische-reitkunst-mit-anja-beran"]}]},{"@type":"ImageObject","inLanguage":"en-US","@id":"https:\/\/www.anjaberan.de\/produkt\/klassische-reitkunst-mit-anja-beran#primaryimage","url":"https:\/\/www.anjaberan.de\/wp-content\/uploads\/2017\/11\/beran-klassische-reitkunst.jpg","contentUrl":"https:\/\/www.anjaberan.de\/wp-content\/uploads\/2017\/11\/beran-klassische-reitkunst.jpg","width":684,"height":768},{"@type":"BreadcrumbList","@id":"https:\/\/www.anjaberan.de\/produkt\/klassische-reitkunst-mit-anja-beran#breadcrumb","itemListElement":[{"@type":"ListItem","position":1,"name":"Startseite","item":"https:\/\/www.anjaberan.de\/en"},{"@type":"ListItem","position":2,"name":"Shop","item":"https:\/\/www.anjaberan.de\/en\/shop"},{"@type":"ListItem","position":3,"name":"Buch Klassische Reitkunst mit Anja Beran"}]},{"@type":"WebSite","@id":"https:\/\/www.anjaberan.de\/#website","url":"https:\/\/www.anjaberan.de\/","name":"Anja Beran","description":"","potentialAction":[{"@type":"SearchAction","target":{"@type":"EntryPoint","urlTemplate":"https:\/\/www.anjaberan.de\/?s={search_term_string}"},"query-input":{"@type":"PropertyValueSpecification","valueRequired":true,"valueName":"search_term_string"}}],"inLanguage":"en-US"}]}},"_links":{"self":[{"href":"https:\/\/www.anjaberan.de\/en\/wp-json\/wp\/v2\/product\/2411","targetHints":{"allow":["GET"]}}],"collection":[{"href":"https:\/\/www.anjaberan.de\/en\/wp-json\/wp\/v2\/product"}],"about":[{"href":"https:\/\/www.anjaberan.de\/en\/wp-json\/wp\/v2\/types\/product"}],"replies":[{"embeddable":true,"href":"https:\/\/www.anjaberan.de\/en\/wp-json\/wp\/v2\/comments?post=2411"}],"wp:featuredmedia":[{"embeddable":true,"href":"https:\/\/www.anjaberan.de\/en\/wp-json\/wp\/v2\/media\/2247"}],"wp:attachment":[{"href":"https:\/\/www.anjaberan.de\/en\/wp-json\/wp\/v2\/media?parent=2411"}],"wp:term":[{"taxonomy":"product_cat","embeddable":true,"href":"https:\/\/www.anjaberan.de\/en\/wp-json\/wp\/v2\/product_cat?post=2411"},{"taxonomy":"product_tag","embeddable":true,"href":"https:\/\/www.anjaberan.de\/en\/wp-json\/wp\/v2\/product_tag?post=2411"}],"curies":[{"name":"wp","href":"https:\/\/api.w.org\/{rel}","templated":true}]}}