{"id":2412,"date":"2018-01-04T00:45:54","date_gmt":"2018-01-03T23:45:54","guid":{"rendered":"http:\/\/www.anjaberan.de\/?post_type=product&#038;p=2412"},"modified":"2024-09-19T23:15:40","modified_gmt":"2024-09-19T21:15:40","slug":"hipposophia-von-kann-mueller","status":"publish","type":"product","link":"https:\/\/www.anjaberan.de\/en\/produkt\/hipposophia-von-kann-mueller","title":{"rendered":"Buch HippoSophia von Karin M\u00fcller"},"content":{"rendered":"<h4>HippoSophia von Karin M\u00fcller \u2013 Warum Pferd und Mensch sich gut tun<\/h4>\n<p>Wer schon einmal in einem Pferdestall war und die friedliche Atmosph\u00e4re sp\u00fcren konnte, wei\u00df: Pferde und ihr Umfeld tun uns gut! Ausmisten h\u00e4lt fit, Pferde putzen entspannt und Reiten macht gl\u00fccklich. Wir st\u00e4rken und entwickeln uns durch die Pferde, doch wir k\u00f6nnen ihnen auch viel geben, sodass ein gegenseitiges F\u00f6rdern und Wachsen entsteht. Wie der Stall ein Ort der Heilung werden kann und welche Rolle Mensch und Pferd dabei spielen, wird in diesem Buch erstmals tiefgehend beschrieben und wissenschaftlich belegt.<\/p>\n<p>Zur Autorin:<br \/>\nKarin M\u00fcller arbeitet als staatlich gepr\u00fcfte Heilpraktikerin f\u00fcr Psychotherapie und gibt ihr Wissen gibt in ihren B\u00fcchern, Seminaren und Einzelberatungen weiter. Sie ist erfolgreiche Buchautorin und hat zahlreiche Kosmos-Tierratgeber ver\u00f6ffentlicht. Auch als Verfasserin erz\u00e4hlender Kinderb\u00fccher hat sie sich einen Namen gemacht. Sie lebt mit ihrer Tochter und zahlreichen Tieren in der N\u00e4he von Hannover.<\/p>\n<p>Zum Inhalt:<br \/>\nDer Stall als Kraftort \u2013 mit Pferden gesund bleiben. Mit Expertenberichten, Fallbeispielen und wissenschaftlichen Untersuchungen.<\/p>\n<p>Gebundene Ausgabe: 192 Seiten<br \/>\nVerlag: Kosmos Verlag (08. Juni 2016)<br \/>\nGr\u00f6\u00dfe: 13,8 x 21,5 cm<\/p>\n<p>ISBN-10: 344015162X<br \/>\nISBN-13: 978-3440151624<\/p>\n<p>&nbsp;<\/p>\n","protected":false},"excerpt":{"rendered":"<p>HippoSophia von Karin M\u00fcller \u2013 Warum Pferd und Mensch sich gut tun Wer schon einmal in einem Pferdestall war und die friedliche Atmosph\u00e4re sp\u00fcren konnte, wei\u00df: Pferde und ihr Umfeld tun uns gut! Ausmisten h\u00e4lt fit, Pferde putzen entspannt und Reiten macht gl\u00fccklich. Wir st\u00e4rken und entwickeln uns durch die <a class=\"moretag\" href=\"https:\/\/www.anjaberan.de\/en\/produkt\/hipposophia-von-kann-mueller\">read more&#8230;<\/a><\/p>\n","protected":false},"featured_media":2396,"comment_status":"open","ping_status":"closed","template":"","meta":{"_acf_changed":false},"product_cat":[73],"product_tag":[94,95,98,103,97,99,100,96],"class_list":{"0":"post-2412","1":"product","2":"type-product","3":"status-publish","4":"has-post-thumbnail","6":"product_cat-anja-beran-buecher","7":"product_tag-anja","8":"product_tag-beran","9":"product_tag-dressur","10":"product_tag-karin-mueller","11":"product_tag-klassische-dressur","12":"product_tag-reitbuecher","13":"product_tag-reitkunst","14":"product_tag-reitlehre","16":"first","17":"instock","18":"taxable","19":"shipping-taxable","20":"purchasable","21":"product-type-simple"},"acf":[],"yoast_head":"<!-- This site is optimized with the Yoast SEO plugin v27.4 - https:\/\/yoast.com\/product\/yoast-seo-wordpress\/ -->\n<title>Buch HippoSophia von Karin M\u00fcller - Anja Beran<\/title>\n<meta name=\"robots\" content=\"index, follow, max-snippet:-1, max-image-preview:large, max-video-preview:-1\" \/>\n<link rel=\"canonical\" href=\"https:\/\/www.anjaberan.de\/produkt\/hipposophia-von-kann-mueller\" \/>\n<meta property=\"og:locale\" content=\"en_US\" \/>\n<meta property=\"og:type\" content=\"article\" \/>\n<meta property=\"og:title\" content=\"Buch HippoSophia von Karin M\u00fcller - Anja Beran\" \/>\n<meta property=\"og:description\" content=\"HippoSophia von Karin M\u00fcller \u2013 Warum Pferd und Mensch sich gut tun Wer schon einmal in einem Pferdestall war und die friedliche Atmosph\u00e4re sp\u00fcren konnte, wei\u00df: Pferde und ihr Umfeld tun uns gut! Ausmisten h\u00e4lt fit, Pferde putzen entspannt und Reiten macht gl\u00fccklich. Wir st\u00e4rken und entwickeln uns durch die read more...\" \/>\n<meta property=\"og:url\" content=\"https:\/\/www.anjaberan.de\/produkt\/hipposophia-von-kann-mueller\" \/>\n<meta property=\"og:site_name\" content=\"Anja Beran\" \/>\n<meta property=\"article:modified_time\" content=\"2024-09-19T21:15:40+00:00\" \/>\n<meta property=\"og:image\" content=\"https:\/\/www.anjaberan.de\/wp-content\/uploads\/2018\/01\/beran-hippo-sophia.jpg\" \/>\n\t<meta property=\"og:image:width\" content=\"637\" \/>\n\t<meta property=\"og:image:height\" content=\"1000\" \/>\n\t<meta property=\"og:image:type\" content=\"image\/jpeg\" \/>\n<meta name=\"twitter:card\" content=\"summary_large_image\" \/>\n<meta name=\"twitter:label1\" content=\"Est. reading time\" \/>\n\t<meta name=\"twitter:data1\" content=\"2 minutes\" \/>\n<script type=\"application\/ld+json\" class=\"yoast-schema-graph\">{\"@context\":\"https:\\\/\\\/schema.org\",\"@graph\":[{\"@type\":\"WebPage\",\"@id\":\"https:\\\/\\\/www.anjaberan.de\\\/produkt\\\/hipposophia-von-kann-mueller\",\"url\":\"https:\\\/\\\/www.anjaberan.de\\\/produkt\\\/hipposophia-von-kann-mueller\",\"name\":\"Buch HippoSophia von Karin M\u00fcller - Anja Beran\",\"isPartOf\":{\"@id\":\"https:\\\/\\\/www.anjaberan.de\\\/#website\"},\"primaryImageOfPage\":{\"@id\":\"https:\\\/\\\/www.anjaberan.de\\\/produkt\\\/hipposophia-von-kann-mueller#primaryimage\"},\"image\":{\"@id\":\"https:\\\/\\\/www.anjaberan.de\\\/produkt\\\/hipposophia-von-kann-mueller#primaryimage\"},\"thumbnailUrl\":\"https:\\\/\\\/www.anjaberan.de\\\/wp-content\\\/uploads\\\/2018\\\/01\\\/beran-hippo-sophia.jpg\",\"datePublished\":\"2018-01-03T23:45:54+00:00\",\"dateModified\":\"2024-09-19T21:15:40+00:00\",\"breadcrumb\":{\"@id\":\"https:\\\/\\\/www.anjaberan.de\\\/produkt\\\/hipposophia-von-kann-mueller#breadcrumb\"},\"inLanguage\":\"en-US\",\"potentialAction\":[{\"@type\":\"ReadAction\",\"target\":[\"https:\\\/\\\/www.anjaberan.de\\\/produkt\\\/hipposophia-von-kann-mueller\"]}]},{\"@type\":\"ImageObject\",\"inLanguage\":\"en-US\",\"@id\":\"https:\\\/\\\/www.anjaberan.de\\\/produkt\\\/hipposophia-von-kann-mueller#primaryimage\",\"url\":\"https:\\\/\\\/www.anjaberan.de\\\/wp-content\\\/uploads\\\/2018\\\/01\\\/beran-hippo-sophia.jpg\",\"contentUrl\":\"https:\\\/\\\/www.anjaberan.de\\\/wp-content\\\/uploads\\\/2018\\\/01\\\/beran-hippo-sophia.jpg\",\"width\":637,\"height\":1000},{\"@type\":\"BreadcrumbList\",\"@id\":\"https:\\\/\\\/www.anjaberan.de\\\/produkt\\\/hipposophia-von-kann-mueller#breadcrumb\",\"itemListElement\":[{\"@type\":\"ListItem\",\"position\":1,\"name\":\"Startseite\",\"item\":\"https:\\\/\\\/www.anjaberan.de\\\/en\"},{\"@type\":\"ListItem\",\"position\":2,\"name\":\"Shop\",\"item\":\"https:\\\/\\\/www.anjaberan.de\\\/en\\\/shop\"},{\"@type\":\"ListItem\",\"position\":3,\"name\":\"Buch HippoSophia von Karin M\u00fcller\"}]},{\"@type\":\"WebSite\",\"@id\":\"https:\\\/\\\/www.anjaberan.de\\\/#website\",\"url\":\"https:\\\/\\\/www.anjaberan.de\\\/\",\"name\":\"Anja Beran\",\"description\":\"\",\"potentialAction\":[{\"@type\":\"SearchAction\",\"target\":{\"@type\":\"EntryPoint\",\"urlTemplate\":\"https:\\\/\\\/www.anjaberan.de\\\/?s={search_term_string}\"},\"query-input\":{\"@type\":\"PropertyValueSpecification\",\"valueRequired\":true,\"valueName\":\"search_term_string\"}}],\"inLanguage\":\"en-US\"}]}<\/script>\n<!-- \/ Yoast SEO plugin. -->","yoast_head_json":{"title":"Buch HippoSophia von Karin M\u00fcller - Anja Beran","robots":{"index":"index","follow":"follow","max-snippet":"max-snippet:-1","max-image-preview":"max-image-preview:large","max-video-preview":"max-video-preview:-1"},"canonical":"https:\/\/www.anjaberan.de\/produkt\/hipposophia-von-kann-mueller","og_locale":"en_US","og_type":"article","og_title":"Buch HippoSophia von Karin M\u00fcller - Anja Beran","og_description":"HippoSophia von Karin M\u00fcller \u2013 Warum Pferd und Mensch sich gut tun Wer schon einmal in einem Pferdestall war und die friedliche Atmosph\u00e4re sp\u00fcren konnte, wei\u00df: Pferde und ihr Umfeld tun uns gut! Ausmisten h\u00e4lt fit, Pferde putzen entspannt und Reiten macht gl\u00fccklich. Wir st\u00e4rken und entwickeln uns durch die read more...","og_url":"https:\/\/www.anjaberan.de\/produkt\/hipposophia-von-kann-mueller","og_site_name":"Anja Beran","article_modified_time":"2024-09-19T21:15:40+00:00","og_image":[{"width":637,"height":1000,"url":"https:\/\/www.anjaberan.de\/wp-content\/uploads\/2018\/01\/beran-hippo-sophia.jpg","type":"image\/jpeg"}],"twitter_card":"summary_large_image","twitter_misc":{"Est. reading time":"2 minutes"},"schema":{"@context":"https:\/\/schema.org","@graph":[{"@type":"WebPage","@id":"https:\/\/www.anjaberan.de\/produkt\/hipposophia-von-kann-mueller","url":"https:\/\/www.anjaberan.de\/produkt\/hipposophia-von-kann-mueller","name":"Buch HippoSophia von Karin M\u00fcller - Anja Beran","isPartOf":{"@id":"https:\/\/www.anjaberan.de\/#website"},"primaryImageOfPage":{"@id":"https:\/\/www.anjaberan.de\/produkt\/hipposophia-von-kann-mueller#primaryimage"},"image":{"@id":"https:\/\/www.anjaberan.de\/produkt\/hipposophia-von-kann-mueller#primaryimage"},"thumbnailUrl":"https:\/\/www.anjaberan.de\/wp-content\/uploads\/2018\/01\/beran-hippo-sophia.jpg","datePublished":"2018-01-03T23:45:54+00:00","dateModified":"2024-09-19T21:15:40+00:00","breadcrumb":{"@id":"https:\/\/www.anjaberan.de\/produkt\/hipposophia-von-kann-mueller#breadcrumb"},"inLanguage":"en-US","potentialAction":[{"@type":"ReadAction","target":["https:\/\/www.anjaberan.de\/produkt\/hipposophia-von-kann-mueller"]}]},{"@type":"ImageObject","inLanguage":"en-US","@id":"https:\/\/www.anjaberan.de\/produkt\/hipposophia-von-kann-mueller#primaryimage","url":"https:\/\/www.anjaberan.de\/wp-content\/uploads\/2018\/01\/beran-hippo-sophia.jpg","contentUrl":"https:\/\/www.anjaberan.de\/wp-content\/uploads\/2018\/01\/beran-hippo-sophia.jpg","width":637,"height":1000},{"@type":"BreadcrumbList","@id":"https:\/\/www.anjaberan.de\/produkt\/hipposophia-von-kann-mueller#breadcrumb","itemListElement":[{"@type":"ListItem","position":1,"name":"Startseite","item":"https:\/\/www.anjaberan.de\/en"},{"@type":"ListItem","position":2,"name":"Shop","item":"https:\/\/www.anjaberan.de\/en\/shop"},{"@type":"ListItem","position":3,"name":"Buch HippoSophia von Karin M\u00fcller"}]},{"@type":"WebSite","@id":"https:\/\/www.anjaberan.de\/#website","url":"https:\/\/www.anjaberan.de\/","name":"Anja Beran","description":"","potentialAction":[{"@type":"SearchAction","target":{"@type":"EntryPoint","urlTemplate":"https:\/\/www.anjaberan.de\/?s={search_term_string}"},"query-input":{"@type":"PropertyValueSpecification","valueRequired":true,"valueName":"search_term_string"}}],"inLanguage":"en-US"}]}},"_links":{"self":[{"href":"https:\/\/www.anjaberan.de\/en\/wp-json\/wp\/v2\/product\/2412","targetHints":{"allow":["GET"]}}],"collection":[{"href":"https:\/\/www.anjaberan.de\/en\/wp-json\/wp\/v2\/product"}],"about":[{"href":"https:\/\/www.anjaberan.de\/en\/wp-json\/wp\/v2\/types\/product"}],"replies":[{"embeddable":true,"href":"https:\/\/www.anjaberan.de\/en\/wp-json\/wp\/v2\/comments?post=2412"}],"wp:featuredmedia":[{"embeddable":true,"href":"https:\/\/www.anjaberan.de\/en\/wp-json\/wp\/v2\/media\/2396"}],"wp:attachment":[{"href":"https:\/\/www.anjaberan.de\/en\/wp-json\/wp\/v2\/media?parent=2412"}],"wp:term":[{"taxonomy":"product_cat","embeddable":true,"href":"https:\/\/www.anjaberan.de\/en\/wp-json\/wp\/v2\/product_cat?post=2412"},{"taxonomy":"product_tag","embeddable":true,"href":"https:\/\/www.anjaberan.de\/en\/wp-json\/wp\/v2\/product_tag?post=2412"}],"curies":[{"name":"wp","href":"https:\/\/api.w.org\/{rel}","templated":true}]}}