{"id":2414,"date":"2018-01-04T22:50:07","date_gmt":"2018-01-04T21:50:07","guid":{"rendered":"http:\/\/www.anjaberan.de\/?post_type=product&#038;p=2414"},"modified":"2021-12-03T19:46:02","modified_gmt":"2021-12-03T18:46:02","slug":"dvd-klassische-reitkunst-mit-anja-beran","status":"publish","type":"product","link":"https:\/\/www.anjaberan.de\/en\/produkt\/dvd-klassische-reitkunst-mit-anja-beran","title":{"rendered":"DVD Klassische Reitkunst mit Anja Beran"},"content":{"rendered":"<h4>DVD Klassische Reitkunst<\/h4>\n<p>Jeder Reiter m\u00f6chte sein Pferd bestm\u00f6glich ausbilden. Aber wie macht man das konkret? Diese DVD erkl\u00e4rt Schritt f\u00fcr Schritt wie man ein Pferd klassisch ausbildet. Dazu muss man jedes Pferd individuell betrachten. Wo liegen seine Probleme? Wie \u00e4u\u00dfert sich seine nat\u00fcrliche Schiefe? Wie ist sein Charakter? In der klassischen Lehre findet sich f\u00fcr jedes Pferd die passende Strategie, um es ins Gleichgewicht zu bringen. Anja Beran m\u00f6chte dieses heute fast verlorengegangene Wissen bewahren und jedem interessiertem Reiter in praktischer und nachvollziehbarer Form zur Verf\u00fcgung stellen. Die Lektionen werden vorgef\u00fchrt und im Anschluss werden verschiedene Pferde in den diversen Ausbildungsstadien gearbeitet, um dem Betrachter den Weg im Detail aufzuzeigen. Die klassische Reitkunst ist die Basis aller anderen Reitdisziplinen. Sie dient allein dazu, das Pferd gesund zu erhalten, es zu st\u00e4rken und zu einer stolzen, ausdrucksvollen Pers\u00f6nlichkeit reifen zu lassen.<\/p>\n<p>Erscheinungstermin: 26. November 2012<br \/>\nSpieldauer: 120 Minuten<\/p>\n<p>ASIN: 3840445086<\/p>\n<p>&nbsp;<\/p>\n<p>&nbsp;<\/p>\n","protected":false},"excerpt":{"rendered":"<p>DVD Klassische Reitkunst Jeder Reiter m\u00f6chte sein Pferd bestm\u00f6glich ausbilden. Aber wie macht man das konkret? Diese DVD erkl\u00e4rt Schritt f\u00fcr Schritt wie man ein Pferd klassisch ausbildet. Dazu muss man jedes Pferd individuell betrachten. Wo liegen seine Probleme? Wie \u00e4u\u00dfert sich seine nat\u00fcrliche Schiefe? Wie ist sein Charakter? In <a class=\"moretag\" href=\"https:\/\/www.anjaberan.de\/en\/produkt\/dvd-klassische-reitkunst-mit-anja-beran\">read more&#8230;<\/a><\/p>\n","protected":false},"featured_media":3909,"comment_status":"open","ping_status":"closed","template":"","meta":{"_acf_changed":false},"product_cat":[],"product_tag":[94,95,98,97,106,100,96,107],"class_list":{"0":"post-2414","1":"product","2":"type-product","3":"status-publish","4":"has-post-thumbnail","6":"product_tag-anja","7":"product_tag-beran","8":"product_tag-dressur","9":"product_tag-klassische-dressur","10":"product_tag-lehrfilm","11":"product_tag-reitkunst","12":"product_tag-reitlehre","13":"product_tag-reitvideo","15":"first","16":"outofstock","17":"taxable","18":"shipping-taxable","19":"purchasable","20":"product-type-simple"},"acf":[],"yoast_head":"<!-- This site is optimized with the Yoast SEO plugin v27.4 - https:\/\/yoast.com\/product\/yoast-seo-wordpress\/ -->\n<title>DVD Klassische Reitkunst mit Anja Beran - Anja Beran<\/title>\n<meta name=\"robots\" content=\"index, follow, max-snippet:-1, max-image-preview:large, max-video-preview:-1\" \/>\n<link rel=\"canonical\" href=\"https:\/\/www.anjaberan.de\/produkt\/dvd-klassische-reitkunst-mit-anja-beran\" \/>\n<meta property=\"og:locale\" content=\"en_US\" \/>\n<meta property=\"og:type\" content=\"article\" \/>\n<meta property=\"og:title\" content=\"DVD Klassische Reitkunst mit Anja Beran - Anja Beran\" \/>\n<meta property=\"og:description\" content=\"DVD Klassische Reitkunst Jeder Reiter m\u00f6chte sein Pferd bestm\u00f6glich ausbilden. Aber wie macht man das konkret? Diese DVD erkl\u00e4rt Schritt f\u00fcr Schritt wie man ein Pferd klassisch ausbildet. Dazu muss man jedes Pferd individuell betrachten. Wo liegen seine Probleme? Wie \u00e4u\u00dfert sich seine nat\u00fcrliche Schiefe? Wie ist sein Charakter? In read more...\" \/>\n<meta property=\"og:url\" content=\"https:\/\/www.anjaberan.de\/produkt\/dvd-klassische-reitkunst-mit-anja-beran\" \/>\n<meta property=\"og:site_name\" content=\"Anja Beran\" \/>\n<meta property=\"article:modified_time\" content=\"2021-12-03T18:46:02+00:00\" \/>\n<meta property=\"og:image\" content=\"https:\/\/www.anjaberan.de\/wp-content\/uploads\/2018\/01\/beran-dvd-klassische-reitkunst.jpg\" \/>\n\t<meta property=\"og:image:width\" content=\"404\" \/>\n\t<meta property=\"og:image:height\" content=\"556\" \/>\n\t<meta property=\"og:image:type\" content=\"image\/jpeg\" \/>\n<meta name=\"twitter:card\" content=\"summary_large_image\" \/>\n<meta name=\"twitter:label1\" content=\"Est. reading time\" \/>\n\t<meta name=\"twitter:data1\" content=\"1 minute\" \/>\n<script type=\"application\/ld+json\" class=\"yoast-schema-graph\">{\"@context\":\"https:\\\/\\\/schema.org\",\"@graph\":[{\"@type\":\"WebPage\",\"@id\":\"https:\\\/\\\/www.anjaberan.de\\\/produkt\\\/dvd-klassische-reitkunst-mit-anja-beran\",\"url\":\"https:\\\/\\\/www.anjaberan.de\\\/produkt\\\/dvd-klassische-reitkunst-mit-anja-beran\",\"name\":\"DVD Klassische Reitkunst mit Anja Beran - Anja Beran\",\"isPartOf\":{\"@id\":\"https:\\\/\\\/www.anjaberan.de\\\/#website\"},\"primaryImageOfPage\":{\"@id\":\"https:\\\/\\\/www.anjaberan.de\\\/produkt\\\/dvd-klassische-reitkunst-mit-anja-beran#primaryimage\"},\"image\":{\"@id\":\"https:\\\/\\\/www.anjaberan.de\\\/produkt\\\/dvd-klassische-reitkunst-mit-anja-beran#primaryimage\"},\"thumbnailUrl\":\"https:\\\/\\\/www.anjaberan.de\\\/wp-content\\\/uploads\\\/2018\\\/01\\\/beran-dvd-klassische-reitkunst.jpg\",\"datePublished\":\"2018-01-04T21:50:07+00:00\",\"dateModified\":\"2021-12-03T18:46:02+00:00\",\"breadcrumb\":{\"@id\":\"https:\\\/\\\/www.anjaberan.de\\\/produkt\\\/dvd-klassische-reitkunst-mit-anja-beran#breadcrumb\"},\"inLanguage\":\"en-US\",\"potentialAction\":[{\"@type\":\"ReadAction\",\"target\":[\"https:\\\/\\\/www.anjaberan.de\\\/produkt\\\/dvd-klassische-reitkunst-mit-anja-beran\"]}]},{\"@type\":\"ImageObject\",\"inLanguage\":\"en-US\",\"@id\":\"https:\\\/\\\/www.anjaberan.de\\\/produkt\\\/dvd-klassische-reitkunst-mit-anja-beran#primaryimage\",\"url\":\"https:\\\/\\\/www.anjaberan.de\\\/wp-content\\\/uploads\\\/2018\\\/01\\\/beran-dvd-klassische-reitkunst.jpg\",\"contentUrl\":\"https:\\\/\\\/www.anjaberan.de\\\/wp-content\\\/uploads\\\/2018\\\/01\\\/beran-dvd-klassische-reitkunst.jpg\",\"width\":404,\"height\":556},{\"@type\":\"BreadcrumbList\",\"@id\":\"https:\\\/\\\/www.anjaberan.de\\\/produkt\\\/dvd-klassische-reitkunst-mit-anja-beran#breadcrumb\",\"itemListElement\":[{\"@type\":\"ListItem\",\"position\":1,\"name\":\"Startseite\",\"item\":\"https:\\\/\\\/www.anjaberan.de\\\/en\"},{\"@type\":\"ListItem\",\"position\":2,\"name\":\"Shop\",\"item\":\"https:\\\/\\\/www.anjaberan.de\\\/en\\\/shop\"},{\"@type\":\"ListItem\",\"position\":3,\"name\":\"DVD Klassische Reitkunst mit Anja Beran\"}]},{\"@type\":\"WebSite\",\"@id\":\"https:\\\/\\\/www.anjaberan.de\\\/#website\",\"url\":\"https:\\\/\\\/www.anjaberan.de\\\/\",\"name\":\"Anja Beran\",\"description\":\"\",\"potentialAction\":[{\"@type\":\"SearchAction\",\"target\":{\"@type\":\"EntryPoint\",\"urlTemplate\":\"https:\\\/\\\/www.anjaberan.de\\\/?s={search_term_string}\"},\"query-input\":{\"@type\":\"PropertyValueSpecification\",\"valueRequired\":true,\"valueName\":\"search_term_string\"}}],\"inLanguage\":\"en-US\"}]}<\/script>\n<!-- \/ Yoast SEO plugin. -->","yoast_head_json":{"title":"DVD Klassische Reitkunst mit Anja Beran - Anja Beran","robots":{"index":"index","follow":"follow","max-snippet":"max-snippet:-1","max-image-preview":"max-image-preview:large","max-video-preview":"max-video-preview:-1"},"canonical":"https:\/\/www.anjaberan.de\/produkt\/dvd-klassische-reitkunst-mit-anja-beran","og_locale":"en_US","og_type":"article","og_title":"DVD Klassische Reitkunst mit Anja Beran - Anja Beran","og_description":"DVD Klassische Reitkunst Jeder Reiter m\u00f6chte sein Pferd bestm\u00f6glich ausbilden. Aber wie macht man das konkret? Diese DVD erkl\u00e4rt Schritt f\u00fcr Schritt wie man ein Pferd klassisch ausbildet. Dazu muss man jedes Pferd individuell betrachten. Wo liegen seine Probleme? Wie \u00e4u\u00dfert sich seine nat\u00fcrliche Schiefe? Wie ist sein Charakter? In read more...","og_url":"https:\/\/www.anjaberan.de\/produkt\/dvd-klassische-reitkunst-mit-anja-beran","og_site_name":"Anja Beran","article_modified_time":"2021-12-03T18:46:02+00:00","og_image":[{"width":404,"height":556,"url":"https:\/\/www.anjaberan.de\/wp-content\/uploads\/2018\/01\/beran-dvd-klassische-reitkunst.jpg","type":"image\/jpeg"}],"twitter_card":"summary_large_image","twitter_misc":{"Est. reading time":"1 minute"},"schema":{"@context":"https:\/\/schema.org","@graph":[{"@type":"WebPage","@id":"https:\/\/www.anjaberan.de\/produkt\/dvd-klassische-reitkunst-mit-anja-beran","url":"https:\/\/www.anjaberan.de\/produkt\/dvd-klassische-reitkunst-mit-anja-beran","name":"DVD Klassische Reitkunst mit Anja Beran - Anja Beran","isPartOf":{"@id":"https:\/\/www.anjaberan.de\/#website"},"primaryImageOfPage":{"@id":"https:\/\/www.anjaberan.de\/produkt\/dvd-klassische-reitkunst-mit-anja-beran#primaryimage"},"image":{"@id":"https:\/\/www.anjaberan.de\/produkt\/dvd-klassische-reitkunst-mit-anja-beran#primaryimage"},"thumbnailUrl":"https:\/\/www.anjaberan.de\/wp-content\/uploads\/2018\/01\/beran-dvd-klassische-reitkunst.jpg","datePublished":"2018-01-04T21:50:07+00:00","dateModified":"2021-12-03T18:46:02+00:00","breadcrumb":{"@id":"https:\/\/www.anjaberan.de\/produkt\/dvd-klassische-reitkunst-mit-anja-beran#breadcrumb"},"inLanguage":"en-US","potentialAction":[{"@type":"ReadAction","target":["https:\/\/www.anjaberan.de\/produkt\/dvd-klassische-reitkunst-mit-anja-beran"]}]},{"@type":"ImageObject","inLanguage":"en-US","@id":"https:\/\/www.anjaberan.de\/produkt\/dvd-klassische-reitkunst-mit-anja-beran#primaryimage","url":"https:\/\/www.anjaberan.de\/wp-content\/uploads\/2018\/01\/beran-dvd-klassische-reitkunst.jpg","contentUrl":"https:\/\/www.anjaberan.de\/wp-content\/uploads\/2018\/01\/beran-dvd-klassische-reitkunst.jpg","width":404,"height":556},{"@type":"BreadcrumbList","@id":"https:\/\/www.anjaberan.de\/produkt\/dvd-klassische-reitkunst-mit-anja-beran#breadcrumb","itemListElement":[{"@type":"ListItem","position":1,"name":"Startseite","item":"https:\/\/www.anjaberan.de\/en"},{"@type":"ListItem","position":2,"name":"Shop","item":"https:\/\/www.anjaberan.de\/en\/shop"},{"@type":"ListItem","position":3,"name":"DVD Klassische Reitkunst mit Anja Beran"}]},{"@type":"WebSite","@id":"https:\/\/www.anjaberan.de\/#website","url":"https:\/\/www.anjaberan.de\/","name":"Anja Beran","description":"","potentialAction":[{"@type":"SearchAction","target":{"@type":"EntryPoint","urlTemplate":"https:\/\/www.anjaberan.de\/?s={search_term_string}"},"query-input":{"@type":"PropertyValueSpecification","valueRequired":true,"valueName":"search_term_string"}}],"inLanguage":"en-US"}]}},"_links":{"self":[{"href":"https:\/\/www.anjaberan.de\/en\/wp-json\/wp\/v2\/product\/2414","targetHints":{"allow":["GET"]}}],"collection":[{"href":"https:\/\/www.anjaberan.de\/en\/wp-json\/wp\/v2\/product"}],"about":[{"href":"https:\/\/www.anjaberan.de\/en\/wp-json\/wp\/v2\/types\/product"}],"replies":[{"embeddable":true,"href":"https:\/\/www.anjaberan.de\/en\/wp-json\/wp\/v2\/comments?post=2414"}],"wp:featuredmedia":[{"embeddable":true,"href":"https:\/\/www.anjaberan.de\/en\/wp-json\/wp\/v2\/media\/3909"}],"wp:attachment":[{"href":"https:\/\/www.anjaberan.de\/en\/wp-json\/wp\/v2\/media?parent=2414"}],"wp:term":[{"taxonomy":"product_cat","embeddable":true,"href":"https:\/\/www.anjaberan.de\/en\/wp-json\/wp\/v2\/product_cat?post=2414"},{"taxonomy":"product_tag","embeddable":true,"href":"https:\/\/www.anjaberan.de\/en\/wp-json\/wp\/v2\/product_tag?post=2414"}],"curies":[{"name":"wp","href":"https:\/\/api.w.org\/{rel}","templated":true}]}}