{"id":2415,"date":"2018-01-04T22:54:32","date_gmt":"2018-01-04T21:54:32","guid":{"rendered":"http:\/\/www.anjaberan.de\/?post_type=product&#038;p=2415"},"modified":"2021-12-03T19:45:28","modified_gmt":"2021-12-03T18:45:28","slug":"dvd-die-feine-dressur-von-der-kunst-pferde-klassisch-auszubilden-mit-anja-beran","status":"publish","type":"product","link":"https:\/\/www.anjaberan.de\/en\/produkt\/dvd-die-feine-dressur-von-der-kunst-pferde-klassisch-auszubilden-mit-anja-beran","title":{"rendered":"DVD Die feine Dressur &#8211; Von der Kunst Pferde klassisch auszubilden mit Anja Beran"},"content":{"rendered":"<h3>Unsere Empfehlung:<\/h3>\n<p>Aktuelle Lehrfilme von Anja Beran finden Sie jetzt auf der Onlinekurs-Platform elopage <a href=\"https:\/\/elopage.com\/s\/AnjaBeran\" target=\"_blank\" rel=\"noopener noreferrer\">&gt;&gt; https:\/\/elopage.com\/s\/AnjaBeran<\/a><\/p>\n<h4>DVD Die feine Dressur \u2013 Von der Kunst Pferde klassisch auszubilden<\/h4>\n<p>Dieser Film soll den Reitern ein anderes Verst\u00e4ndnis f\u00fcr Dressur vermitteln und deutlich machen: die Dressur ist f\u00fcr das Pferd da und nicht das Pferd f\u00fcr die Dressur! Mit ihrem Mentor Manuel Jorge de Oliveira zeigt die klassische Dressurausbilderin Anja Beran, wie die korrekte Dressur ein Pferd erst zu einem Reit-Pferd macht. Gut bemuskelt und im physischen wie psychischen Gleichgewicht wird es zu einem selbstbewussten und zufriedenen Partner &#8211; ein ganzes und vor allem langes Pferdeleben lang. Anja Beran zeigt von der Bestandsaufnahme der Schw\u00e4chen und Asymmetrien des Pferdes \u00fcber gezielte \u00dcbungen zur Verbesserung der k\u00f6rperlichen Verfassung bis hin zu Anmut, \u00c4sthetik, Harmonie und Leichtigkeit alles, was die Dressur f\u00fcr das Pferd leisten kann.<\/p>\n<p>Erscheinungstermin: 30. Oktober 2006<br \/>\nSpieldauer: 55 Minuten<\/p>\n<p>ASIN: B000K2UT18<\/p>\n<p>&nbsp;<\/p>\n<p>&nbsp;<\/p>\n<p>&nbsp;<\/p>\n","protected":false},"excerpt":{"rendered":"<p>Unsere Empfehlung: Aktuelle Lehrfilme von Anja Beran finden Sie jetzt auf der Onlinekurs-Platform elopage &gt;&gt; https:\/\/elopage.com\/s\/AnjaBeran DVD Die feine Dressur \u2013 Von der Kunst Pferde klassisch auszubilden Dieser Film soll den Reitern ein anderes Verst\u00e4ndnis f\u00fcr Dressur vermitteln und deutlich machen: die Dressur ist f\u00fcr das Pferd da und nicht <a class=\"moretag\" href=\"https:\/\/www.anjaberan.de\/en\/produkt\/dvd-die-feine-dressur-von-der-kunst-pferde-klassisch-auszubilden-mit-anja-beran\">read more&#8230;<\/a><\/p>\n","protected":false},"featured_media":3905,"comment_status":"open","ping_status":"closed","template":"","meta":{"_acf_changed":false},"product_cat":[],"product_tag":[94,95,98,97,106,100,96,107],"class_list":{"0":"post-2415","1":"product","2":"type-product","3":"status-publish","4":"has-post-thumbnail","6":"product_tag-anja","7":"product_tag-beran","8":"product_tag-dressur","9":"product_tag-klassische-dressur","10":"product_tag-lehrfilm","11":"product_tag-reitkunst","12":"product_tag-reitlehre","13":"product_tag-reitvideo","15":"first","16":"outofstock","17":"taxable","18":"shipping-taxable","19":"purchasable","20":"product-type-simple"},"acf":[],"yoast_head":"<!-- This site is optimized with the Yoast SEO plugin v27.4 - https:\/\/yoast.com\/product\/yoast-seo-wordpress\/ -->\n<title>DVD Die feine Dressur - Von der Kunst Pferde klassisch auszubilden mit Anja Beran - Anja Beran<\/title>\n<meta name=\"robots\" content=\"index, follow, max-snippet:-1, max-image-preview:large, max-video-preview:-1\" \/>\n<link rel=\"canonical\" href=\"https:\/\/www.anjaberan.de\/produkt\/dvd-die-feine-dressur-von-der-kunst-pferde-klassisch-auszubilden-mit-anja-beran\" \/>\n<meta property=\"og:locale\" content=\"en_US\" \/>\n<meta property=\"og:type\" content=\"article\" \/>\n<meta property=\"og:title\" content=\"DVD Die feine Dressur - Von der Kunst Pferde klassisch auszubilden mit Anja Beran - Anja Beran\" \/>\n<meta property=\"og:description\" content=\"Unsere Empfehlung: Aktuelle Lehrfilme von Anja Beran finden Sie jetzt auf der Onlinekurs-Platform elopage &gt;&gt; https:\/\/elopage.com\/s\/AnjaBeran DVD Die feine Dressur \u2013 Von der Kunst Pferde klassisch auszubilden Dieser Film soll den Reitern ein anderes Verst\u00e4ndnis f\u00fcr Dressur vermitteln und deutlich machen: die Dressur ist f\u00fcr das Pferd da und nicht read more...\" \/>\n<meta property=\"og:url\" content=\"https:\/\/www.anjaberan.de\/produkt\/dvd-die-feine-dressur-von-der-kunst-pferde-klassisch-auszubilden-mit-anja-beran\" \/>\n<meta property=\"og:site_name\" content=\"Anja Beran\" \/>\n<meta property=\"article:modified_time\" content=\"2021-12-03T18:45:28+00:00\" \/>\n<meta property=\"og:image\" content=\"https:\/\/www.anjaberan.de\/wp-content\/uploads\/2018\/01\/beran-die_feine_dressur_1_dvd_cover.jpg\" \/>\n\t<meta property=\"og:image:width\" content=\"404\" \/>\n\t<meta property=\"og:image:height\" content=\"556\" \/>\n\t<meta property=\"og:image:type\" content=\"image\/jpeg\" \/>\n<meta name=\"twitter:card\" content=\"summary_large_image\" \/>\n<meta name=\"twitter:label1\" content=\"Est. reading time\" \/>\n\t<meta name=\"twitter:data1\" content=\"1 minute\" \/>\n<script type=\"application\/ld+json\" class=\"yoast-schema-graph\">{\"@context\":\"https:\\\/\\\/schema.org\",\"@graph\":[{\"@type\":\"WebPage\",\"@id\":\"https:\\\/\\\/www.anjaberan.de\\\/produkt\\\/dvd-die-feine-dressur-von-der-kunst-pferde-klassisch-auszubilden-mit-anja-beran\",\"url\":\"https:\\\/\\\/www.anjaberan.de\\\/produkt\\\/dvd-die-feine-dressur-von-der-kunst-pferde-klassisch-auszubilden-mit-anja-beran\",\"name\":\"DVD Die feine Dressur - Von der Kunst Pferde klassisch auszubilden mit Anja Beran - Anja Beran\",\"isPartOf\":{\"@id\":\"https:\\\/\\\/www.anjaberan.de\\\/#website\"},\"primaryImageOfPage\":{\"@id\":\"https:\\\/\\\/www.anjaberan.de\\\/produkt\\\/dvd-die-feine-dressur-von-der-kunst-pferde-klassisch-auszubilden-mit-anja-beran#primaryimage\"},\"image\":{\"@id\":\"https:\\\/\\\/www.anjaberan.de\\\/produkt\\\/dvd-die-feine-dressur-von-der-kunst-pferde-klassisch-auszubilden-mit-anja-beran#primaryimage\"},\"thumbnailUrl\":\"https:\\\/\\\/www.anjaberan.de\\\/wp-content\\\/uploads\\\/2018\\\/01\\\/beran-die_feine_dressur_1_dvd_cover.jpg\",\"datePublished\":\"2018-01-04T21:54:32+00:00\",\"dateModified\":\"2021-12-03T18:45:28+00:00\",\"breadcrumb\":{\"@id\":\"https:\\\/\\\/www.anjaberan.de\\\/produkt\\\/dvd-die-feine-dressur-von-der-kunst-pferde-klassisch-auszubilden-mit-anja-beran#breadcrumb\"},\"inLanguage\":\"en-US\",\"potentialAction\":[{\"@type\":\"ReadAction\",\"target\":[\"https:\\\/\\\/www.anjaberan.de\\\/produkt\\\/dvd-die-feine-dressur-von-der-kunst-pferde-klassisch-auszubilden-mit-anja-beran\"]}]},{\"@type\":\"ImageObject\",\"inLanguage\":\"en-US\",\"@id\":\"https:\\\/\\\/www.anjaberan.de\\\/produkt\\\/dvd-die-feine-dressur-von-der-kunst-pferde-klassisch-auszubilden-mit-anja-beran#primaryimage\",\"url\":\"https:\\\/\\\/www.anjaberan.de\\\/wp-content\\\/uploads\\\/2018\\\/01\\\/beran-die_feine_dressur_1_dvd_cover.jpg\",\"contentUrl\":\"https:\\\/\\\/www.anjaberan.de\\\/wp-content\\\/uploads\\\/2018\\\/01\\\/beran-die_feine_dressur_1_dvd_cover.jpg\",\"width\":404,\"height\":556},{\"@type\":\"BreadcrumbList\",\"@id\":\"https:\\\/\\\/www.anjaberan.de\\\/produkt\\\/dvd-die-feine-dressur-von-der-kunst-pferde-klassisch-auszubilden-mit-anja-beran#breadcrumb\",\"itemListElement\":[{\"@type\":\"ListItem\",\"position\":1,\"name\":\"Startseite\",\"item\":\"https:\\\/\\\/www.anjaberan.de\\\/en\"},{\"@type\":\"ListItem\",\"position\":2,\"name\":\"Shop\",\"item\":\"https:\\\/\\\/www.anjaberan.de\\\/en\\\/shop\"},{\"@type\":\"ListItem\",\"position\":3,\"name\":\"DVD Die feine Dressur &#8211; Von der Kunst Pferde klassisch auszubilden mit Anja Beran\"}]},{\"@type\":\"WebSite\",\"@id\":\"https:\\\/\\\/www.anjaberan.de\\\/#website\",\"url\":\"https:\\\/\\\/www.anjaberan.de\\\/\",\"name\":\"Anja Beran\",\"description\":\"\",\"potentialAction\":[{\"@type\":\"SearchAction\",\"target\":{\"@type\":\"EntryPoint\",\"urlTemplate\":\"https:\\\/\\\/www.anjaberan.de\\\/?s={search_term_string}\"},\"query-input\":{\"@type\":\"PropertyValueSpecification\",\"valueRequired\":true,\"valueName\":\"search_term_string\"}}],\"inLanguage\":\"en-US\"}]}<\/script>\n<!-- \/ Yoast SEO plugin. -->","yoast_head_json":{"title":"DVD Die feine Dressur - Von der Kunst Pferde klassisch auszubilden mit Anja Beran - Anja Beran","robots":{"index":"index","follow":"follow","max-snippet":"max-snippet:-1","max-image-preview":"max-image-preview:large","max-video-preview":"max-video-preview:-1"},"canonical":"https:\/\/www.anjaberan.de\/produkt\/dvd-die-feine-dressur-von-der-kunst-pferde-klassisch-auszubilden-mit-anja-beran","og_locale":"en_US","og_type":"article","og_title":"DVD Die feine Dressur - Von der Kunst Pferde klassisch auszubilden mit Anja Beran - Anja Beran","og_description":"Unsere Empfehlung: Aktuelle Lehrfilme von Anja Beran finden Sie jetzt auf der Onlinekurs-Platform elopage &gt;&gt; https:\/\/elopage.com\/s\/AnjaBeran DVD Die feine Dressur \u2013 Von der Kunst Pferde klassisch auszubilden Dieser Film soll den Reitern ein anderes Verst\u00e4ndnis f\u00fcr Dressur vermitteln und deutlich machen: die Dressur ist f\u00fcr das Pferd da und nicht read more...","og_url":"https:\/\/www.anjaberan.de\/produkt\/dvd-die-feine-dressur-von-der-kunst-pferde-klassisch-auszubilden-mit-anja-beran","og_site_name":"Anja Beran","article_modified_time":"2021-12-03T18:45:28+00:00","og_image":[{"width":404,"height":556,"url":"https:\/\/www.anjaberan.de\/wp-content\/uploads\/2018\/01\/beran-die_feine_dressur_1_dvd_cover.jpg","type":"image\/jpeg"}],"twitter_card":"summary_large_image","twitter_misc":{"Est. reading time":"1 minute"},"schema":{"@context":"https:\/\/schema.org","@graph":[{"@type":"WebPage","@id":"https:\/\/www.anjaberan.de\/produkt\/dvd-die-feine-dressur-von-der-kunst-pferde-klassisch-auszubilden-mit-anja-beran","url":"https:\/\/www.anjaberan.de\/produkt\/dvd-die-feine-dressur-von-der-kunst-pferde-klassisch-auszubilden-mit-anja-beran","name":"DVD Die feine Dressur - Von der Kunst Pferde klassisch auszubilden mit Anja Beran - Anja Beran","isPartOf":{"@id":"https:\/\/www.anjaberan.de\/#website"},"primaryImageOfPage":{"@id":"https:\/\/www.anjaberan.de\/produkt\/dvd-die-feine-dressur-von-der-kunst-pferde-klassisch-auszubilden-mit-anja-beran#primaryimage"},"image":{"@id":"https:\/\/www.anjaberan.de\/produkt\/dvd-die-feine-dressur-von-der-kunst-pferde-klassisch-auszubilden-mit-anja-beran#primaryimage"},"thumbnailUrl":"https:\/\/www.anjaberan.de\/wp-content\/uploads\/2018\/01\/beran-die_feine_dressur_1_dvd_cover.jpg","datePublished":"2018-01-04T21:54:32+00:00","dateModified":"2021-12-03T18:45:28+00:00","breadcrumb":{"@id":"https:\/\/www.anjaberan.de\/produkt\/dvd-die-feine-dressur-von-der-kunst-pferde-klassisch-auszubilden-mit-anja-beran#breadcrumb"},"inLanguage":"en-US","potentialAction":[{"@type":"ReadAction","target":["https:\/\/www.anjaberan.de\/produkt\/dvd-die-feine-dressur-von-der-kunst-pferde-klassisch-auszubilden-mit-anja-beran"]}]},{"@type":"ImageObject","inLanguage":"en-US","@id":"https:\/\/www.anjaberan.de\/produkt\/dvd-die-feine-dressur-von-der-kunst-pferde-klassisch-auszubilden-mit-anja-beran#primaryimage","url":"https:\/\/www.anjaberan.de\/wp-content\/uploads\/2018\/01\/beran-die_feine_dressur_1_dvd_cover.jpg","contentUrl":"https:\/\/www.anjaberan.de\/wp-content\/uploads\/2018\/01\/beran-die_feine_dressur_1_dvd_cover.jpg","width":404,"height":556},{"@type":"BreadcrumbList","@id":"https:\/\/www.anjaberan.de\/produkt\/dvd-die-feine-dressur-von-der-kunst-pferde-klassisch-auszubilden-mit-anja-beran#breadcrumb","itemListElement":[{"@type":"ListItem","position":1,"name":"Startseite","item":"https:\/\/www.anjaberan.de\/en"},{"@type":"ListItem","position":2,"name":"Shop","item":"https:\/\/www.anjaberan.de\/en\/shop"},{"@type":"ListItem","position":3,"name":"DVD Die feine Dressur &#8211; Von der Kunst Pferde klassisch auszubilden mit Anja Beran"}]},{"@type":"WebSite","@id":"https:\/\/www.anjaberan.de\/#website","url":"https:\/\/www.anjaberan.de\/","name":"Anja Beran","description":"","potentialAction":[{"@type":"SearchAction","target":{"@type":"EntryPoint","urlTemplate":"https:\/\/www.anjaberan.de\/?s={search_term_string}"},"query-input":{"@type":"PropertyValueSpecification","valueRequired":true,"valueName":"search_term_string"}}],"inLanguage":"en-US"}]}},"_links":{"self":[{"href":"https:\/\/www.anjaberan.de\/en\/wp-json\/wp\/v2\/product\/2415","targetHints":{"allow":["GET"]}}],"collection":[{"href":"https:\/\/www.anjaberan.de\/en\/wp-json\/wp\/v2\/product"}],"about":[{"href":"https:\/\/www.anjaberan.de\/en\/wp-json\/wp\/v2\/types\/product"}],"replies":[{"embeddable":true,"href":"https:\/\/www.anjaberan.de\/en\/wp-json\/wp\/v2\/comments?post=2415"}],"wp:featuredmedia":[{"embeddable":true,"href":"https:\/\/www.anjaberan.de\/en\/wp-json\/wp\/v2\/media\/3905"}],"wp:attachment":[{"href":"https:\/\/www.anjaberan.de\/en\/wp-json\/wp\/v2\/media?parent=2415"}],"wp:term":[{"taxonomy":"product_cat","embeddable":true,"href":"https:\/\/www.anjaberan.de\/en\/wp-json\/wp\/v2\/product_cat?post=2415"},{"taxonomy":"product_tag","embeddable":true,"href":"https:\/\/www.anjaberan.de\/en\/wp-json\/wp\/v2\/product_tag?post=2415"}],"curies":[{"name":"wp","href":"https:\/\/api.w.org\/{rel}","templated":true}]}}