{"id":2418,"date":"2018-01-04T23:02:43","date_gmt":"2018-01-04T22:02:43","guid":{"rendered":"http:\/\/www.anjaberan.de\/?post_type=product&#038;p=2418"},"modified":"2021-12-03T19:45:12","modified_gmt":"2021-12-03T18:45:12","slug":"dvd-die-feine-dressur-3-schulung-in-hoeheren-lektionen-mit-anja-beran","status":"publish","type":"product","link":"https:\/\/www.anjaberan.de\/en\/produkt\/dvd-die-feine-dressur-3-schulung-in-hoeheren-lektionen-mit-anja-beran","title":{"rendered":"DVD Die feine Dressur 3 &#8211; Schulung in h\u00f6heren Lektionen mit Anja Beran"},"content":{"rendered":"<h3>Unsere Empfehlung:<\/h3>\n<p>Aktuelle Lehrfilme von Anja Beran finden Sie jetzt auf der Onlinekurs-Platform elopage <a href=\"https:\/\/elopage.com\/s\/AnjaBeran\" target=\"_blank\" rel=\"noopener noreferrer\">&gt;&gt; https:\/\/elopage.com\/s\/AnjaBeran<\/a><\/p>\n<h4>DVD Die feine Dressur 3 \u2013 Schulung in h\u00f6heren Lektionen<\/h4>\n<p>Hat das Pferd eine gute Basis durch die Grundausbildung erhalten, steht die Gymnastizierung im Vordergrund. In dritten Filmteil zeigt Anja Beran gemeinsam mit ihrem Mentor Manuel Jorge de Oliveira, wie das fortgeschrittene Pferd in die h\u00f6heren Lektionen der klassischen Reitkunst hineinw\u00e4chst. Auch auf Schwierigkeiten in der Ausbildung, wie zum Beispiel die nat\u00fcrliche Schiefe wird eingegangen. Die Dressur ist f\u00fcr das Pferd da und nicht das Pferd f\u00fcr die Dressur. Das Gesamtkonzept dieser DVD Serie m\u00f6chte ein besseres Verst\u00e4ndnis f\u00fcr eine pferdegerechte Ausbildung erreichen. Durch korrektes Reiten wird ein wesentlicher Beitrag zur Gesunderhaltung des Pferdes geleistet. Diese biomechanischen Aspekte erl\u00e4utert die Tier\u00e4rztin Frau Dr. vet. Matilda Holmer-Rattenhuber.<br \/>\nBonusmaterial: Weiterentwicklung des westf\u00e4lichen Wallachs &#8220;Flamingo&#8221;<\/p>\n<p>Erscheinungstermin: 2. Juni 2009<br \/>\nSpieldauer: 80 Minuten<\/p>\n<p>ISBN 978-3-939547-32-7<br \/>\nASIN: B001QE8L6Y<\/p>\n<p>&nbsp;<\/p>\n<p>&nbsp;<\/p>\n<p>&nbsp;<\/p>\n<p>&nbsp;<\/p>\n<p>&nbsp;<\/p>\n","protected":false},"excerpt":{"rendered":"<p>Unsere Empfehlung: Aktuelle Lehrfilme von Anja Beran finden Sie jetzt auf der Onlinekurs-Platform elopage &gt;&gt; https:\/\/elopage.com\/s\/AnjaBeran DVD Die feine Dressur 3 \u2013 Schulung in h\u00f6heren Lektionen Hat das Pferd eine gute Basis durch die Grundausbildung erhalten, steht die Gymnastizierung im Vordergrund. In dritten Filmteil zeigt Anja Beran gemeinsam mit ihrem <a class=\"moretag\" href=\"https:\/\/www.anjaberan.de\/en\/produkt\/dvd-die-feine-dressur-3-schulung-in-hoeheren-lektionen-mit-anja-beran\">read more&#8230;<\/a><\/p>\n","protected":false},"featured_media":3906,"comment_status":"open","ping_status":"closed","template":"","meta":{"_acf_changed":false},"product_cat":[],"product_tag":[94,95,98,97,106,100,96,107],"class_list":{"0":"post-2418","1":"product","2":"type-product","3":"status-publish","4":"has-post-thumbnail","6":"product_tag-anja","7":"product_tag-beran","8":"product_tag-dressur","9":"product_tag-klassische-dressur","10":"product_tag-lehrfilm","11":"product_tag-reitkunst","12":"product_tag-reitlehre","13":"product_tag-reitvideo","15":"first","16":"outofstock","17":"taxable","18":"shipping-taxable","19":"purchasable","20":"product-type-simple"},"acf":[],"yoast_head":"<!-- This site is optimized with the Yoast SEO plugin v27.5 - https:\/\/yoast.com\/product\/yoast-seo-wordpress\/ -->\n<title>DVD Die feine Dressur 3 - Schulung in h\u00f6heren Lektionen mit Anja Beran - Anja Beran<\/title>\n<meta name=\"robots\" content=\"index, follow, max-snippet:-1, max-image-preview:large, max-video-preview:-1\" \/>\n<link rel=\"canonical\" href=\"https:\/\/www.anjaberan.de\/produkt\/dvd-die-feine-dressur-3-schulung-in-hoeheren-lektionen-mit-anja-beran\" \/>\n<meta property=\"og:locale\" content=\"en_US\" \/>\n<meta property=\"og:type\" content=\"article\" \/>\n<meta property=\"og:title\" content=\"DVD Die feine Dressur 3 - Schulung in h\u00f6heren Lektionen mit Anja Beran - Anja Beran\" \/>\n<meta property=\"og:description\" content=\"Unsere Empfehlung: Aktuelle Lehrfilme von Anja Beran finden Sie jetzt auf der Onlinekurs-Platform elopage &gt;&gt; https:\/\/elopage.com\/s\/AnjaBeran DVD Die feine Dressur 3 \u2013 Schulung in h\u00f6heren Lektionen Hat das Pferd eine gute Basis durch die Grundausbildung erhalten, steht die Gymnastizierung im Vordergrund. In dritten Filmteil zeigt Anja Beran gemeinsam mit ihrem read more...\" \/>\n<meta property=\"og:url\" content=\"https:\/\/www.anjaberan.de\/produkt\/dvd-die-feine-dressur-3-schulung-in-hoeheren-lektionen-mit-anja-beran\" \/>\n<meta property=\"og:site_name\" content=\"Anja Beran\" \/>\n<meta property=\"article:modified_time\" content=\"2021-12-03T18:45:12+00:00\" \/>\n<meta property=\"og:image\" content=\"https:\/\/www.anjaberan.de\/wp-content\/uploads\/2018\/01\/beran-die_feine_dressur_3_dvd_cover-1.jpg\" \/>\n\t<meta property=\"og:image:width\" content=\"404\" \/>\n\t<meta property=\"og:image:height\" content=\"556\" \/>\n\t<meta property=\"og:image:type\" content=\"image\/jpeg\" \/>\n<meta name=\"twitter:card\" content=\"summary_large_image\" \/>\n<meta name=\"twitter:label1\" content=\"Est. reading time\" \/>\n\t<meta name=\"twitter:data1\" content=\"1 minute\" \/>\n<script type=\"application\/ld+json\" class=\"yoast-schema-graph\">{\"@context\":\"https:\\\/\\\/schema.org\",\"@graph\":[{\"@type\":\"WebPage\",\"@id\":\"https:\\\/\\\/www.anjaberan.de\\\/produkt\\\/dvd-die-feine-dressur-3-schulung-in-hoeheren-lektionen-mit-anja-beran\",\"url\":\"https:\\\/\\\/www.anjaberan.de\\\/produkt\\\/dvd-die-feine-dressur-3-schulung-in-hoeheren-lektionen-mit-anja-beran\",\"name\":\"DVD Die feine Dressur 3 - Schulung in h\u00f6heren Lektionen mit Anja Beran - Anja Beran\",\"isPartOf\":{\"@id\":\"https:\\\/\\\/www.anjaberan.de\\\/#website\"},\"primaryImageOfPage\":{\"@id\":\"https:\\\/\\\/www.anjaberan.de\\\/produkt\\\/dvd-die-feine-dressur-3-schulung-in-hoeheren-lektionen-mit-anja-beran#primaryimage\"},\"image\":{\"@id\":\"https:\\\/\\\/www.anjaberan.de\\\/produkt\\\/dvd-die-feine-dressur-3-schulung-in-hoeheren-lektionen-mit-anja-beran#primaryimage\"},\"thumbnailUrl\":\"https:\\\/\\\/www.anjaberan.de\\\/wp-content\\\/uploads\\\/2018\\\/01\\\/beran-die_feine_dressur_3_dvd_cover-1.jpg\",\"datePublished\":\"2018-01-04T22:02:43+00:00\",\"dateModified\":\"2021-12-03T18:45:12+00:00\",\"breadcrumb\":{\"@id\":\"https:\\\/\\\/www.anjaberan.de\\\/produkt\\\/dvd-die-feine-dressur-3-schulung-in-hoeheren-lektionen-mit-anja-beran#breadcrumb\"},\"inLanguage\":\"en-US\",\"potentialAction\":[{\"@type\":\"ReadAction\",\"target\":[\"https:\\\/\\\/www.anjaberan.de\\\/produkt\\\/dvd-die-feine-dressur-3-schulung-in-hoeheren-lektionen-mit-anja-beran\"]}]},{\"@type\":\"ImageObject\",\"inLanguage\":\"en-US\",\"@id\":\"https:\\\/\\\/www.anjaberan.de\\\/produkt\\\/dvd-die-feine-dressur-3-schulung-in-hoeheren-lektionen-mit-anja-beran#primaryimage\",\"url\":\"https:\\\/\\\/www.anjaberan.de\\\/wp-content\\\/uploads\\\/2018\\\/01\\\/beran-die_feine_dressur_3_dvd_cover-1.jpg\",\"contentUrl\":\"https:\\\/\\\/www.anjaberan.de\\\/wp-content\\\/uploads\\\/2018\\\/01\\\/beran-die_feine_dressur_3_dvd_cover-1.jpg\",\"width\":404,\"height\":556},{\"@type\":\"BreadcrumbList\",\"@id\":\"https:\\\/\\\/www.anjaberan.de\\\/produkt\\\/dvd-die-feine-dressur-3-schulung-in-hoeheren-lektionen-mit-anja-beran#breadcrumb\",\"itemListElement\":[{\"@type\":\"ListItem\",\"position\":1,\"name\":\"Startseite\",\"item\":\"https:\\\/\\\/www.anjaberan.de\\\/en\"},{\"@type\":\"ListItem\",\"position\":2,\"name\":\"Shop\",\"item\":\"https:\\\/\\\/www.anjaberan.de\\\/en\\\/shop\"},{\"@type\":\"ListItem\",\"position\":3,\"name\":\"DVD Die feine Dressur 3 &#8211; Schulung in h\u00f6heren Lektionen mit Anja Beran\"}]},{\"@type\":\"WebSite\",\"@id\":\"https:\\\/\\\/www.anjaberan.de\\\/#website\",\"url\":\"https:\\\/\\\/www.anjaberan.de\\\/\",\"name\":\"Anja Beran\",\"description\":\"\",\"potentialAction\":[{\"@type\":\"SearchAction\",\"target\":{\"@type\":\"EntryPoint\",\"urlTemplate\":\"https:\\\/\\\/www.anjaberan.de\\\/?s={search_term_string}\"},\"query-input\":{\"@type\":\"PropertyValueSpecification\",\"valueRequired\":true,\"valueName\":\"search_term_string\"}}],\"inLanguage\":\"en-US\"}]}<\/script>\n<!-- \/ Yoast SEO plugin. -->","yoast_head_json":{"title":"DVD Die feine Dressur 3 - Schulung in h\u00f6heren Lektionen mit Anja Beran - Anja Beran","robots":{"index":"index","follow":"follow","max-snippet":"max-snippet:-1","max-image-preview":"max-image-preview:large","max-video-preview":"max-video-preview:-1"},"canonical":"https:\/\/www.anjaberan.de\/produkt\/dvd-die-feine-dressur-3-schulung-in-hoeheren-lektionen-mit-anja-beran","og_locale":"en_US","og_type":"article","og_title":"DVD Die feine Dressur 3 - Schulung in h\u00f6heren Lektionen mit Anja Beran - Anja Beran","og_description":"Unsere Empfehlung: Aktuelle Lehrfilme von Anja Beran finden Sie jetzt auf der Onlinekurs-Platform elopage &gt;&gt; https:\/\/elopage.com\/s\/AnjaBeran DVD Die feine Dressur 3 \u2013 Schulung in h\u00f6heren Lektionen Hat das Pferd eine gute Basis durch die Grundausbildung erhalten, steht die Gymnastizierung im Vordergrund. In dritten Filmteil zeigt Anja Beran gemeinsam mit ihrem read more...","og_url":"https:\/\/www.anjaberan.de\/produkt\/dvd-die-feine-dressur-3-schulung-in-hoeheren-lektionen-mit-anja-beran","og_site_name":"Anja Beran","article_modified_time":"2021-12-03T18:45:12+00:00","og_image":[{"width":404,"height":556,"url":"https:\/\/www.anjaberan.de\/wp-content\/uploads\/2018\/01\/beran-die_feine_dressur_3_dvd_cover-1.jpg","type":"image\/jpeg"}],"twitter_card":"summary_large_image","twitter_misc":{"Est. reading time":"1 minute"},"schema":{"@context":"https:\/\/schema.org","@graph":[{"@type":"WebPage","@id":"https:\/\/www.anjaberan.de\/produkt\/dvd-die-feine-dressur-3-schulung-in-hoeheren-lektionen-mit-anja-beran","url":"https:\/\/www.anjaberan.de\/produkt\/dvd-die-feine-dressur-3-schulung-in-hoeheren-lektionen-mit-anja-beran","name":"DVD Die feine Dressur 3 - Schulung in h\u00f6heren Lektionen mit Anja Beran - Anja Beran","isPartOf":{"@id":"https:\/\/www.anjaberan.de\/#website"},"primaryImageOfPage":{"@id":"https:\/\/www.anjaberan.de\/produkt\/dvd-die-feine-dressur-3-schulung-in-hoeheren-lektionen-mit-anja-beran#primaryimage"},"image":{"@id":"https:\/\/www.anjaberan.de\/produkt\/dvd-die-feine-dressur-3-schulung-in-hoeheren-lektionen-mit-anja-beran#primaryimage"},"thumbnailUrl":"https:\/\/www.anjaberan.de\/wp-content\/uploads\/2018\/01\/beran-die_feine_dressur_3_dvd_cover-1.jpg","datePublished":"2018-01-04T22:02:43+00:00","dateModified":"2021-12-03T18:45:12+00:00","breadcrumb":{"@id":"https:\/\/www.anjaberan.de\/produkt\/dvd-die-feine-dressur-3-schulung-in-hoeheren-lektionen-mit-anja-beran#breadcrumb"},"inLanguage":"en-US","potentialAction":[{"@type":"ReadAction","target":["https:\/\/www.anjaberan.de\/produkt\/dvd-die-feine-dressur-3-schulung-in-hoeheren-lektionen-mit-anja-beran"]}]},{"@type":"ImageObject","inLanguage":"en-US","@id":"https:\/\/www.anjaberan.de\/produkt\/dvd-die-feine-dressur-3-schulung-in-hoeheren-lektionen-mit-anja-beran#primaryimage","url":"https:\/\/www.anjaberan.de\/wp-content\/uploads\/2018\/01\/beran-die_feine_dressur_3_dvd_cover-1.jpg","contentUrl":"https:\/\/www.anjaberan.de\/wp-content\/uploads\/2018\/01\/beran-die_feine_dressur_3_dvd_cover-1.jpg","width":404,"height":556},{"@type":"BreadcrumbList","@id":"https:\/\/www.anjaberan.de\/produkt\/dvd-die-feine-dressur-3-schulung-in-hoeheren-lektionen-mit-anja-beran#breadcrumb","itemListElement":[{"@type":"ListItem","position":1,"name":"Startseite","item":"https:\/\/www.anjaberan.de\/en"},{"@type":"ListItem","position":2,"name":"Shop","item":"https:\/\/www.anjaberan.de\/en\/shop"},{"@type":"ListItem","position":3,"name":"DVD Die feine Dressur 3 &#8211; Schulung in h\u00f6heren Lektionen mit Anja Beran"}]},{"@type":"WebSite","@id":"https:\/\/www.anjaberan.de\/#website","url":"https:\/\/www.anjaberan.de\/","name":"Anja Beran","description":"","potentialAction":[{"@type":"SearchAction","target":{"@type":"EntryPoint","urlTemplate":"https:\/\/www.anjaberan.de\/?s={search_term_string}"},"query-input":{"@type":"PropertyValueSpecification","valueRequired":true,"valueName":"search_term_string"}}],"inLanguage":"en-US"}]}},"_links":{"self":[{"href":"https:\/\/www.anjaberan.de\/en\/wp-json\/wp\/v2\/product\/2418","targetHints":{"allow":["GET"]}}],"collection":[{"href":"https:\/\/www.anjaberan.de\/en\/wp-json\/wp\/v2\/product"}],"about":[{"href":"https:\/\/www.anjaberan.de\/en\/wp-json\/wp\/v2\/types\/product"}],"replies":[{"embeddable":true,"href":"https:\/\/www.anjaberan.de\/en\/wp-json\/wp\/v2\/comments?post=2418"}],"wp:featuredmedia":[{"embeddable":true,"href":"https:\/\/www.anjaberan.de\/en\/wp-json\/wp\/v2\/media\/3906"}],"wp:attachment":[{"href":"https:\/\/www.anjaberan.de\/en\/wp-json\/wp\/v2\/media?parent=2418"}],"wp:term":[{"taxonomy":"product_cat","embeddable":true,"href":"https:\/\/www.anjaberan.de\/en\/wp-json\/wp\/v2\/product_cat?post=2418"},{"taxonomy":"product_tag","embeddable":true,"href":"https:\/\/www.anjaberan.de\/en\/wp-json\/wp\/v2\/product_tag?post=2418"}],"curies":[{"name":"wp","href":"https:\/\/api.w.org\/{rel}","templated":true}]}}