{"id":6167,"date":"2018-03-17T01:52:50","date_gmt":"2018-03-17T00:52:50","guid":{"rendered":"https:\/\/www.anjaberan.de?post_type=product&#038;p=6167"},"modified":"2021-12-03T19:43:16","modified_gmt":"2021-12-03T18:43:16","slug":"dvd-le-dressage-en-finesse","status":"publish","type":"product","link":"https:\/\/www.anjaberan.de\/en\/produkt\/dvd-le-dressage-en-finesse","title":{"rendered":"DVD Le Dressage en finesse"},"content":{"rendered":"<h4>DVD Le Dressage en finesse \u2013 Quand l\u2019\u00e9ducation classique des chevaux devient un Art.<\/h4>\n<p>Le but de ce film est d\u2019apporter \u00e0 chaque cavalier une autre compr\u00e9hension du Dressage et de poser comme postulat: le Dressage est fait pour le Cheval et non le Cheval pour le Dressage. Sous la conduite de son mentor Manuel Jorge de Oliveira, l\u2019\u00e9cuy\u00e8re de Dressage classique, Anja Beran nous fait la preuve qu\u2019un Dressage correct peut faire d\u2019un simple cheval de selle, un cheval dress\u00e9. Une bonne musculation, un solide \u00e9quilibre autant que physique en feront un partenaire s\u00fbr de lui et combl\u00e9, tout au long d\u2019une existence bien remplie de cheval.<\/p>\n<p>Anja Beran nous d\u00e9montre tout ce qu\u2019un Dressage bien conduit peut apporter en se basant sur l\u2019observation des faiblesses et des asym\u00e9tries des chevaux, corrig\u00e9s par des exercices cibl\u00e9s destin\u00e9s \u00e0 am\u00e9liorer leur morphologie jusqu\u2019\u00e0 l\u2019obtention de la Gr\u00e2ce, de l\u2019Esth\u00e9tique, de l\u2019Harmonie et de la L\u00e9gert\u00e9.<\/p>\n<p>DVD- Sp\u00e9cial : Flamingo, un exemple parmi tant d\u2019autres.<\/p>\n<p>Depuis pr\u00e8s d\u2019un an, Anja Beran travaille Flamingo, un hongre Wesphalien dont la vie a connu bien des p\u00e9rip\u00e9ties, bonnes et mauvaises. Flamingo est la preuve que cette notion de Dressage en finesse n\u2019est pas l\u2019apanage des chevaux Ib\u00e9riques. Parall\u00e8lement \u00e0 cela , le Docteur V\u00e9t\u00e9rinaire Gerhard Heuschmann, originaire de Warendorf , nous d\u00e9veloppe les divers aspects du savoir m\u00e9dical dans l \u2018\u00e9ducation du Cheval \u00e0 partir des bases classiques.<\/p>\n<p>Anja Ilona Beran a \u00e9t\u00e9 \u00e0 l\u2019\u00e9cole de cet Art de l\u2019Equitation Classique d\u00e9velopp\u00e9 par Manuel Jorge de Oliveira, lui-m\u00eame \u00e9l\u00e9ve du c\u00e9l\u00e9bre Nuno Oliveira. Elle \u00e9duque des chevaux de toutes races de l\u2019\u00e2ge de trois ans jusqu\u2019en Haute Ecole. L\u2019Art de l\u2019Equitation Classique \u00e2g\u00e9 de plusieurs si\u00e9cles est pour cette jeune femme \u00e0 l\u2019origine absolue de tout savoir \u00e9questre et seulement lui , la base de tout autre forme d\u2019Equitation bien comprise.<\/p>\n<p>Dur\u00e9 de ce film : 55 minutes + Le DVD sp\u00e9cial \u00ab Flamingo \u00ab (34 minutes)<\/p>\n<p>Ce film jouit de la protection de la propri\u00e9t\u00e9 cin\u00e9matographique .<\/p>\n<p>Tous droits r\u00e9serv\u00e9s, reproductions et copies sont la propri\u00e9t\u00e9 exclusive de l\u2019auteur.<\/p>\n<p>La copie frauduleuse de ce DVD est rendue impossible par un syst\u00e8me de protection interne.<\/p>\n","protected":false},"excerpt":{"rendered":"<p>Le but de ce film est d\u2019apporter \u00e0 chaque cavalier une autre compr\u00e9hension du Dressage et de poser comme postulat: le Dressage est fait pour le Cheval et non le Cheval pour le Dressage.<\/p>\n","protected":false},"featured_media":6168,"comment_status":"open","ping_status":"closed","template":"","meta":{"_acf_changed":false},"product_cat":[430],"product_tag":[309,310,313,311,337],"class_list":{"0":"post-6167","1":"product","2":"type-product","3":"status-publish","4":"has-post-thumbnail","6":"product_cat-uncategorized-de","7":"product_tag-anja-beran","8":"product_tag-classical-dressage","9":"product_tag-dressage","10":"product_tag-horse-training","11":"product_tag-lequitation-classique","13":"first","14":"outofstock","15":"taxable","16":"shipping-taxable","17":"purchasable","18":"product-type-simple"},"acf":[],"yoast_head":"<!-- This site is optimized with the Yoast SEO plugin v27.5 - https:\/\/yoast.com\/product\/yoast-seo-wordpress\/ -->\n<title>DVD Le Dressage en finesse - Anja Beran<\/title>\n<meta name=\"robots\" content=\"index, follow, max-snippet:-1, max-image-preview:large, max-video-preview:-1\" \/>\n<link rel=\"canonical\" href=\"https:\/\/www.anjaberan.de\/produkt\/dvd-le-dressage-en-finesse\" \/>\n<meta property=\"og:locale\" content=\"en_US\" \/>\n<meta property=\"og:type\" content=\"article\" \/>\n<meta property=\"og:title\" content=\"DVD Le Dressage en finesse - Anja Beran\" \/>\n<meta property=\"og:description\" content=\"Le but de ce film est d\u2019apporter \u00e0 chaque cavalier une autre compr\u00e9hension du Dressage et de poser comme postulat: le Dressage est fait pour le Cheval et non le Cheval pour le Dressage.\" \/>\n<meta property=\"og:url\" content=\"https:\/\/www.anjaberan.de\/produkt\/dvd-le-dressage-en-finesse\" \/>\n<meta property=\"og:site_name\" content=\"Anja Beran\" \/>\n<meta property=\"article:modified_time\" content=\"2021-12-03T18:43:16+00:00\" \/>\n<meta property=\"og:image\" content=\"https:\/\/www.anjaberan.de\/wp-content\/uploads\/2018\/03\/beran-dvd-ledressageenfinesse.jpg\" \/>\n\t<meta property=\"og:image:width\" content=\"404\" \/>\n\t<meta property=\"og:image:height\" content=\"556\" \/>\n\t<meta property=\"og:image:type\" content=\"image\/jpeg\" \/>\n<meta name=\"twitter:card\" content=\"summary_large_image\" \/>\n<meta name=\"twitter:label1\" content=\"Est. reading time\" \/>\n\t<meta name=\"twitter:data1\" content=\"2 minutes\" \/>\n<script type=\"application\/ld+json\" class=\"yoast-schema-graph\">{\"@context\":\"https:\\\/\\\/schema.org\",\"@graph\":[{\"@type\":\"WebPage\",\"@id\":\"https:\\\/\\\/www.anjaberan.de\\\/produkt\\\/dvd-le-dressage-en-finesse\",\"url\":\"https:\\\/\\\/www.anjaberan.de\\\/produkt\\\/dvd-le-dressage-en-finesse\",\"name\":\"DVD Le Dressage en finesse - Anja Beran\",\"isPartOf\":{\"@id\":\"https:\\\/\\\/www.anjaberan.de\\\/#website\"},\"primaryImageOfPage\":{\"@id\":\"https:\\\/\\\/www.anjaberan.de\\\/produkt\\\/dvd-le-dressage-en-finesse#primaryimage\"},\"image\":{\"@id\":\"https:\\\/\\\/www.anjaberan.de\\\/produkt\\\/dvd-le-dressage-en-finesse#primaryimage\"},\"thumbnailUrl\":\"https:\\\/\\\/www.anjaberan.de\\\/wp-content\\\/uploads\\\/2018\\\/03\\\/beran-dvd-ledressageenfinesse.jpg\",\"datePublished\":\"2018-03-17T00:52:50+00:00\",\"dateModified\":\"2021-12-03T18:43:16+00:00\",\"breadcrumb\":{\"@id\":\"https:\\\/\\\/www.anjaberan.de\\\/produkt\\\/dvd-le-dressage-en-finesse#breadcrumb\"},\"inLanguage\":\"en-US\",\"potentialAction\":[{\"@type\":\"ReadAction\",\"target\":[\"https:\\\/\\\/www.anjaberan.de\\\/produkt\\\/dvd-le-dressage-en-finesse\"]}]},{\"@type\":\"ImageObject\",\"inLanguage\":\"en-US\",\"@id\":\"https:\\\/\\\/www.anjaberan.de\\\/produkt\\\/dvd-le-dressage-en-finesse#primaryimage\",\"url\":\"https:\\\/\\\/www.anjaberan.de\\\/wp-content\\\/uploads\\\/2018\\\/03\\\/beran-dvd-ledressageenfinesse.jpg\",\"contentUrl\":\"https:\\\/\\\/www.anjaberan.de\\\/wp-content\\\/uploads\\\/2018\\\/03\\\/beran-dvd-ledressageenfinesse.jpg\",\"width\":404,\"height\":556},{\"@type\":\"BreadcrumbList\",\"@id\":\"https:\\\/\\\/www.anjaberan.de\\\/produkt\\\/dvd-le-dressage-en-finesse#breadcrumb\",\"itemListElement\":[{\"@type\":\"ListItem\",\"position\":1,\"name\":\"Startseite\",\"item\":\"https:\\\/\\\/www.anjaberan.de\\\/en\"},{\"@type\":\"ListItem\",\"position\":2,\"name\":\"Shop\",\"item\":\"https:\\\/\\\/www.anjaberan.de\\\/en\\\/shop\"},{\"@type\":\"ListItem\",\"position\":3,\"name\":\"DVD Le Dressage en finesse\"}]},{\"@type\":\"WebSite\",\"@id\":\"https:\\\/\\\/www.anjaberan.de\\\/#website\",\"url\":\"https:\\\/\\\/www.anjaberan.de\\\/\",\"name\":\"Anja Beran\",\"description\":\"\",\"potentialAction\":[{\"@type\":\"SearchAction\",\"target\":{\"@type\":\"EntryPoint\",\"urlTemplate\":\"https:\\\/\\\/www.anjaberan.de\\\/?s={search_term_string}\"},\"query-input\":{\"@type\":\"PropertyValueSpecification\",\"valueRequired\":true,\"valueName\":\"search_term_string\"}}],\"inLanguage\":\"en-US\"}]}<\/script>\n<!-- \/ Yoast SEO plugin. -->","yoast_head_json":{"title":"DVD Le Dressage en finesse - Anja Beran","robots":{"index":"index","follow":"follow","max-snippet":"max-snippet:-1","max-image-preview":"max-image-preview:large","max-video-preview":"max-video-preview:-1"},"canonical":"https:\/\/www.anjaberan.de\/produkt\/dvd-le-dressage-en-finesse","og_locale":"en_US","og_type":"article","og_title":"DVD Le Dressage en finesse - Anja Beran","og_description":"Le but de ce film est d\u2019apporter \u00e0 chaque cavalier une autre compr\u00e9hension du Dressage et de poser comme postulat: le Dressage est fait pour le Cheval et non le Cheval pour le Dressage.","og_url":"https:\/\/www.anjaberan.de\/produkt\/dvd-le-dressage-en-finesse","og_site_name":"Anja Beran","article_modified_time":"2021-12-03T18:43:16+00:00","og_image":[{"width":404,"height":556,"url":"https:\/\/www.anjaberan.de\/wp-content\/uploads\/2018\/03\/beran-dvd-ledressageenfinesse.jpg","type":"image\/jpeg"}],"twitter_card":"summary_large_image","twitter_misc":{"Est. reading time":"2 minutes"},"schema":{"@context":"https:\/\/schema.org","@graph":[{"@type":"WebPage","@id":"https:\/\/www.anjaberan.de\/produkt\/dvd-le-dressage-en-finesse","url":"https:\/\/www.anjaberan.de\/produkt\/dvd-le-dressage-en-finesse","name":"DVD Le Dressage en finesse - Anja Beran","isPartOf":{"@id":"https:\/\/www.anjaberan.de\/#website"},"primaryImageOfPage":{"@id":"https:\/\/www.anjaberan.de\/produkt\/dvd-le-dressage-en-finesse#primaryimage"},"image":{"@id":"https:\/\/www.anjaberan.de\/produkt\/dvd-le-dressage-en-finesse#primaryimage"},"thumbnailUrl":"https:\/\/www.anjaberan.de\/wp-content\/uploads\/2018\/03\/beran-dvd-ledressageenfinesse.jpg","datePublished":"2018-03-17T00:52:50+00:00","dateModified":"2021-12-03T18:43:16+00:00","breadcrumb":{"@id":"https:\/\/www.anjaberan.de\/produkt\/dvd-le-dressage-en-finesse#breadcrumb"},"inLanguage":"en-US","potentialAction":[{"@type":"ReadAction","target":["https:\/\/www.anjaberan.de\/produkt\/dvd-le-dressage-en-finesse"]}]},{"@type":"ImageObject","inLanguage":"en-US","@id":"https:\/\/www.anjaberan.de\/produkt\/dvd-le-dressage-en-finesse#primaryimage","url":"https:\/\/www.anjaberan.de\/wp-content\/uploads\/2018\/03\/beran-dvd-ledressageenfinesse.jpg","contentUrl":"https:\/\/www.anjaberan.de\/wp-content\/uploads\/2018\/03\/beran-dvd-ledressageenfinesse.jpg","width":404,"height":556},{"@type":"BreadcrumbList","@id":"https:\/\/www.anjaberan.de\/produkt\/dvd-le-dressage-en-finesse#breadcrumb","itemListElement":[{"@type":"ListItem","position":1,"name":"Startseite","item":"https:\/\/www.anjaberan.de\/en"},{"@type":"ListItem","position":2,"name":"Shop","item":"https:\/\/www.anjaberan.de\/en\/shop"},{"@type":"ListItem","position":3,"name":"DVD Le Dressage en finesse"}]},{"@type":"WebSite","@id":"https:\/\/www.anjaberan.de\/#website","url":"https:\/\/www.anjaberan.de\/","name":"Anja Beran","description":"","potentialAction":[{"@type":"SearchAction","target":{"@type":"EntryPoint","urlTemplate":"https:\/\/www.anjaberan.de\/?s={search_term_string}"},"query-input":{"@type":"PropertyValueSpecification","valueRequired":true,"valueName":"search_term_string"}}],"inLanguage":"en-US"}]}},"_links":{"self":[{"href":"https:\/\/www.anjaberan.de\/en\/wp-json\/wp\/v2\/product\/6167","targetHints":{"allow":["GET"]}}],"collection":[{"href":"https:\/\/www.anjaberan.de\/en\/wp-json\/wp\/v2\/product"}],"about":[{"href":"https:\/\/www.anjaberan.de\/en\/wp-json\/wp\/v2\/types\/product"}],"replies":[{"embeddable":true,"href":"https:\/\/www.anjaberan.de\/en\/wp-json\/wp\/v2\/comments?post=6167"}],"wp:featuredmedia":[{"embeddable":true,"href":"https:\/\/www.anjaberan.de\/en\/wp-json\/wp\/v2\/media\/6168"}],"wp:attachment":[{"href":"https:\/\/www.anjaberan.de\/en\/wp-json\/wp\/v2\/media?parent=6167"}],"wp:term":[{"taxonomy":"product_cat","embeddable":true,"href":"https:\/\/www.anjaberan.de\/en\/wp-json\/wp\/v2\/product_cat?post=6167"},{"taxonomy":"product_tag","embeddable":true,"href":"https:\/\/www.anjaberan.de\/en\/wp-json\/wp\/v2\/product_tag?post=6167"}],"curies":[{"name":"wp","href":"https:\/\/api.w.org\/{rel}","templated":true}]}}