{"id":8383,"date":"2018-12-19T01:22:25","date_gmt":"2018-12-19T00:22:25","guid":{"rendered":"https:\/\/www.anjaberan.de\/?post_type=product&#038;p=8383"},"modified":"2020-12-09T23:14:55","modified_gmt":"2020-12-09T22:14:55","slug":"jean-louis-sauvat-kunstdruck-auf-grossleinwand","status":"publish","type":"product","link":"https:\/\/www.anjaberan.de\/en\/produkt\/jean-louis-sauvat-kunstdruck-auf-grossleinwand","title":{"rendered":"Jean-Louis Sauvat  Kunstdruck auf Gro\u00dfleinwand"},"content":{"rendered":"<h2>Cheval en libert\u00e9 1<\/h2>\n<p>Gro\u00dfbilddruck auf Leinwand speziell entwickelt f\u00fcr die Reithalle, unzerreissbar und wasserunempfindlich<br \/>\nFormat: 220cm x 240cm<br \/>\nIm Privatbesitz von Anja Beran, zu sehen in der Reithalle von Gut Rosenhof<\/p>\n<h3>Der K\u00fcnstler \u2013 brillante Werke aus der Welt der Pferde<\/h3>\n<p>Jean-Louis Sauvat (Paris) ist als Maler, Bildhauer, Kunstprofessor und Reiter weltweit ber\u00fchmt geworden durch seine einzigartig lebendigen Kunstwerke von Pferden, die ihn sein Leben lang inspiriert haben. Diese langj\u00e4hrige, intensive Beziehung dr\u00fcckt er mit k\u00fcnstlerischer Virtuosit\u00e4t in Form von Zeichnungen, Skulpturen, monumentalen Bildern, Fresken und auch durch praktizierte &#8220;Art Equ\u00e8stre&#8221; aus.<\/p>\n<p>Die intensiven Lehrjahre bei Nuno Oliveira haben seine Auffassung von der Reitkunst stark gepr\u00e4gt und seinen Blick f\u00fcr das Wesentliche geschult, woraus mehrere Zeichnungen entstanden sind, die auch heute noch die Texte der B\u00fccher von Nuno Oliveira illustrieren. Aus der Zusammenarbeit mit Bartabas in Paris und Versailles entstanden in den letzten Jahre mehrere gro\u00dfe Werke und Fresken, die man in der &#8220;Acad\u00e9mie Equestre de Versailles&#8221; bewundern kann. Jean-Louis Sauvats Pferdebilder sto\u00dfen im In- und Ausland auf gro\u00dfes Interesse.<\/p>\n<p><img loading=\"lazy\" decoding=\"async\" class=\"alignnone  wp-image-12169\" src=\"https:\/\/www.anjaberan.de\/wp-content\/uploads\/2018\/12\/beran-sauvat-artiste-cavalier.jpg\" alt=\"\" width=\"340\" height=\"302\" srcset=\"https:\/\/www.anjaberan.de\/wp-content\/uploads\/2018\/12\/beran-sauvat-artiste-cavalier.jpg 467w, https:\/\/www.anjaberan.de\/wp-content\/uploads\/2018\/12\/beran-sauvat-artiste-cavalier-300x266.jpg 300w\" sizes=\"auto, (max-width: 340px) 100vw, 340px\" \/>\u00a0 <img loading=\"lazy\" decoding=\"async\" class=\"alignnone  wp-image-12171\" src=\"https:\/\/www.anjaberan.de\/wp-content\/uploads\/2018\/12\/beran-chevaux-sauvat-bartabas.jpg\" alt=\"\" width=\"351\" height=\"303\" srcset=\"https:\/\/www.anjaberan.de\/wp-content\/uploads\/2018\/12\/beran-chevaux-sauvat-bartabas.jpg 500w, https:\/\/www.anjaberan.de\/wp-content\/uploads\/2018\/12\/beran-chevaux-sauvat-bartabas-300x259.jpg 300w\" sizes=\"auto, (max-width: 351px) 100vw, 351px\" \/><\/p>\n<p><span class=\"ff-haboro-norm-bold red\">Die Werke von Jean-Louis Sauvat k\u00f6nnen \u00fcber Martina VAN DEN ESCH erworben werden.<\/span><br \/>\n<span class=\"ff-haboro-norm-bold red\">Kontakt: Atelier SAUVAT \/ 0033-(0)-6 67 72 52 11<\/span><br \/>\n<span class=\"ff-haboro-norm-bold red\">Mail: <\/span><a href=\"&#109;&#x61;&#105;&#x6c;&#116;&#x6f;&#58;&#x61;r&#x74;s&#x2e;n&#x61;t&#117;&#x72;&#101;&#x40;&#119;&#x61;&#110;&#x61;&#100;&#x6f;o&#x2e;f&#x72;\"><span class=\"ff-haboro-norm-bold red\">a&#114;&#x74;&#x73;&#x2e;n&#97;&#116;&#x75;&#x72;e&#64;&#119;&#x61;&#x6e;ad&#111;&#x6f;&#x2e;&#x66;r<\/span><\/a><\/p>\n","protected":false},"excerpt":{"rendered":"<p>Cheval en libert\u00e9 1 Gro\u00dfbilddruck auf Leinwand speziell entwickelt f\u00fcr die Reithalle, unzerreissbar und wasserunempfindlich Format: 220cm x 240cm Im Privatbesitz von Anja Beran, zu sehen in der Reithalle von Gut Rosenhof Der K\u00fcnstler \u2013 brillante Werke aus der Welt der Pferde Jean-Louis Sauvat (Paris) ist als Maler, Bildhauer, Kunstprofessor <a class=\"moretag\" href=\"https:\/\/www.anjaberan.de\/en\/produkt\/jean-louis-sauvat-kunstdruck-auf-grossleinwand\">read more&#8230;<\/a><\/p>\n","protected":false},"featured_media":8384,"comment_status":"open","ping_status":"closed","template":"","meta":{"_acf_changed":false},"product_cat":[77],"product_tag":[477,480,478,479],"class_list":{"0":"post-8383","1":"product","2":"type-product","3":"status-publish","4":"has-post-thumbnail","6":"product_cat-anja-beran-kunst-pferdemalerei-pferdeportrait","7":"product_tag-jean-louis-sauvat","8":"product_tag-nuno-oliveira","9":"product_tag-pferdemalerei","10":"product_tag-pferdezeichnung","12":"first","13":"outofstock","14":"taxable","15":"shipping-taxable","16":"purchasable","17":"product-type-simple"},"acf":[],"yoast_head":"<!-- This site is optimized with the Yoast SEO plugin v27.4 - https:\/\/yoast.com\/product\/yoast-seo-wordpress\/ -->\n<title>Jean-Louis Sauvat Kunstdruck auf Gro\u00dfleinwand - Anja Beran<\/title>\n<meta name=\"robots\" content=\"index, follow, max-snippet:-1, max-image-preview:large, max-video-preview:-1\" \/>\n<link rel=\"canonical\" href=\"https:\/\/www.anjaberan.de\/produkt\/jean-louis-sauvat-kunstdruck-auf-grossleinwand\" \/>\n<meta property=\"og:locale\" content=\"en_US\" \/>\n<meta property=\"og:type\" content=\"article\" \/>\n<meta property=\"og:title\" content=\"Jean-Louis Sauvat Kunstdruck auf Gro\u00dfleinwand - Anja Beran\" \/>\n<meta property=\"og:description\" content=\"Cheval en libert\u00e9 1 Gro\u00dfbilddruck auf Leinwand speziell entwickelt f\u00fcr die Reithalle, unzerreissbar und wasserunempfindlich Format: 220cm x 240cm Im Privatbesitz von Anja Beran, zu sehen in der Reithalle von Gut Rosenhof Der K\u00fcnstler \u2013 brillante Werke aus der Welt der Pferde Jean-Louis Sauvat (Paris) ist als Maler, Bildhauer, Kunstprofessor read more...\" \/>\n<meta property=\"og:url\" content=\"https:\/\/www.anjaberan.de\/produkt\/jean-louis-sauvat-kunstdruck-auf-grossleinwand\" \/>\n<meta property=\"og:site_name\" content=\"Anja Beran\" \/>\n<meta property=\"article:modified_time\" content=\"2020-12-09T22:14:55+00:00\" \/>\n<meta property=\"og:image\" content=\"https:\/\/www.anjaberan.de\/wp-content\/uploads\/2018\/12\/chevalenliberte_1.jpg\" \/>\n\t<meta property=\"og:image:width\" content=\"770\" \/>\n\t<meta property=\"og:image:height\" content=\"920\" \/>\n\t<meta property=\"og:image:type\" content=\"image\/jpeg\" \/>\n<meta name=\"twitter:card\" content=\"summary_large_image\" \/>\n<meta name=\"twitter:label1\" content=\"Est. reading time\" \/>\n\t<meta name=\"twitter:data1\" content=\"1 minute\" \/>\n<script type=\"application\/ld+json\" class=\"yoast-schema-graph\">{\"@context\":\"https:\\\/\\\/schema.org\",\"@graph\":[{\"@type\":\"WebPage\",\"@id\":\"https:\\\/\\\/www.anjaberan.de\\\/produkt\\\/jean-louis-sauvat-kunstdruck-auf-grossleinwand\",\"url\":\"https:\\\/\\\/www.anjaberan.de\\\/produkt\\\/jean-louis-sauvat-kunstdruck-auf-grossleinwand\",\"name\":\"Jean-Louis Sauvat Kunstdruck auf Gro\u00dfleinwand - Anja Beran\",\"isPartOf\":{\"@id\":\"https:\\\/\\\/www.anjaberan.de\\\/#website\"},\"primaryImageOfPage\":{\"@id\":\"https:\\\/\\\/www.anjaberan.de\\\/produkt\\\/jean-louis-sauvat-kunstdruck-auf-grossleinwand#primaryimage\"},\"image\":{\"@id\":\"https:\\\/\\\/www.anjaberan.de\\\/produkt\\\/jean-louis-sauvat-kunstdruck-auf-grossleinwand#primaryimage\"},\"thumbnailUrl\":\"https:\\\/\\\/www.anjaberan.de\\\/wp-content\\\/uploads\\\/2018\\\/12\\\/chevalenliberte_1.jpg\",\"datePublished\":\"2018-12-19T00:22:25+00:00\",\"dateModified\":\"2020-12-09T22:14:55+00:00\",\"breadcrumb\":{\"@id\":\"https:\\\/\\\/www.anjaberan.de\\\/produkt\\\/jean-louis-sauvat-kunstdruck-auf-grossleinwand#breadcrumb\"},\"inLanguage\":\"en-US\",\"potentialAction\":[{\"@type\":\"ReadAction\",\"target\":[\"https:\\\/\\\/www.anjaberan.de\\\/produkt\\\/jean-louis-sauvat-kunstdruck-auf-grossleinwand\"]}]},{\"@type\":\"ImageObject\",\"inLanguage\":\"en-US\",\"@id\":\"https:\\\/\\\/www.anjaberan.de\\\/produkt\\\/jean-louis-sauvat-kunstdruck-auf-grossleinwand#primaryimage\",\"url\":\"https:\\\/\\\/www.anjaberan.de\\\/wp-content\\\/uploads\\\/2018\\\/12\\\/chevalenliberte_1.jpg\",\"contentUrl\":\"https:\\\/\\\/www.anjaberan.de\\\/wp-content\\\/uploads\\\/2018\\\/12\\\/chevalenliberte_1.jpg\",\"width\":770,\"height\":920,\"caption\":\"Cheval en liberte\u0301 1 \u2013 Druck auf Gro\u00dfleinwand von Jean-Louis Sauvat\"},{\"@type\":\"BreadcrumbList\",\"@id\":\"https:\\\/\\\/www.anjaberan.de\\\/produkt\\\/jean-louis-sauvat-kunstdruck-auf-grossleinwand#breadcrumb\",\"itemListElement\":[{\"@type\":\"ListItem\",\"position\":1,\"name\":\"Startseite\",\"item\":\"https:\\\/\\\/www.anjaberan.de\\\/en\"},{\"@type\":\"ListItem\",\"position\":2,\"name\":\"Shop\",\"item\":\"https:\\\/\\\/www.anjaberan.de\\\/en\\\/shop\"},{\"@type\":\"ListItem\",\"position\":3,\"name\":\"Jean-Louis Sauvat Kunstdruck auf Gro\u00dfleinwand\"}]},{\"@type\":\"WebSite\",\"@id\":\"https:\\\/\\\/www.anjaberan.de\\\/#website\",\"url\":\"https:\\\/\\\/www.anjaberan.de\\\/\",\"name\":\"Anja Beran\",\"description\":\"\",\"potentialAction\":[{\"@type\":\"SearchAction\",\"target\":{\"@type\":\"EntryPoint\",\"urlTemplate\":\"https:\\\/\\\/www.anjaberan.de\\\/?s={search_term_string}\"},\"query-input\":{\"@type\":\"PropertyValueSpecification\",\"valueRequired\":true,\"valueName\":\"search_term_string\"}}],\"inLanguage\":\"en-US\"}]}<\/script>\n<!-- \/ Yoast SEO plugin. -->","yoast_head_json":{"title":"Jean-Louis Sauvat Kunstdruck auf Gro\u00dfleinwand - Anja Beran","robots":{"index":"index","follow":"follow","max-snippet":"max-snippet:-1","max-image-preview":"max-image-preview:large","max-video-preview":"max-video-preview:-1"},"canonical":"https:\/\/www.anjaberan.de\/produkt\/jean-louis-sauvat-kunstdruck-auf-grossleinwand","og_locale":"en_US","og_type":"article","og_title":"Jean-Louis Sauvat Kunstdruck auf Gro\u00dfleinwand - Anja Beran","og_description":"Cheval en libert\u00e9 1 Gro\u00dfbilddruck auf Leinwand speziell entwickelt f\u00fcr die Reithalle, unzerreissbar und wasserunempfindlich Format: 220cm x 240cm Im Privatbesitz von Anja Beran, zu sehen in der Reithalle von Gut Rosenhof Der K\u00fcnstler \u2013 brillante Werke aus der Welt der Pferde Jean-Louis Sauvat (Paris) ist als Maler, Bildhauer, Kunstprofessor read more...","og_url":"https:\/\/www.anjaberan.de\/produkt\/jean-louis-sauvat-kunstdruck-auf-grossleinwand","og_site_name":"Anja Beran","article_modified_time":"2020-12-09T22:14:55+00:00","og_image":[{"width":770,"height":920,"url":"https:\/\/www.anjaberan.de\/wp-content\/uploads\/2018\/12\/chevalenliberte_1.jpg","type":"image\/jpeg"}],"twitter_card":"summary_large_image","twitter_misc":{"Est. reading time":"1 minute"},"schema":{"@context":"https:\/\/schema.org","@graph":[{"@type":"WebPage","@id":"https:\/\/www.anjaberan.de\/produkt\/jean-louis-sauvat-kunstdruck-auf-grossleinwand","url":"https:\/\/www.anjaberan.de\/produkt\/jean-louis-sauvat-kunstdruck-auf-grossleinwand","name":"Jean-Louis Sauvat Kunstdruck auf Gro\u00dfleinwand - Anja Beran","isPartOf":{"@id":"https:\/\/www.anjaberan.de\/#website"},"primaryImageOfPage":{"@id":"https:\/\/www.anjaberan.de\/produkt\/jean-louis-sauvat-kunstdruck-auf-grossleinwand#primaryimage"},"image":{"@id":"https:\/\/www.anjaberan.de\/produkt\/jean-louis-sauvat-kunstdruck-auf-grossleinwand#primaryimage"},"thumbnailUrl":"https:\/\/www.anjaberan.de\/wp-content\/uploads\/2018\/12\/chevalenliberte_1.jpg","datePublished":"2018-12-19T00:22:25+00:00","dateModified":"2020-12-09T22:14:55+00:00","breadcrumb":{"@id":"https:\/\/www.anjaberan.de\/produkt\/jean-louis-sauvat-kunstdruck-auf-grossleinwand#breadcrumb"},"inLanguage":"en-US","potentialAction":[{"@type":"ReadAction","target":["https:\/\/www.anjaberan.de\/produkt\/jean-louis-sauvat-kunstdruck-auf-grossleinwand"]}]},{"@type":"ImageObject","inLanguage":"en-US","@id":"https:\/\/www.anjaberan.de\/produkt\/jean-louis-sauvat-kunstdruck-auf-grossleinwand#primaryimage","url":"https:\/\/www.anjaberan.de\/wp-content\/uploads\/2018\/12\/chevalenliberte_1.jpg","contentUrl":"https:\/\/www.anjaberan.de\/wp-content\/uploads\/2018\/12\/chevalenliberte_1.jpg","width":770,"height":920,"caption":"Cheval en liberte\u0301 1 \u2013 Druck auf Gro\u00dfleinwand von Jean-Louis Sauvat"},{"@type":"BreadcrumbList","@id":"https:\/\/www.anjaberan.de\/produkt\/jean-louis-sauvat-kunstdruck-auf-grossleinwand#breadcrumb","itemListElement":[{"@type":"ListItem","position":1,"name":"Startseite","item":"https:\/\/www.anjaberan.de\/en"},{"@type":"ListItem","position":2,"name":"Shop","item":"https:\/\/www.anjaberan.de\/en\/shop"},{"@type":"ListItem","position":3,"name":"Jean-Louis Sauvat Kunstdruck auf Gro\u00dfleinwand"}]},{"@type":"WebSite","@id":"https:\/\/www.anjaberan.de\/#website","url":"https:\/\/www.anjaberan.de\/","name":"Anja Beran","description":"","potentialAction":[{"@type":"SearchAction","target":{"@type":"EntryPoint","urlTemplate":"https:\/\/www.anjaberan.de\/?s={search_term_string}"},"query-input":{"@type":"PropertyValueSpecification","valueRequired":true,"valueName":"search_term_string"}}],"inLanguage":"en-US"}]}},"_links":{"self":[{"href":"https:\/\/www.anjaberan.de\/en\/wp-json\/wp\/v2\/product\/8383","targetHints":{"allow":["GET"]}}],"collection":[{"href":"https:\/\/www.anjaberan.de\/en\/wp-json\/wp\/v2\/product"}],"about":[{"href":"https:\/\/www.anjaberan.de\/en\/wp-json\/wp\/v2\/types\/product"}],"replies":[{"embeddable":true,"href":"https:\/\/www.anjaberan.de\/en\/wp-json\/wp\/v2\/comments?post=8383"}],"wp:featuredmedia":[{"embeddable":true,"href":"https:\/\/www.anjaberan.de\/en\/wp-json\/wp\/v2\/media\/8384"}],"wp:attachment":[{"href":"https:\/\/www.anjaberan.de\/en\/wp-json\/wp\/v2\/media?parent=8383"}],"wp:term":[{"taxonomy":"product_cat","embeddable":true,"href":"https:\/\/www.anjaberan.de\/en\/wp-json\/wp\/v2\/product_cat?post=8383"},{"taxonomy":"product_tag","embeddable":true,"href":"https:\/\/www.anjaberan.de\/en\/wp-json\/wp\/v2\/product_tag?post=8383"}],"curies":[{"name":"wp","href":"https:\/\/api.w.org\/{rel}","templated":true}]}}